{"id":688,"date":"2023-12-06T10:28:51","date_gmt":"2023-12-06T09:28:51","guid":{"rendered":"https:\/\/reisrobotics.com\/reis-robotics-whistleblowing-system\/"},"modified":"2026-03-23T13:18:36","modified_gmt":"2026-03-23T12:18:36","slug":"reis-robotics-hinweisgebersystem","status":"publish","type":"page","link":"https:\/\/reisrobotics.com\/de\/reis-robotics-hinweisgebersystem\/","title":{"rendered":"Reis Robotics Hinweisgebersystem"},"content":{"rendered":"<p>[et_pb_section fb_built=&#8220;1&#8243; fullwidth=&#8220;on&#8220; module_class=&#8220;full-height-slider&#8220; _builder_version=&#8220;4.27.6&#8243; _module_preset=&#8220;default&#8220; background_color=&#8220;#393E42&#8243; min_height=&#8220;25vh&#8220; min_height_tablet=&#8220;50vh&#8220; min_height_phone=&#8220;auto&#8220; min_height_last_edited=&#8220;on|tablet&#8220; custom_padding=&#8220;||||false|false&#8220; hover_enabled=&#8220;0&#8243; global_colors_info=&#8220;{}&#8220; sticky_enabled=&#8220;0&#8243;][et_pb_fullwidth_slider _builder_version=&#8220;4.27.6&#8243; _module_preset=&#8220;default&#8220; header_font=&#8220;|800|||||||&#8220; header_font_size=&#8220;56px&#8220; header_letter_spacing=&#8220;-1px&#8220; body_font=&#8220;|600|||||||&#8220; body_font_size=&#8220;24px&#8220; custom_button=&#8220;on&#8220; button_font=&#8220;|800||on|||||&#8220; button_custom_margin=&#8220;60px||||false|false&#8220; custom_padding=&#8220;201px||135px||false|false&#8220; hover_enabled=&#8220;0&#8243; global_colors_info=&#8220;{}&#8220; sticky_enabled=&#8220;0&#8243;][et_pb_slide button_link=&#8220;#about-us&#8220; _builder_version=&#8220;4.27.6&#8243; _module_preset=&#8220;default&#8220; header_level=&#8220;h1&#8243; body_font_size=&#8220;15px&#8220; background_color=&#8220;rgba(59,63,68,0.42)&#8220; background_enable_color=&#8220;on&#8220; background_enable_image=&#8220;off&#8220; background_blend=&#8220;multiply&#8220; background_enable_video_mp4=&#8220;off&#8220; background_enable_video_webm=&#8220;off&#8220; background_video_pause_outside_viewport=&#8220;off&#8220; custom_button=&#8220;on&#8220; button_bg_color=&#8220;#275DA6&#8243; button_border_width=&#8220;0px&#8220; width=&#8220;100%&#8220; max_width=&#8220;100%&#8220; hover_enabled=&#8220;0&#8243; global_colors_info=&#8220;{}&#8220; sticky_transition=&#8220;on&#8220; sticky_enabled=&#8220;0&#8243; heading=&#8220;@ET-DC@eyJkeW5hbWljIjp0cnVlLCJjb250ZW50IjoicG9zdF90aXRsZSIsInNldHRpbmdzIjp7ImJlZm9yZSI6IiIsImFmdGVyIjoiIn19@&#8220; _dynamic_attributes=&#8220;heading&#8220;][\/et_pb_slide][\/et_pb_fullwidth_slider][\/et_pb_section][et_pb_section fb_built=&#8220;1&#8243; _builder_version=&#8220;4.27.6&#8243; background_color=&#8220;#FFFFFF&#8220; hover_enabled=&#8220;0&#8243; global_colors_info=&#8220;{}&#8220; sticky_enabled=&#8220;0&#8243;][et_pb_row _builder_version=&#8220;4.16&#8243; background_size=&#8220;initial&#8220; background_position=&#8220;top_left&#8220; background_repeat=&#8220;repeat&#8220; global_colors_info=&#8220;{}&#8220;][et_pb_column type=&#8220;4_4&#8243; _builder_version=&#8220;4.16&#8243; custom_padding=&#8220;|||&#8220; global_colors_info=&#8220;{}&#8220; custom_padding__hover=&#8220;|||&#8220;][et_pb_text _builder_version=&#8220;4.22.2&#8243; background_size=&#8220;initial&#8220; background_position=&#8220;top_left&#8220; background_repeat=&#8220;repeat&#8220; global_colors_info=&#8220;{}&#8220;]<\/p>\n<div class=\"content grid-two-thirds row\">\n<div class=\"tinytxt\">\n<div class=\"tinytxt\">\n<h2>F\u00f6rderung von Integrit\u00e4t und Vertrauen<\/h2>\n<p>Bei Reis Robotics sind wir der Einhaltung h\u00f6chster Standards der Gesch\u00e4ftsethik und Integrit\u00e4t verpflichtet. Unser Hinweisgebersystem ist ein entscheidendes Element, um Transparenz und Vertrauen zwischen unseren Mitarbeitern, Kunden und allen Stakeholdern zu gew\u00e4hrleisten. Wenn Sie unethisches Verhalten innerhalb unserer Organisation vermuten, melden Sie es uns bitte.<\/p>\n<h2>Zug\u00e4nglichkeit und Anonymit\u00e4t<\/h2>\n<p>Der Service ist f\u00fcr alle Mitarbeiter, Kunden und Stakeholder zug\u00e4nglich. Wir garantieren vollst\u00e4ndige Anonymit\u00e4t und Sicherheit f\u00fcr jeden, der potenzielle Unregelm\u00e4\u00dfigkeiten oder unethisches Verhalten melden m\u00f6chte. Das System wird von einem externen und unparteiischen Dienstleister verwaltet, wodurch sichergestellt wird, dass Meldungen mit h\u00f6chster Vertraulichkeit behandelt werden.<\/p>\n<h2>Wie es funktioniert<\/h2>\n<p>Meldungen k\u00f6nnen anonym erfolgen. Bei der Meldung werden eine ID und ein Passwort bereitgestellt, um die Fallverfolgung und die Kommunikation mit unserem Team unter Wahrung eines H\u00f6chstma\u00dfes an Vertraulichkeit zu erm\u00f6glichen. Alle Meldungen werden von benannten Personen innerhalb unserer Organisation bearbeitet. Die \u00fcber den Hinweisgeber-Kanal \u00fcbermittelten Informationen sind absolut sicher und es besteht kein Risiko von Sanktionsma\u00dfnahmen.<\/p>\n<h2>Art der Berichte<\/h2>\n<p>Das System dient der Meldung schwerwiegender Verdachtsmomente auf Fehlverhalten, Betrug, Korruption oder andere ethische und rechtliche Verst\u00f6\u00dfe. Wir ermutigen zu Meldungen, die in gutem Glauben erfolgen, und verpflichten uns, diejenigen, die sich dazu entschlie\u00dfen, ihre Meinung zu \u00e4u\u00dfern, vor jeglichen Sanktionsma\u00dfnahmen zu sch\u00fctzen. Senden Sie immer wahrheitsgetreue Informationen und beschreiben Sie die Situation, die Sie beobachtet haben, so genau wie m\u00f6glich. Stellen Sie bei Bedarf alle erforderlichen Unterlagen dazu bereit.<\/p>\n<h2>Unsere Verpflichtung<\/h2>\n<p>Vielen Dank, dass Sie uns bei Reis Robotics dabei helfen, eine ethische und verantwortungsbewusste Arbeitsumgebung zu gew\u00e4hrleisten. Ihre Stimme ist uns wichtig.<\/p>\n<\/div>\n<\/div>\n<\/div>\n<p>[\/et_pb_text][et_pb_button button_url=&#8220;https:\/\/www.faceup.com\/c\/v2jx0fx0&#8243; url_new_window=&#8220;on&#8220; button_text=&#8220;Bericht senden&#8220; _builder_version=&#8220;4.22.2&#8243; _module_preset=&#8220;default&#8220; global_colors_info=&#8220;{}&#8220;][\/et_pb_button][\/et_pb_column][\/et_pb_row][\/et_pb_section]<\/p>\n","protected":false},"excerpt":{"rendered":"<p>F\u00f6rderung von Integrit\u00e4t und Vertrauen Bei Reis Robotics sind wir der Einhaltung h\u00f6chster Standards der Gesch\u00e4ftsethik und Integrit\u00e4t verpflichtet. Unser Hinweisgebersystem ist ein entscheidendes Element, um Transparenz und Vertrauen zwischen unseren Mitarbeitern, Kunden und allen Stakeholdern zu gew\u00e4hrleisten. Wenn Sie unethisches Verhalten innerhalb unserer Organisation vermuten, melden Sie es uns bitte. Zug\u00e4nglichkeit und Anonymit\u00e4t Der Service ist f\u00fcr alle Mitarbeiter, Kunden und Stakeholder zug\u00e4nglich. Wir garantieren vollst\u00e4ndige Anonymit\u00e4t und Sicherheit f\u00fcr jeden, der potenzielle Unregelm\u00e4\u00dfigkeiten oder unethisches Verhalten melden m\u00f6chte. Das System wird von einem externen und unparteiischen Dienstleister verwaltet, wodurch sichergestellt wird, dass Meldungen mit h\u00f6chster Vertraulichkeit behandelt werden. Wie es funktioniert Meldungen k\u00f6nnen anonym erfolgen. Bei der Meldung werden eine ID und ein Passwort bereitgestellt, um die Fallverfolgung und die Kommunikation mit unserem Team unter Wahrung eines H\u00f6chstma\u00dfes an Vertraulichkeit zu erm\u00f6glichen. Alle Meldungen werden von benannten Personen innerhalb unserer Organisation bearbeitet. Die \u00fcber den Hinweisgeber-Kanal \u00fcbermittelten Informationen sind absolut sicher und es besteht kein Risiko von Sanktionsma\u00dfnahmen. Art der Berichte Das System dient der Meldung schwerwiegender Verdachtsmomente auf Fehlverhalten, Betrug, Korruption oder andere ethische und rechtliche Verst\u00f6\u00dfe. Wir ermutigen zu Meldungen, die in gutem Glauben erfolgen, und verpflichten uns, diejenigen, die sich dazu entschlie\u00dfen, ihre Meinung zu [&hellip;]<\/p>\n","protected":false},"author":1,"featured_media":417,"parent":0,"menu_order":0,"comment_status":"closed","ping_status":"closed","template":"","meta":{"_acf_changed":false,"_et_pb_use_builder":"on","_et_pb_old_content":"","_et_gb_content_width":"","footnotes":""},"class_list":["post-688","page","type-page","status-publish","has-post-thumbnail","hentry"],"acf":[],"yoast_head":"<!-- This site is optimized with the Yoast SEO plugin v27.2 - https:\/\/yoast.com\/product\/yoast-seo-wordpress\/ -->\n<title>Reis Robotics Hinweisgebersystem<\/title>\n<meta name=\"robots\" content=\"noindex, nofollow\" \/>\n<meta property=\"og:locale\" content=\"de_DE\" \/>\n<meta property=\"og:type\" content=\"article\" \/>\n<meta property=\"og:title\" content=\"Reis Robotics Hinweisgebersystem\" \/>\n<meta property=\"og:description\" content=\"F\u00f6rderung von Integrit\u00e4t und Vertrauen Bei Reis Robotics sind wir der Einhaltung h\u00f6chster Standards der Gesch\u00e4ftsethik und Integrit\u00e4t verpflichtet. Unser Hinweisgebersystem ist ein entscheidendes Element, um Transparenz und Vertrauen zwischen unseren Mitarbeitern, Kunden und allen Stakeholdern zu gew\u00e4hrleisten. Wenn Sie unethisches Verhalten innerhalb unserer Organisation vermuten, melden Sie es uns bitte. Zug\u00e4nglichkeit und Anonymit\u00e4t Der Service ist f\u00fcr alle Mitarbeiter, Kunden und Stakeholder zug\u00e4nglich. Wir garantieren vollst\u00e4ndige Anonymit\u00e4t und Sicherheit f\u00fcr jeden, der potenzielle Unregelm\u00e4\u00dfigkeiten oder unethisches Verhalten melden m\u00f6chte. Das System wird von einem externen und unparteiischen Dienstleister verwaltet, wodurch sichergestellt wird, dass Meldungen mit h\u00f6chster Vertraulichkeit behandelt werden. Wie es funktioniert Meldungen k\u00f6nnen anonym erfolgen. Bei der Meldung werden eine ID und ein Passwort bereitgestellt, um die Fallverfolgung und die Kommunikation mit unserem Team unter Wahrung eines H\u00f6chstma\u00dfes an Vertraulichkeit zu erm\u00f6glichen. Alle Meldungen werden von benannten Personen innerhalb unserer Organisation bearbeitet. Die \u00fcber den Hinweisgeber-Kanal \u00fcbermittelten Informationen sind absolut sicher und es besteht kein Risiko von Sanktionsma\u00dfnahmen. Art der Berichte Das System dient der Meldung schwerwiegender Verdachtsmomente auf Fehlverhalten, Betrug, Korruption oder andere ethische und rechtliche Verst\u00f6\u00dfe. Wir ermutigen zu Meldungen, die in gutem Glauben erfolgen, und verpflichten uns, diejenigen, die sich dazu entschlie\u00dfen, ihre Meinung zu [&hellip;]\" \/>\n<meta property=\"og:url\" content=\"https:\/\/reisrobotics.com\/de\/reis-robotics-hinweisgebersystem\/\" \/>\n<meta property=\"og:site_name\" content=\"Reis Robotics\" \/>\n<meta property=\"article:modified_time\" content=\"2026-03-23T12:18:36+00:00\" \/>\n<meta property=\"og:image\" content=\"https:\/\/reisrobotics.com\/wp-content\/uploads\/2023\/06\/1332-scherer_r-952x396-1.jpg\" \/>\n\t<meta property=\"og:image:width\" content=\"951\" \/>\n\t<meta property=\"og:image:height\" content=\"396\" \/>\n\t<meta property=\"og:image:type\" content=\"image\/jpeg\" \/>\n<meta name=\"twitter:card\" content=\"summary_large_image\" \/>\n<meta name=\"twitter:label1\" content=\"Gesch\u00e4tzte Lesezeit\" \/>\n\t<meta name=\"twitter:data1\" content=\"2\u00a0Minuten\" \/>\n<script type=\"application\/ld+json\" class=\"yoast-schema-graph\">{\"@context\":\"https:\/\/schema.org\",\"@graph\":[{\"@type\":\"WebPage\",\"@id\":\"https:\/\/reisrobotics.com\/de\/reis-robotics-hinweisgebersystem\/\",\"url\":\"https:\/\/reisrobotics.com\/de\/reis-robotics-hinweisgebersystem\/\",\"name\":\"Reis Robotics Hinweisgebersystem\",\"isPartOf\":{\"@id\":\"https:\/\/reisrobotics.com\/de\/#website\"},\"primaryImageOfPage\":{\"@id\":\"https:\/\/reisrobotics.com\/de\/reis-robotics-hinweisgebersystem\/#primaryimage\"},\"image\":{\"@id\":\"https:\/\/reisrobotics.com\/de\/reis-robotics-hinweisgebersystem\/#primaryimage\"},\"thumbnailUrl\":\"https:\/\/reisrobotics.com\/wp-content\/uploads\/2023\/06\/1332-scherer_r-952x396-1.jpg\",\"datePublished\":\"2023-12-06T09:28:51+00:00\",\"dateModified\":\"2026-03-23T12:18:36+00:00\",\"breadcrumb\":{\"@id\":\"https:\/\/reisrobotics.com\/de\/reis-robotics-hinweisgebersystem\/#breadcrumb\"},\"inLanguage\":\"de\",\"potentialAction\":[{\"@type\":\"ReadAction\",\"target\":[\"https:\/\/reisrobotics.com\/de\/reis-robotics-hinweisgebersystem\/\"]}]},{\"@type\":\"ImageObject\",\"inLanguage\":\"de\",\"@id\":\"https:\/\/reisrobotics.com\/de\/reis-robotics-hinweisgebersystem\/#primaryimage\",\"url\":\"https:\/\/reisrobotics.com\/wp-content\/uploads\/2023\/06\/1332-scherer_r-952x396-1.jpg\",\"contentUrl\":\"https:\/\/reisrobotics.com\/wp-content\/uploads\/2023\/06\/1332-scherer_r-952x396-1.jpg\",\"width\":951,\"height\":396},{\"@type\":\"BreadcrumbList\",\"@id\":\"https:\/\/reisrobotics.com\/de\/reis-robotics-hinweisgebersystem\/#breadcrumb\",\"itemListElement\":[{\"@type\":\"ListItem\",\"position\":1,\"name\":\"Home\",\"item\":\"https:\/\/reisrobotics.com\/de\/\"},{\"@type\":\"ListItem\",\"position\":2,\"name\":\"Reis Robotics Hinweisgebersystem\"}]},{\"@type\":\"WebSite\",\"@id\":\"https:\/\/reisrobotics.com\/de\/#website\",\"url\":\"https:\/\/reisrobotics.com\/de\/\",\"name\":\"Reis Robotics\",\"description\":\"\",\"publisher\":{\"@id\":\"https:\/\/reisrobotics.com\/de\/#organization\"},\"potentialAction\":[{\"@type\":\"SearchAction\",\"target\":{\"@type\":\"EntryPoint\",\"urlTemplate\":\"https:\/\/reisrobotics.com\/de\/?s={search_term_string}\"},\"query-input\":{\"@type\":\"PropertyValueSpecification\",\"valueRequired\":true,\"valueName\":\"search_term_string\"}}],\"inLanguage\":\"de\"},{\"@type\":\"Organization\",\"@id\":\"https:\/\/reisrobotics.com\/de\/#organization\",\"name\":\"Reis Robotics\",\"url\":\"https:\/\/reisrobotics.com\/de\/\",\"logo\":{\"@type\":\"ImageObject\",\"inLanguage\":\"de\",\"@id\":\"https:\/\/reisrobotics.com\/de\/#\/schema\/logo\/image\/\",\"url\":\"https:\/\/reisrobotics.com\/wp-content\/uploads\/2023\/07\/REIS_LOGO-BLACK.svg\",\"contentUrl\":\"https:\/\/reisrobotics.com\/wp-content\/uploads\/2023\/07\/REIS_LOGO-BLACK.svg\",\"width\":1,\"height\":1,\"caption\":\"Reis Robotics\"},\"image\":{\"@id\":\"https:\/\/reisrobotics.com\/de\/#\/schema\/logo\/image\/\"}}]}<\/script>\n<!-- \/ Yoast SEO plugin. -->","yoast_head_json":{"title":"Reis Robotics Hinweisgebersystem","robots":{"index":"noindex","follow":"nofollow"},"og_locale":"de_DE","og_type":"article","og_title":"Reis Robotics Hinweisgebersystem","og_description":"F\u00f6rderung von Integrit\u00e4t und Vertrauen Bei Reis Robotics sind wir der Einhaltung h\u00f6chster Standards der Gesch\u00e4ftsethik und Integrit\u00e4t verpflichtet. Unser Hinweisgebersystem ist ein entscheidendes Element, um Transparenz und Vertrauen zwischen unseren Mitarbeitern, Kunden und allen Stakeholdern zu gew\u00e4hrleisten. Wenn Sie unethisches Verhalten innerhalb unserer Organisation vermuten, melden Sie es uns bitte. Zug\u00e4nglichkeit und Anonymit\u00e4t Der Service ist f\u00fcr alle Mitarbeiter, Kunden und Stakeholder zug\u00e4nglich. Wir garantieren vollst\u00e4ndige Anonymit\u00e4t und Sicherheit f\u00fcr jeden, der potenzielle Unregelm\u00e4\u00dfigkeiten oder unethisches Verhalten melden m\u00f6chte. Das System wird von einem externen und unparteiischen Dienstleister verwaltet, wodurch sichergestellt wird, dass Meldungen mit h\u00f6chster Vertraulichkeit behandelt werden. Wie es funktioniert Meldungen k\u00f6nnen anonym erfolgen. Bei der Meldung werden eine ID und ein Passwort bereitgestellt, um die Fallverfolgung und die Kommunikation mit unserem Team unter Wahrung eines H\u00f6chstma\u00dfes an Vertraulichkeit zu erm\u00f6glichen. Alle Meldungen werden von benannten Personen innerhalb unserer Organisation bearbeitet. Die \u00fcber den Hinweisgeber-Kanal \u00fcbermittelten Informationen sind absolut sicher und es besteht kein Risiko von Sanktionsma\u00dfnahmen. Art der Berichte Das System dient der Meldung schwerwiegender Verdachtsmomente auf Fehlverhalten, Betrug, Korruption oder andere ethische und rechtliche Verst\u00f6\u00dfe. Wir ermutigen zu Meldungen, die in gutem Glauben erfolgen, und verpflichten uns, diejenigen, die sich dazu entschlie\u00dfen, ihre Meinung zu [&hellip;]","og_url":"https:\/\/reisrobotics.com\/de\/reis-robotics-hinweisgebersystem\/","og_site_name":"Reis Robotics","article_modified_time":"2026-03-23T12:18:36+00:00","og_image":[{"width":951,"height":396,"url":"https:\/\/reisrobotics.com\/wp-content\/uploads\/2023\/06\/1332-scherer_r-952x396-1.jpg","type":"image\/jpeg"}],"twitter_card":"summary_large_image","twitter_misc":{"Gesch\u00e4tzte Lesezeit":"2\u00a0Minuten"},"schema":{"@context":"https:\/\/schema.org","@graph":[{"@type":"WebPage","@id":"https:\/\/reisrobotics.com\/de\/reis-robotics-hinweisgebersystem\/","url":"https:\/\/reisrobotics.com\/de\/reis-robotics-hinweisgebersystem\/","name":"Reis Robotics Hinweisgebersystem","isPartOf":{"@id":"https:\/\/reisrobotics.com\/de\/#website"},"primaryImageOfPage":{"@id":"https:\/\/reisrobotics.com\/de\/reis-robotics-hinweisgebersystem\/#primaryimage"},"image":{"@id":"https:\/\/reisrobotics.com\/de\/reis-robotics-hinweisgebersystem\/#primaryimage"},"thumbnailUrl":"https:\/\/reisrobotics.com\/wp-content\/uploads\/2023\/06\/1332-scherer_r-952x396-1.jpg","datePublished":"2023-12-06T09:28:51+00:00","dateModified":"2026-03-23T12:18:36+00:00","breadcrumb":{"@id":"https:\/\/reisrobotics.com\/de\/reis-robotics-hinweisgebersystem\/#breadcrumb"},"inLanguage":"de","potentialAction":[{"@type":"ReadAction","target":["https:\/\/reisrobotics.com\/de\/reis-robotics-hinweisgebersystem\/"]}]},{"@type":"ImageObject","inLanguage":"de","@id":"https:\/\/reisrobotics.com\/de\/reis-robotics-hinweisgebersystem\/#primaryimage","url":"https:\/\/reisrobotics.com\/wp-content\/uploads\/2023\/06\/1332-scherer_r-952x396-1.jpg","contentUrl":"https:\/\/reisrobotics.com\/wp-content\/uploads\/2023\/06\/1332-scherer_r-952x396-1.jpg","width":951,"height":396},{"@type":"BreadcrumbList","@id":"https:\/\/reisrobotics.com\/de\/reis-robotics-hinweisgebersystem\/#breadcrumb","itemListElement":[{"@type":"ListItem","position":1,"name":"Home","item":"https:\/\/reisrobotics.com\/de\/"},{"@type":"ListItem","position":2,"name":"Reis Robotics Hinweisgebersystem"}]},{"@type":"WebSite","@id":"https:\/\/reisrobotics.com\/de\/#website","url":"https:\/\/reisrobotics.com\/de\/","name":"Reis Robotics","description":"","publisher":{"@id":"https:\/\/reisrobotics.com\/de\/#organization"},"potentialAction":[{"@type":"SearchAction","target":{"@type":"EntryPoint","urlTemplate":"https:\/\/reisrobotics.com\/de\/?s={search_term_string}"},"query-input":{"@type":"PropertyValueSpecification","valueRequired":true,"valueName":"search_term_string"}}],"inLanguage":"de"},{"@type":"Organization","@id":"https:\/\/reisrobotics.com\/de\/#organization","name":"Reis Robotics","url":"https:\/\/reisrobotics.com\/de\/","logo":{"@type":"ImageObject","inLanguage":"de","@id":"https:\/\/reisrobotics.com\/de\/#\/schema\/logo\/image\/","url":"https:\/\/reisrobotics.com\/wp-content\/uploads\/2023\/07\/REIS_LOGO-BLACK.svg","contentUrl":"https:\/\/reisrobotics.com\/wp-content\/uploads\/2023\/07\/REIS_LOGO-BLACK.svg","width":1,"height":1,"caption":"Reis Robotics"},"image":{"@id":"https:\/\/reisrobotics.com\/de\/#\/schema\/logo\/image\/"}}]}},"_links":{"self":[{"href":"https:\/\/reisrobotics.com\/de\/wp-json\/wp\/v2\/pages\/688","targetHints":{"allow":["GET"]}}],"collection":[{"href":"https:\/\/reisrobotics.com\/de\/wp-json\/wp\/v2\/pages"}],"about":[{"href":"https:\/\/reisrobotics.com\/de\/wp-json\/wp\/v2\/types\/page"}],"author":[{"embeddable":true,"href":"https:\/\/reisrobotics.com\/de\/wp-json\/wp\/v2\/users\/1"}],"replies":[{"embeddable":true,"href":"https:\/\/reisrobotics.com\/de\/wp-json\/wp\/v2\/comments?post=688"}],"version-history":[{"count":5,"href":"https:\/\/reisrobotics.com\/de\/wp-json\/wp\/v2\/pages\/688\/revisions"}],"predecessor-version":[{"id":19936,"href":"https:\/\/reisrobotics.com\/de\/wp-json\/wp\/v2\/pages\/688\/revisions\/19936"}],"wp:featuredmedia":[{"embeddable":true,"href":"https:\/\/reisrobotics.com\/de\/wp-json\/wp\/v2\/media\/417"}],"wp:attachment":[{"href":"https:\/\/reisrobotics.com\/de\/wp-json\/wp\/v2\/media?parent=688"}],"curies":[{"name":"wp","href":"https:\/\/api.w.org\/{rel}","templated":true}]}}