{"id":539,"date":"2023-06-29T10:28:28","date_gmt":"2023-06-29T08:28:28","guid":{"rendered":"https:\/\/reisrobotics.com\/rechtliche-anmerkungen\/"},"modified":"2026-03-23T13:21:13","modified_gmt":"2026-03-23T12:21:13","slug":"impressum","status":"publish","type":"page","link":"https:\/\/reisrobotics.com\/de\/impressum\/","title":{"rendered":"Impressum"},"content":{"rendered":"<p>[et_pb_section fb_built=&#8220;1&#8243; fullwidth=&#8220;on&#8220; module_class=&#8220;full-height-slider&#8220; _builder_version=&#8220;4.27.6&#8243; _module_preset=&#8220;default&#8220; background_color=&#8220;#393E42&#8243; min_height=&#8220;25vh&#8220; min_height_tablet=&#8220;50vh&#8220; min_height_phone=&#8220;auto&#8220; min_height_last_edited=&#8220;on|tablet&#8220; custom_padding=&#8220;||||false|false&#8220; global_colors_info=&#8220;{}&#8220;][et_pb_fullwidth_slider _builder_version=&#8220;4.27.6&#8243; _module_preset=&#8220;default&#8220; header_font=&#8220;|800|||||||&#8220; header_font_size=&#8220;56px&#8220; header_letter_spacing=&#8220;-1px&#8220; body_font=&#8220;|600|||||||&#8220; body_font_size=&#8220;24px&#8220; custom_button=&#8220;on&#8220; button_font=&#8220;|800||on|||||&#8220; button_custom_margin=&#8220;60px||||false|false&#8220; custom_padding=&#8220;201px||135px||false|false&#8220; hover_enabled=&#8220;0&#8243; global_colors_info=&#8220;{}&#8220; sticky_enabled=&#8220;0&#8243;][et_pb_slide button_link=&#8220;#about-us&#8220; _builder_version=&#8220;4.27.6&#8243; _module_preset=&#8220;default&#8220; header_level=&#8220;h1&#8243; body_font_size=&#8220;15px&#8220; background_color=&#8220;rgba(59,63,68,0.42)&#8220; background_enable_color=&#8220;on&#8220; background_enable_image=&#8220;off&#8220; background_blend=&#8220;multiply&#8220; background_enable_video_mp4=&#8220;off&#8220; background_enable_video_webm=&#8220;off&#8220; background_video_pause_outside_viewport=&#8220;off&#8220; custom_button=&#8220;on&#8220; button_bg_color=&#8220;#275DA6&#8243; button_border_width=&#8220;0px&#8220; width=&#8220;100%&#8220; max_width=&#8220;100%&#8220; hover_enabled=&#8220;0&#8243; global_colors_info=&#8220;{}&#8220; sticky_transition=&#8220;on&#8220; heading=&#8220;@ET-DC@eyJkeW5hbWljIjp0cnVlLCJjb250ZW50IjoicG9zdF90aXRsZSIsInNldHRpbmdzIjp7ImJlZm9yZSI6IiIsImFmdGVyIjoiIn19@&#8220; _dynamic_attributes=&#8220;heading&#8220; sticky_enabled=&#8220;0&#8243;][\/et_pb_slide][\/et_pb_fullwidth_slider][\/et_pb_section][et_pb_section fb_built=&#8220;1&#8243; _builder_version=&#8220;4.27.6&#8243; _module_preset=&#8220;default&#8220; background_color=&#8220;#FFFFFF&#8220; custom_margin=&#8220;||||false|false&#8220; custom_padding=&#8220;60px||||false|false&#8220; hover_enabled=&#8220;0&#8243; global_colors_info=&#8220;{}&#8220; sticky_enabled=&#8220;0&#8243;][et_pb_row _builder_version=&#8220;4.27.6&#8243; _module_preset=&#8220;default&#8220; hover_enabled=&#8220;0&#8243; global_colors_info=&#8220;{}&#8220; sticky_enabled=&#8220;0&#8243;][et_pb_column type=&#8220;4_4&#8243; _builder_version=&#8220;4.27.6&#8243; _module_preset=&#8220;default&#8220; hover_enabled=&#8220;0&#8243; global_colors_info=&#8220;{}&#8220; sticky_enabled=&#8220;0&#8243;][et_pb_text _builder_version=&#8220;4.27.4&#8243; _module_preset=&#8220;default&#8220; global_colors_info=&#8220;{}&#8220;]<\/p>\n<p><strong>Dienstanbieter nach \u00a75 des Digitale Dienste Gesetz (DDG)<\/strong><br \/>Reis Robotics GmbH &amp; Co. KG<br \/>Walter-Reis-Stra\u00dfe 1, 63785 Obernburg<br \/>Deutschland<\/p>\n<p><strong>Gesch\u00e4ftsleitung<\/strong><br \/>Reis Robotics GmbH &amp; Co. KG<br \/>Walter-Reis-Stra\u00dfe 1<br \/>63785 Obernburg, Deutschland<br \/>Telefon: +49 6022 503 0<br \/>E-Mail:\u00a0<a href=\"mailto:info@reisrobotics.com\"><strong>info@reisrobotics.com<\/strong><\/a><\/p>\n<p><strong>Registergericht<\/strong><br \/>Aschaffenburg HRA 4918<br \/>Umsatzsteuer-ID:\u00a0DE 274593039<br \/>DUNS 34 160 3581<\/p>\n<p><strong>Pers\u00f6nlich haftende Gesellschaft<\/strong><br \/>Reis Holding GmbH<br \/>Handelsregister Amtsgericht Aschaffenburg, HRB 10545<\/p>\n<p><strong>Gesch\u00e4ftsf\u00fchrer<\/strong><br \/>Uwe Eich<\/p>\n<p><strong>Inhaltliche Verantwortung gem\u00e4\u00df \u00a718 Medienstaatsvertrag (MStV)<\/strong><br \/>Uwe Eich<br \/>Gesch\u00e4ftsf\u00fchrer<br \/>Reis Robotics GmbH &amp; Co. KG<br \/>Walter-Reis-Stra\u00dfe 1<br \/>63785 Obernburg, Deutschland<br \/>Telefon: +49 6022 503 0<\/p>\n<p>[\/et_pb_text][\/et_pb_column][\/et_pb_row][\/et_pb_section]<\/p>\n","protected":false},"excerpt":{"rendered":"<p>Dienstanbieter nach \u00a75 des Digitale Dienste Gesetz (DDG)Reis Robotics GmbH &amp; Co. KGWalter-Reis-Stra\u00dfe 1, 63785 ObernburgDeutschland Gesch\u00e4ftsleitungReis Robotics GmbH &amp; Co. KGWalter-Reis-Stra\u00dfe 163785 Obernburg, DeutschlandTelefon: +49 6022 503 0E-Mail:\u00a0info@reisrobotics.com RegistergerichtAschaffenburg HRA 4918Umsatzsteuer-ID:\u00a0DE 274593039DUNS 34 160 3581 Pers\u00f6nlich haftende GesellschaftReis Holding GmbHHandelsregister Amtsgericht Aschaffenburg, HRB 10545 Gesch\u00e4ftsf\u00fchrerUwe Eich Inhaltliche Verantwortung gem\u00e4\u00df \u00a718 Medienstaatsvertrag (MStV)Uwe EichGesch\u00e4ftsf\u00fchrerReis Robotics GmbH &amp; Co. KGWalter-Reis-Stra\u00dfe 163785 Obernburg, DeutschlandTelefon: +49 6022 503 0<\/p>\n","protected":false},"author":1,"featured_media":0,"parent":0,"menu_order":0,"comment_status":"closed","ping_status":"closed","template":"","meta":{"_acf_changed":false,"_et_pb_use_builder":"on","_et_pb_old_content":"","_et_gb_content_width":"","footnotes":""},"class_list":["post-539","page","type-page","status-publish","hentry"],"acf":[],"yoast_head":"<!-- This site is optimized with the Yoast SEO plugin v27.2 - https:\/\/yoast.com\/product\/yoast-seo-wordpress\/ -->\n<title>Impressum - Reis Robotics<\/title>\n<meta name=\"robots\" content=\"index, follow, max-snippet:-1, max-image-preview:large, max-video-preview:-1\" \/>\n<link rel=\"canonical\" href=\"https:\/\/reisrobotics.com\/de\/impressum\/\" \/>\n<meta property=\"og:locale\" content=\"de_DE\" \/>\n<meta property=\"og:type\" content=\"article\" \/>\n<meta property=\"og:title\" content=\"Impressum - Reis Robotics\" \/>\n<meta property=\"og:description\" content=\"Dienstanbieter nach \u00a75 des Digitale Dienste Gesetz (DDG)Reis Robotics GmbH &amp; Co. KGWalter-Reis-Stra\u00dfe 1, 63785 ObernburgDeutschland Gesch\u00e4ftsleitungReis Robotics GmbH &amp; Co. KGWalter-Reis-Stra\u00dfe 163785 Obernburg, DeutschlandTelefon: +49 6022 503 0E-Mail:\u00a0info@reisrobotics.com RegistergerichtAschaffenburg HRA 4918Umsatzsteuer-ID:\u00a0DE 274593039DUNS 34 160 3581 Pers\u00f6nlich haftende GesellschaftReis Holding GmbHHandelsregister Amtsgericht Aschaffenburg, HRB 10545 Gesch\u00e4ftsf\u00fchrerUwe Eich Inhaltliche Verantwortung gem\u00e4\u00df \u00a718 Medienstaatsvertrag (MStV)Uwe EichGesch\u00e4ftsf\u00fchrerReis Robotics GmbH &amp; Co. KGWalter-Reis-Stra\u00dfe 163785 Obernburg, DeutschlandTelefon: +49 6022 503 0\" \/>\n<meta property=\"og:url\" content=\"https:\/\/reisrobotics.com\/de\/impressum\/\" \/>\n<meta property=\"og:site_name\" content=\"Reis Robotics\" \/>\n<meta property=\"article:modified_time\" content=\"2026-03-23T12:21:13+00:00\" \/>\n<meta name=\"twitter:card\" content=\"summary_large_image\" \/>\n<meta name=\"twitter:label1\" content=\"Gesch\u00e4tzte Lesezeit\" \/>\n\t<meta name=\"twitter:data1\" content=\"1\u00a0Minute\" \/>\n<script type=\"application\/ld+json\" class=\"yoast-schema-graph\">{\"@context\":\"https:\/\/schema.org\",\"@graph\":[{\"@type\":\"WebPage\",\"@id\":\"https:\/\/reisrobotics.com\/de\/impressum\/\",\"url\":\"https:\/\/reisrobotics.com\/de\/impressum\/\",\"name\":\"Impressum - Reis Robotics\",\"isPartOf\":{\"@id\":\"https:\/\/reisrobotics.com\/de\/#website\"},\"datePublished\":\"2023-06-29T08:28:28+00:00\",\"dateModified\":\"2026-03-23T12:21:13+00:00\",\"breadcrumb\":{\"@id\":\"https:\/\/reisrobotics.com\/de\/impressum\/#breadcrumb\"},\"inLanguage\":\"de\",\"potentialAction\":[{\"@type\":\"ReadAction\",\"target\":[\"https:\/\/reisrobotics.com\/de\/impressum\/\"]}]},{\"@type\":\"BreadcrumbList\",\"@id\":\"https:\/\/reisrobotics.com\/de\/impressum\/#breadcrumb\",\"itemListElement\":[{\"@type\":\"ListItem\",\"position\":1,\"name\":\"Home\",\"item\":\"https:\/\/reisrobotics.com\/de\/\"},{\"@type\":\"ListItem\",\"position\":2,\"name\":\"Impressum\"}]},{\"@type\":\"WebSite\",\"@id\":\"https:\/\/reisrobotics.com\/de\/#website\",\"url\":\"https:\/\/reisrobotics.com\/de\/\",\"name\":\"Reis Robotics\",\"description\":\"\",\"publisher\":{\"@id\":\"https:\/\/reisrobotics.com\/de\/#organization\"},\"potentialAction\":[{\"@type\":\"SearchAction\",\"target\":{\"@type\":\"EntryPoint\",\"urlTemplate\":\"https:\/\/reisrobotics.com\/de\/?s={search_term_string}\"},\"query-input\":{\"@type\":\"PropertyValueSpecification\",\"valueRequired\":true,\"valueName\":\"search_term_string\"}}],\"inLanguage\":\"de\"},{\"@type\":\"Organization\",\"@id\":\"https:\/\/reisrobotics.com\/de\/#organization\",\"name\":\"Reis Robotics\",\"url\":\"https:\/\/reisrobotics.com\/de\/\",\"logo\":{\"@type\":\"ImageObject\",\"inLanguage\":\"de\",\"@id\":\"https:\/\/reisrobotics.com\/de\/#\/schema\/logo\/image\/\",\"url\":\"https:\/\/reisrobotics.com\/wp-content\/uploads\/2023\/07\/REIS_LOGO-BLACK.svg\",\"contentUrl\":\"https:\/\/reisrobotics.com\/wp-content\/uploads\/2023\/07\/REIS_LOGO-BLACK.svg\",\"width\":1,\"height\":1,\"caption\":\"Reis Robotics\"},\"image\":{\"@id\":\"https:\/\/reisrobotics.com\/de\/#\/schema\/logo\/image\/\"}}]}<\/script>\n<!-- \/ Yoast SEO plugin. -->","yoast_head_json":{"title":"Impressum - Reis Robotics","robots":{"index":"index","follow":"follow","max-snippet":"max-snippet:-1","max-image-preview":"max-image-preview:large","max-video-preview":"max-video-preview:-1"},"canonical":"https:\/\/reisrobotics.com\/de\/impressum\/","og_locale":"de_DE","og_type":"article","og_title":"Impressum - Reis Robotics","og_description":"Dienstanbieter nach \u00a75 des Digitale Dienste Gesetz (DDG)Reis Robotics GmbH &amp; Co. KGWalter-Reis-Stra\u00dfe 1, 63785 ObernburgDeutschland Gesch\u00e4ftsleitungReis Robotics GmbH &amp; Co. KGWalter-Reis-Stra\u00dfe 163785 Obernburg, DeutschlandTelefon: +49 6022 503 0E-Mail:\u00a0info@reisrobotics.com RegistergerichtAschaffenburg HRA 4918Umsatzsteuer-ID:\u00a0DE 274593039DUNS 34 160 3581 Pers\u00f6nlich haftende GesellschaftReis Holding GmbHHandelsregister Amtsgericht Aschaffenburg, HRB 10545 Gesch\u00e4ftsf\u00fchrerUwe Eich Inhaltliche Verantwortung gem\u00e4\u00df \u00a718 Medienstaatsvertrag (MStV)Uwe EichGesch\u00e4ftsf\u00fchrerReis Robotics GmbH &amp; Co. KGWalter-Reis-Stra\u00dfe 163785 Obernburg, DeutschlandTelefon: +49 6022 503 0","og_url":"https:\/\/reisrobotics.com\/de\/impressum\/","og_site_name":"Reis Robotics","article_modified_time":"2026-03-23T12:21:13+00:00","twitter_card":"summary_large_image","twitter_misc":{"Gesch\u00e4tzte Lesezeit":"1\u00a0Minute"},"schema":{"@context":"https:\/\/schema.org","@graph":[{"@type":"WebPage","@id":"https:\/\/reisrobotics.com\/de\/impressum\/","url":"https:\/\/reisrobotics.com\/de\/impressum\/","name":"Impressum - Reis Robotics","isPartOf":{"@id":"https:\/\/reisrobotics.com\/de\/#website"},"datePublished":"2023-06-29T08:28:28+00:00","dateModified":"2026-03-23T12:21:13+00:00","breadcrumb":{"@id":"https:\/\/reisrobotics.com\/de\/impressum\/#breadcrumb"},"inLanguage":"de","potentialAction":[{"@type":"ReadAction","target":["https:\/\/reisrobotics.com\/de\/impressum\/"]}]},{"@type":"BreadcrumbList","@id":"https:\/\/reisrobotics.com\/de\/impressum\/#breadcrumb","itemListElement":[{"@type":"ListItem","position":1,"name":"Home","item":"https:\/\/reisrobotics.com\/de\/"},{"@type":"ListItem","position":2,"name":"Impressum"}]},{"@type":"WebSite","@id":"https:\/\/reisrobotics.com\/de\/#website","url":"https:\/\/reisrobotics.com\/de\/","name":"Reis Robotics","description":"","publisher":{"@id":"https:\/\/reisrobotics.com\/de\/#organization"},"potentialAction":[{"@type":"SearchAction","target":{"@type":"EntryPoint","urlTemplate":"https:\/\/reisrobotics.com\/de\/?s={search_term_string}"},"query-input":{"@type":"PropertyValueSpecification","valueRequired":true,"valueName":"search_term_string"}}],"inLanguage":"de"},{"@type":"Organization","@id":"https:\/\/reisrobotics.com\/de\/#organization","name":"Reis Robotics","url":"https:\/\/reisrobotics.com\/de\/","logo":{"@type":"ImageObject","inLanguage":"de","@id":"https:\/\/reisrobotics.com\/de\/#\/schema\/logo\/image\/","url":"https:\/\/reisrobotics.com\/wp-content\/uploads\/2023\/07\/REIS_LOGO-BLACK.svg","contentUrl":"https:\/\/reisrobotics.com\/wp-content\/uploads\/2023\/07\/REIS_LOGO-BLACK.svg","width":1,"height":1,"caption":"Reis Robotics"},"image":{"@id":"https:\/\/reisrobotics.com\/de\/#\/schema\/logo\/image\/"}}]}},"_links":{"self":[{"href":"https:\/\/reisrobotics.com\/de\/wp-json\/wp\/v2\/pages\/539","targetHints":{"allow":["GET"]}}],"collection":[{"href":"https:\/\/reisrobotics.com\/de\/wp-json\/wp\/v2\/pages"}],"about":[{"href":"https:\/\/reisrobotics.com\/de\/wp-json\/wp\/v2\/types\/page"}],"author":[{"embeddable":true,"href":"https:\/\/reisrobotics.com\/de\/wp-json\/wp\/v2\/users\/1"}],"replies":[{"embeddable":true,"href":"https:\/\/reisrobotics.com\/de\/wp-json\/wp\/v2\/comments?post=539"}],"version-history":[{"count":24,"href":"https:\/\/reisrobotics.com\/de\/wp-json\/wp\/v2\/pages\/539\/revisions"}],"predecessor-version":[{"id":19940,"href":"https:\/\/reisrobotics.com\/de\/wp-json\/wp\/v2\/pages\/539\/revisions\/19940"}],"wp:attachment":[{"href":"https:\/\/reisrobotics.com\/de\/wp-json\/wp\/v2\/media?parent=539"}],"curies":[{"name":"wp","href":"https:\/\/api.w.org\/{rel}","templated":true}]}}