{"id":19059,"date":"2026-03-19T13:14:12","date_gmt":"2026-03-19T12:14:12","guid":{"rendered":"https:\/\/reisrobotics.com\/loesungen\/giessen-entgraten\/deburring-technology\/"},"modified":"2026-03-21T14:59:17","modified_gmt":"2026-03-21T13:59:17","slug":"entgrattechnologie","status":"publish","type":"page","link":"https:\/\/reisrobotics.com\/de\/loesungen\/giessen-entgraten\/entgrattechnologie\/","title":{"rendered":"Entgrattechnologie"},"content":{"rendered":"<p>[et_pb_section fb_built=&#8220;1&#8243; fullwidth=&#8220;on&#8220; module_class=&#8220;full-height-slider&#8220; _builder_version=&#8220;4.27.6&#8243; _module_preset=&#8220;default&#8220; background_color=&#8220;#393E42&#8243; min_height=&#8220;25vh&#8220; min_height_tablet=&#8220;50vh&#8220; min_height_phone=&#8220;auto&#8220; min_height_last_edited=&#8220;on|tablet&#8220; custom_padding=&#8220;||||false|false&#8220; global_colors_info=&#8220;{}&#8220;][et_pb_fullwidth_slider _builder_version=&#8220;4.27.6&#8243; _module_preset=&#8220;default&#8220; header_font=&#8220;|800|||||||&#8220; header_font_size=&#8220;56px&#8220; header_letter_spacing=&#8220;-1px&#8220; body_font=&#8220;|600|||||||&#8220; body_font_size=&#8220;24px&#8220; custom_button=&#8220;on&#8220; button_font=&#8220;|800||on|||||&#8220; button_custom_margin=&#8220;60px||||false|false&#8220; custom_padding=&#8220;201px||135px||false|false&#8220; global_colors_info=&#8220;{}&#8220;][et_pb_slide button_link=&#8220;#about-us&#8220; _builder_version=&#8220;4.27.6&#8243; _module_preset=&#8220;default&#8220; header_level=&#8220;h1&#8243; body_font_size=&#8220;15px&#8220; background_color=&#8220;rgba(59,63,68,0.42)&#8220; background_enable_color=&#8220;on&#8220; background_enable_image=&#8220;off&#8220; background_blend=&#8220;multiply&#8220; background_enable_video_mp4=&#8220;off&#8220; background_enable_video_webm=&#8220;off&#8220; background_video_pause_outside_viewport=&#8220;off&#8220; custom_button=&#8220;on&#8220; button_bg_color=&#8220;#275DA6&#8243; button_border_width=&#8220;0px&#8220; width=&#8220;100%&#8220; max_width=&#8220;100%&#8220; global_colors_info=&#8220;{}&#8220; sticky_transition=&#8220;on&#8220;]<\/p>\n<p>GIE\u00dfEN &amp; ENTGRATEN<\/p>\n<h1>Entgrattechnologie<\/h1>\n<p>[\/et_pb_slide][\/et_pb_fullwidth_slider][\/et_pb_section][et_pb_section fb_built=&#8220;1&#8243; disabled_on=&#8220;off|off|off&#8220; _builder_version=&#8220;4.27.6&#8243; _module_preset=&#8220;default&#8220; background_color=&#8220;#F5F4F4&#8243; custom_padding=&#8220;0px||0px|||&#8220; global_colors_info=&#8220;{}&#8220;][et_pb_row column_structure=&#8220;1_4,1_4,1_4,1_4&#8243; _builder_version=&#8220;4.25.1&#8243; _module_preset=&#8220;default&#8220; global_colors_info=&#8220;{}&#8220;][et_pb_column type=&#8220;1_4&#8243; _builder_version=&#8220;4.25.0&#8243; _module_preset=&#8220;default&#8220; global_colors_info=&#8220;{}&#8220;][et_pb_icon font_icon=&#8220;&#xf058;||fa||900&#8243; icon_color=&#8220;#2799D6&#8243; icon_width=&#8220;70px&#8220; _builder_version=&#8220;4.27.6&#8243; _module_preset=&#8220;default&#8220; global_colors_info=&#8220;{}&#8220;][\/et_pb_icon][et_pb_text _builder_version=&#8220;4.27.6&#8243; _module_preset=&#8220;default&#8220; text_text_color=&#8220;#393E42&#8243; header_3_text_color=&#8220;#2799D6&#8243; width=&#8220;100%&#8220; custom_margin=&#8220;-8px|||||&#8220; global_colors_info=&#8220;{}&#8220;]<\/p>\n<h3 style=\"text-align: center;\">Hochpr\u00e4zises<br \/>Entgraten<\/h3>\n<p style=\"text-align: center;\">Exakte und reproduzierbare Schnittergebnisse durch stabile Pressenkonstruktion<\/p>\n<p>[\/et_pb_text][\/et_pb_column][et_pb_column type=&#8220;1_4&#8243; _builder_version=&#8220;4.25.0&#8243; _module_preset=&#8220;default&#8220; global_colors_info=&#8220;{}&#8220;][et_pb_icon font_icon=&#8220;&#xf074;||fa||900&#8243; icon_color=&#8220;#2799D6&#8243; icon_width=&#8220;70px&#8220; _builder_version=&#8220;4.27.6&#8243; _module_preset=&#8220;default&#8220; global_colors_info=&#8220;{}&#8220;][\/et_pb_icon][et_pb_text _builder_version=&#8220;4.27.6&#8243; _module_preset=&#8220;default&#8220; text_text_color=&#8220;#393E42&#8243; header_3_text_color=&#8220;#2799D6&#8243; custom_margin=&#8220;-8px|||||&#8220; global_colors_info=&#8220;{}&#8220;]<\/p>\n<h3 style=\"text-align: center;\">Flexible<br \/>Integration<\/h3>\n<p style=\"text-align: center;\">Einsetzbar in manuellen, teil- oder vollautomatisierten Prozessen<\/p>\n<p>[\/et_pb_text][\/et_pb_column][et_pb_column type=&#8220;1_4&#8243; _builder_version=&#8220;4.25.0&#8243; _module_preset=&#8220;default&#8220; global_colors_info=&#8220;{}&#8220;][et_pb_icon font_icon=&#8220;&#xf201;||fa||900&#8243; icon_color=&#8220;#2799D6&#8243; icon_width=&#8220;70px&#8220; _builder_version=&#8220;4.27.6&#8243; _module_preset=&#8220;default&#8220; global_colors_info=&#8220;{}&#8220;][\/et_pb_icon][et_pb_text _builder_version=&#8220;4.27.6&#8243; _module_preset=&#8220;default&#8220; text_text_color=&#8220;#393E42&#8243; header_3_text_color=&#8220;#2799D6&#8243; custom_margin=&#8220;-8px|||||&#8220; global_colors_info=&#8220;{}&#8220;]<\/p>\n<h3 style=\"text-align: center;\">Energieeffizienter<br \/>Betrieb<\/h3>\n<p style=\"text-align: center;\">Servo-hydraulische Systeme reduzieren den Energieverbrauch deutlich<\/p>\n<p>[\/et_pb_text][\/et_pb_column][et_pb_column type=&#8220;1_4&#8243; _builder_version=&#8220;4.25.0&#8243; _module_preset=&#8220;default&#8220; global_colors_info=&#8220;{}&#8220;][et_pb_icon font_icon=&#8220;&#xf546;||fa||900&#8243; icon_color=&#8220;#2799D6&#8243; icon_width=&#8220;70px&#8220; _builder_version=&#8220;4.27.6&#8243; _module_preset=&#8220;default&#8220; global_colors_info=&#8220;{}&#8220;][\/et_pb_icon][et_pb_text _builder_version=&#8220;4.27.6&#8243; _module_preset=&#8220;default&#8220; text_text_color=&#8220;#393E42&#8243; header_3_text_color=&#8220;#2799D6&#8243; custom_margin=&#8220;-8px|||||&#8220; global_colors_info=&#8220;{}&#8220;]<\/p>\n<h3 style=\"text-align: center;\">Hohe<br \/>Produktivit\u00e4t<\/h3>\n<p style=\"text-align: center;\">Entgraten und Bearbeiten in einer Aufspannung f\u00fcr maximale Effizienz<\/p>\n<p>[\/et_pb_text][\/et_pb_column][\/et_pb_row][\/et_pb_section][et_pb_section fb_built=&#8220;1&#8243; module_id=&#8220;about-us&#8220; _builder_version=&#8220;4.27.4&#8243; _module_preset=&#8220;default&#8220; width_last_edited=&#8220;off|desktop&#8220; custom_padding=&#8220;0px||0px||false|false&#8220; global_colors_info=&#8220;{}&#8220;][et_pb_row column_structure=&#8220;1_2,1_2&#8243; _builder_version=&#8220;4.27.6&#8243; _module_preset=&#8220;default&#8220; custom_margin=&#8220;||||false|false&#8220; custom_padding=&#8220;60px||0px||false|false&#8220; global_colors_info=&#8220;{}&#8220;][et_pb_column type=&#8220;1_2&#8243; _builder_version=&#8220;4.25.0&#8243; _module_preset=&#8220;default&#8220; global_colors_info=&#8220;{}&#8220;][et_pb_text ul_item_indent=&#8220;50px&#8220; _builder_version=&#8220;4.27.6&#8243; _module_preset=&#8220;default&#8220; hover_enabled=&#8220;0&#8243; global_colors_info=&#8220;{}&#8220; sticky_enabled=&#8220;0&#8243;]<\/p>\n<h4 data-section-id=\"vxm6q3\" data-start=\"1006\" data-end=\"1060\">Effiziente Entgrattechnologien f\u00fcr Gie\u00dfteile<\/h4>\n<p style=\"text-align: justify;\">Das Entgraten ist ein entscheidender Prozessschritt in der Gie\u00dfereiproduktion und beeinflusst ma\u00dfgeblich die Bauteilqualit\u00e4t sowie nachgelagerte Bearbeitungsprozesse. Unsere Entgrattechnologien erm\u00f6glichen ein pr\u00e4zises und zuverl\u00e4ssiges Entfernen von Graten \u2013 auch bei komplexen Geometrien und hohen St\u00fcckzahlen.<\/p>\n<p style=\"text-align: justify;\">Durch robuste Pressensysteme, intelligente Steuerungstechnik und flexible Anlagenkonzepte schaffen wir effiziente L\u00f6sungen, die optimal auf Ihre Produktion abgestimmt sind. Mehrere Bearbeitungsebenen in einer Aufspannung sowie schnelle Programmwechsel sorgen f\u00fcr hohe Produktivit\u00e4t und gleichbleibende Qualit\u00e4t.<\/p>\n<p>[\/et_pb_text][\/et_pb_column][et_pb_column type=&#8220;1_2&#8243; _builder_version=&#8220;4.27.6&#8243; _module_preset=&#8220;default&#8220; background_color=&#8220;#F5F4F4&#8243; background_enable_image=&#8220;off&#8220; background_position=&#8220;center_right&#8220; background_enable_video_mp4=&#8220;off&#8220; custom_padding=&#8220;30px|50px|30px|50px|true|true&#8220; background_last_edited=&#8220;on|desktop&#8220; background_enable_video_mp4_tablet=&#8220;off&#8220; global_colors_info=&#8220;{}&#8220;][et_pb_text _builder_version=&#8220;4.27.6&#8243; _module_preset=&#8220;default&#8220; header_font=&#8220;|800|||||||&#8220; header_2_font=&#8220;|800|||||||&#8220; header_2_font_size=&#8220;32px&#8220; global_colors_info=&#8220;{}&#8220;]<\/p>\n<h3>Ihre Vorteile<\/h3>\n<p>[\/et_pb_text][et_pb_text _builder_version=&#8220;4.27.6&#8243; _module_preset=&#8220;default&#8220; global_colors_info=&#8220;{}&#8220;]<\/p>\n<ul>\n<li>Pr\u00e4zise Schnittergebnisse f\u00fcr gleichbleibende Bauteilqualit\u00e4t<\/li>\n<li>Bearbeitung komplexer Geometrien und gro\u00dfer Bauteile<\/li>\n<li>Reduzierte Taktzeiten durch integrierte Prozesse<\/li>\n<li>Energieeffiziente Servo-Hydraulik<\/li>\n<li>Flexible Anpassung an unterschiedliche Produktionsanforderungen<\/li>\n<\/ul>\n<p>[\/et_pb_text][\/et_pb_column][\/et_pb_row][et_pb_row _builder_version=&#8220;4.27.6&#8243; _module_preset=&#8220;default&#8220; global_colors_info=&#8220;{}&#8220;][et_pb_column type=&#8220;4_4&#8243; _builder_version=&#8220;4.27.6&#8243; _module_preset=&#8220;default&#8220; global_colors_info=&#8220;{}&#8220;][et_pb_button button_url=&#8220;#module&#8220; button_text=&#8220;KONTAKT&#8220; button_alignment=&#8220;left&#8220; admin_label=&#8220;Button&#8220; module_class=&#8220;btnFlex&#8220; _builder_version=&#8220;4.27.6&#8243; _module_preset=&#8220;c2718fde-5960-41fa-a547-649b76658876&#8243; custom_button=&#8220;on&#8220; button_text_size=&#8220;16px&#8220; button_text_color=&#8220;#FFFFFF&#8220; button_bg_color=&#8220;#2799D6&#8243; button_border_width=&#8220;0px&#8220; button_border_radius=&#8220;8px&#8220; button_font=&#8220;|||on|||||&#8220; button_icon=&#8220;&#xe076;||divi||400&#8243; button_icon_placement=&#8220;left&#8220; button_on_hover=&#8220;off&#8220; custom_margin=&#8220;||||false|false&#8220; custom_padding=&#8220;|22px||44px|false|false&#8220; global_colors_info=&#8220;{}&#8220; button_bg_color__hover=&#8220;#2799D6&#8243; button_bg_color__hover_enabled=&#8220;on|hover&#8220; button_bg_enable_color__hover=&#8220;on&#8220;][\/et_pb_button][\/et_pb_column][\/et_pb_row][\/et_pb_section][et_pb_section fb_built=&#8220;1&#8243; _builder_version=&#8220;4.25.0&#8243; _module_preset=&#8220;default&#8220; custom_padding=&#8220;0px|||||&#8220; global_colors_info=&#8220;{}&#8220;][et_pb_row _builder_version=&#8220;4.25.1&#8243; _module_preset=&#8220;default&#8220; custom_padding=&#8220;0px|||||&#8220; global_colors_info=&#8220;{}&#8220;][et_pb_column type=&#8220;4_4&#8243; _builder_version=&#8220;4.25.1&#8243; _module_preset=&#8220;default&#8220; global_colors_info=&#8220;{}&#8220;][et_pb_button button_url=&#8220;@ET-DC@eyJkeW5hbWljIjp0cnVlLCJjb250ZW50IjoicG9zdF9saW5rX3VybF9wYWdlIiwic2V0dGluZ3MiOnsicG9zdF9pZCI6IjE0NTQ2In19@&#8220; button_text=&#8220;ZUR\u00dcCK&#8220; _builder_version=&#8220;4.27.6&#8243; _dynamic_attributes=&#8220;button_url&#8220; _module_preset=&#8220;c2718fde-5960-41fa-a547-649b76658876&#8243; custom_button=&#8220;on&#8220; button_text_size=&#8220;14px&#8220; button_text_color=&#8220;#393E42&#8243; button_bg_color=&#8220;#F5F4F4&#8243; button_border_width=&#8220;0px&#8220; button_border_radius=&#8220;8px&#8220; button_font=&#8220;|||on|||||&#8220; button_use_icon=&#8220;off&#8220; custom_margin=&#8220;25px||||false|false&#8220; custom_margin_tablet=&#8220;25px||||false|false&#8220; custom_margin_phone=&#8220;25px||||false|false&#8220; custom_margin_last_edited=&#8220;on|desktop&#8220; custom_padding=&#8220;15px|25px|15px|25px|true|true&#8220; global_colors_info=&#8220;{}&#8220; button_bg_color__hover=&#8220;#F5F4F4&#8243; button_bg_color__hover_enabled=&#8220;on|hover&#8220; button_bg_enable_color__hover=&#8220;on&#8220;][\/et_pb_button][\/et_pb_column][\/et_pb_row][\/et_pb_section]<\/p>\n","protected":false},"excerpt":{"rendered":"<p>GIE\u00dfEN &amp; ENTGRATEN EntgrattechnologieHochpr\u00e4zisesEntgraten Exakte und reproduzierbare Schnittergebnisse durch stabile PressenkonstruktionFlexibleIntegration Einsetzbar in manuellen, teil- oder vollautomatisierten ProzessenEnergieeffizienterBetrieb Servo-hydraulische Systeme reduzieren den Energieverbrauch deutlichHoheProduktivit\u00e4t Entgraten und Bearbeiten in einer Aufspannung f\u00fcr maximale EffizienzEffiziente Entgrattechnologien f\u00fcr Gie\u00dfteile Das Entgraten ist ein entscheidender Prozessschritt in der Gie\u00dfereiproduktion und beeinflusst ma\u00dfgeblich die Bauteilqualit\u00e4t sowie nachgelagerte Bearbeitungsprozesse. Unsere Entgrattechnologien erm\u00f6glichen ein pr\u00e4zises und zuverl\u00e4ssiges Entfernen von Graten \u2013 auch bei komplexen Geometrien und hohen St\u00fcckzahlen. Durch robuste Pressensysteme, intelligente Steuerungstechnik und flexible Anlagenkonzepte schaffen wir effiziente L\u00f6sungen, die optimal auf Ihre Produktion abgestimmt sind. Mehrere Bearbeitungsebenen in einer Aufspannung sowie schnelle Programmwechsel sorgen f\u00fcr hohe Produktivit\u00e4t und gleichbleibende Qualit\u00e4t.Ihre Vorteile Pr\u00e4zise Schnittergebnisse f\u00fcr gleichbleibende Bauteilqualit\u00e4t Bearbeitung komplexer Geometrien und gro\u00dfer Bauteile Reduzierte Taktzeiten durch integrierte Prozesse Energieeffiziente Servo-Hydraulik Flexible Anpassung an unterschiedliche Produktionsanforderungen<\/p>\n","protected":false},"author":1,"featured_media":0,"parent":15110,"menu_order":0,"comment_status":"closed","ping_status":"closed","template":"","meta":{"_acf_changed":false,"_et_pb_use_builder":"on","_et_pb_old_content":"","_et_gb_content_width":"","footnotes":""},"class_list":["post-19059","page","type-page","status-publish","hentry"],"acf":[],"yoast_head":"<!-- This site is optimized with the Yoast SEO plugin v27.2 - https:\/\/yoast.com\/product\/yoast-seo-wordpress\/ -->\n<title>Entgrattechnologie - Reis Robotics<\/title>\n<meta name=\"robots\" content=\"index, follow, max-snippet:-1, max-image-preview:large, max-video-preview:-1\" \/>\n<link rel=\"canonical\" href=\"https:\/\/reisrobotics.com\/de\/loesungen\/giessen-entgraten\/entgrattechnologie\/\" \/>\n<meta property=\"og:locale\" content=\"de_DE\" \/>\n<meta property=\"og:type\" content=\"article\" \/>\n<meta property=\"og:title\" content=\"Entgrattechnologie - Reis Robotics\" \/>\n<meta property=\"og:description\" content=\"GIE\u00dfEN &amp; ENTGRATEN EntgrattechnologieHochpr\u00e4zisesEntgraten Exakte und reproduzierbare Schnittergebnisse durch stabile PressenkonstruktionFlexibleIntegration Einsetzbar in manuellen, teil- oder vollautomatisierten ProzessenEnergieeffizienterBetrieb Servo-hydraulische Systeme reduzieren den Energieverbrauch deutlichHoheProduktivit\u00e4t Entgraten und Bearbeiten in einer Aufspannung f\u00fcr maximale EffizienzEffiziente Entgrattechnologien f\u00fcr Gie\u00dfteile Das Entgraten ist ein entscheidender Prozessschritt in der Gie\u00dfereiproduktion und beeinflusst ma\u00dfgeblich die Bauteilqualit\u00e4t sowie nachgelagerte Bearbeitungsprozesse. Unsere Entgrattechnologien erm\u00f6glichen ein pr\u00e4zises und zuverl\u00e4ssiges Entfernen von Graten \u2013 auch bei komplexen Geometrien und hohen St\u00fcckzahlen. Durch robuste Pressensysteme, intelligente Steuerungstechnik und flexible Anlagenkonzepte schaffen wir effiziente L\u00f6sungen, die optimal auf Ihre Produktion abgestimmt sind. Mehrere Bearbeitungsebenen in einer Aufspannung sowie schnelle Programmwechsel sorgen f\u00fcr hohe Produktivit\u00e4t und gleichbleibende Qualit\u00e4t.Ihre Vorteile Pr\u00e4zise Schnittergebnisse f\u00fcr gleichbleibende Bauteilqualit\u00e4t Bearbeitung komplexer Geometrien und gro\u00dfer Bauteile Reduzierte Taktzeiten durch integrierte Prozesse Energieeffiziente Servo-Hydraulik Flexible Anpassung an unterschiedliche Produktionsanforderungen\" \/>\n<meta property=\"og:url\" content=\"https:\/\/reisrobotics.com\/de\/loesungen\/giessen-entgraten\/entgrattechnologie\/\" \/>\n<meta property=\"og:site_name\" content=\"Reis Robotics\" \/>\n<meta property=\"article:modified_time\" content=\"2026-03-21T13:59:17+00:00\" \/>\n<meta name=\"twitter:card\" content=\"summary_large_image\" \/>\n<meta name=\"twitter:label1\" content=\"Gesch\u00e4tzte Lesezeit\" \/>\n\t<meta name=\"twitter:data1\" content=\"1\u00a0Minute\" \/>\n<script type=\"application\/ld+json\" class=\"yoast-schema-graph\">{\"@context\":\"https:\/\/schema.org\",\"@graph\":[{\"@type\":\"WebPage\",\"@id\":\"https:\/\/reisrobotics.com\/de\/loesungen\/giessen-entgraten\/entgrattechnologie\/\",\"url\":\"https:\/\/reisrobotics.com\/de\/loesungen\/giessen-entgraten\/entgrattechnologie\/\",\"name\":\"Entgrattechnologie - Reis Robotics\",\"isPartOf\":{\"@id\":\"https:\/\/reisrobotics.com\/de\/#website\"},\"datePublished\":\"2026-03-19T12:14:12+00:00\",\"dateModified\":\"2026-03-21T13:59:17+00:00\",\"breadcrumb\":{\"@id\":\"https:\/\/reisrobotics.com\/de\/loesungen\/giessen-entgraten\/entgrattechnologie\/#breadcrumb\"},\"inLanguage\":\"de\",\"potentialAction\":[{\"@type\":\"ReadAction\",\"target\":[\"https:\/\/reisrobotics.com\/de\/loesungen\/giessen-entgraten\/entgrattechnologie\/\"]}]},{\"@type\":\"BreadcrumbList\",\"@id\":\"https:\/\/reisrobotics.com\/de\/loesungen\/giessen-entgraten\/entgrattechnologie\/#breadcrumb\",\"itemListElement\":[{\"@type\":\"ListItem\",\"position\":1,\"name\":\"Home\",\"item\":\"https:\/\/reisrobotics.com\/de\/\"},{\"@type\":\"ListItem\",\"position\":2,\"name\":\"L\u00f6sungen\",\"item\":\"https:\/\/reisrobotics.com\/de\/solutions\/\"},{\"@type\":\"ListItem\",\"position\":3,\"name\":\"Gie\u00dfen &#038; Entgraten\",\"item\":\"https:\/\/reisrobotics.com\/de\/solutions\/casting-deburring\/\"},{\"@type\":\"ListItem\",\"position\":4,\"name\":\"Entgrattechnologie\"}]},{\"@type\":\"WebSite\",\"@id\":\"https:\/\/reisrobotics.com\/de\/#website\",\"url\":\"https:\/\/reisrobotics.com\/de\/\",\"name\":\"Reis Robotics\",\"description\":\"\",\"publisher\":{\"@id\":\"https:\/\/reisrobotics.com\/de\/#organization\"},\"potentialAction\":[{\"@type\":\"SearchAction\",\"target\":{\"@type\":\"EntryPoint\",\"urlTemplate\":\"https:\/\/reisrobotics.com\/de\/?s={search_term_string}\"},\"query-input\":{\"@type\":\"PropertyValueSpecification\",\"valueRequired\":true,\"valueName\":\"search_term_string\"}}],\"inLanguage\":\"de\"},{\"@type\":\"Organization\",\"@id\":\"https:\/\/reisrobotics.com\/de\/#organization\",\"name\":\"Reis Robotics\",\"url\":\"https:\/\/reisrobotics.com\/de\/\",\"logo\":{\"@type\":\"ImageObject\",\"inLanguage\":\"de\",\"@id\":\"https:\/\/reisrobotics.com\/de\/#\/schema\/logo\/image\/\",\"url\":\"https:\/\/reisrobotics.com\/wp-content\/uploads\/2023\/07\/REIS_LOGO-BLACK.svg\",\"contentUrl\":\"https:\/\/reisrobotics.com\/wp-content\/uploads\/2023\/07\/REIS_LOGO-BLACK.svg\",\"width\":1,\"height\":1,\"caption\":\"Reis Robotics\"},\"image\":{\"@id\":\"https:\/\/reisrobotics.com\/de\/#\/schema\/logo\/image\/\"}}]}<\/script>\n<!-- \/ Yoast SEO plugin. -->","yoast_head_json":{"title":"Entgrattechnologie - Reis Robotics","robots":{"index":"index","follow":"follow","max-snippet":"max-snippet:-1","max-image-preview":"max-image-preview:large","max-video-preview":"max-video-preview:-1"},"canonical":"https:\/\/reisrobotics.com\/de\/loesungen\/giessen-entgraten\/entgrattechnologie\/","og_locale":"de_DE","og_type":"article","og_title":"Entgrattechnologie - Reis Robotics","og_description":"GIE\u00dfEN &amp; ENTGRATEN EntgrattechnologieHochpr\u00e4zisesEntgraten Exakte und reproduzierbare Schnittergebnisse durch stabile PressenkonstruktionFlexibleIntegration Einsetzbar in manuellen, teil- oder vollautomatisierten ProzessenEnergieeffizienterBetrieb Servo-hydraulische Systeme reduzieren den Energieverbrauch deutlichHoheProduktivit\u00e4t Entgraten und Bearbeiten in einer Aufspannung f\u00fcr maximale EffizienzEffiziente Entgrattechnologien f\u00fcr Gie\u00dfteile Das Entgraten ist ein entscheidender Prozessschritt in der Gie\u00dfereiproduktion und beeinflusst ma\u00dfgeblich die Bauteilqualit\u00e4t sowie nachgelagerte Bearbeitungsprozesse. Unsere Entgrattechnologien erm\u00f6glichen ein pr\u00e4zises und zuverl\u00e4ssiges Entfernen von Graten \u2013 auch bei komplexen Geometrien und hohen St\u00fcckzahlen. Durch robuste Pressensysteme, intelligente Steuerungstechnik und flexible Anlagenkonzepte schaffen wir effiziente L\u00f6sungen, die optimal auf Ihre Produktion abgestimmt sind. Mehrere Bearbeitungsebenen in einer Aufspannung sowie schnelle Programmwechsel sorgen f\u00fcr hohe Produktivit\u00e4t und gleichbleibende Qualit\u00e4t.Ihre Vorteile Pr\u00e4zise Schnittergebnisse f\u00fcr gleichbleibende Bauteilqualit\u00e4t Bearbeitung komplexer Geometrien und gro\u00dfer Bauteile Reduzierte Taktzeiten durch integrierte Prozesse Energieeffiziente Servo-Hydraulik Flexible Anpassung an unterschiedliche Produktionsanforderungen","og_url":"https:\/\/reisrobotics.com\/de\/loesungen\/giessen-entgraten\/entgrattechnologie\/","og_site_name":"Reis Robotics","article_modified_time":"2026-03-21T13:59:17+00:00","twitter_card":"summary_large_image","twitter_misc":{"Gesch\u00e4tzte Lesezeit":"1\u00a0Minute"},"schema":{"@context":"https:\/\/schema.org","@graph":[{"@type":"WebPage","@id":"https:\/\/reisrobotics.com\/de\/loesungen\/giessen-entgraten\/entgrattechnologie\/","url":"https:\/\/reisrobotics.com\/de\/loesungen\/giessen-entgraten\/entgrattechnologie\/","name":"Entgrattechnologie - Reis Robotics","isPartOf":{"@id":"https:\/\/reisrobotics.com\/de\/#website"},"datePublished":"2026-03-19T12:14:12+00:00","dateModified":"2026-03-21T13:59:17+00:00","breadcrumb":{"@id":"https:\/\/reisrobotics.com\/de\/loesungen\/giessen-entgraten\/entgrattechnologie\/#breadcrumb"},"inLanguage":"de","potentialAction":[{"@type":"ReadAction","target":["https:\/\/reisrobotics.com\/de\/loesungen\/giessen-entgraten\/entgrattechnologie\/"]}]},{"@type":"BreadcrumbList","@id":"https:\/\/reisrobotics.com\/de\/loesungen\/giessen-entgraten\/entgrattechnologie\/#breadcrumb","itemListElement":[{"@type":"ListItem","position":1,"name":"Home","item":"https:\/\/reisrobotics.com\/de\/"},{"@type":"ListItem","position":2,"name":"L\u00f6sungen","item":"https:\/\/reisrobotics.com\/de\/solutions\/"},{"@type":"ListItem","position":3,"name":"Gie\u00dfen &#038; Entgraten","item":"https:\/\/reisrobotics.com\/de\/solutions\/casting-deburring\/"},{"@type":"ListItem","position":4,"name":"Entgrattechnologie"}]},{"@type":"WebSite","@id":"https:\/\/reisrobotics.com\/de\/#website","url":"https:\/\/reisrobotics.com\/de\/","name":"Reis Robotics","description":"","publisher":{"@id":"https:\/\/reisrobotics.com\/de\/#organization"},"potentialAction":[{"@type":"SearchAction","target":{"@type":"EntryPoint","urlTemplate":"https:\/\/reisrobotics.com\/de\/?s={search_term_string}"},"query-input":{"@type":"PropertyValueSpecification","valueRequired":true,"valueName":"search_term_string"}}],"inLanguage":"de"},{"@type":"Organization","@id":"https:\/\/reisrobotics.com\/de\/#organization","name":"Reis Robotics","url":"https:\/\/reisrobotics.com\/de\/","logo":{"@type":"ImageObject","inLanguage":"de","@id":"https:\/\/reisrobotics.com\/de\/#\/schema\/logo\/image\/","url":"https:\/\/reisrobotics.com\/wp-content\/uploads\/2023\/07\/REIS_LOGO-BLACK.svg","contentUrl":"https:\/\/reisrobotics.com\/wp-content\/uploads\/2023\/07\/REIS_LOGO-BLACK.svg","width":1,"height":1,"caption":"Reis Robotics"},"image":{"@id":"https:\/\/reisrobotics.com\/de\/#\/schema\/logo\/image\/"}}]}},"_links":{"self":[{"href":"https:\/\/reisrobotics.com\/de\/wp-json\/wp\/v2\/pages\/19059","targetHints":{"allow":["GET"]}}],"collection":[{"href":"https:\/\/reisrobotics.com\/de\/wp-json\/wp\/v2\/pages"}],"about":[{"href":"https:\/\/reisrobotics.com\/de\/wp-json\/wp\/v2\/types\/page"}],"author":[{"embeddable":true,"href":"https:\/\/reisrobotics.com\/de\/wp-json\/wp\/v2\/users\/1"}],"replies":[{"embeddable":true,"href":"https:\/\/reisrobotics.com\/de\/wp-json\/wp\/v2\/comments?post=19059"}],"version-history":[{"count":4,"href":"https:\/\/reisrobotics.com\/de\/wp-json\/wp\/v2\/pages\/19059\/revisions"}],"predecessor-version":[{"id":19590,"href":"https:\/\/reisrobotics.com\/de\/wp-json\/wp\/v2\/pages\/19059\/revisions\/19590"}],"up":[{"embeddable":true,"href":"https:\/\/reisrobotics.com\/de\/wp-json\/wp\/v2\/pages\/15110"}],"wp:attachment":[{"href":"https:\/\/reisrobotics.com\/de\/wp-json\/wp\/v2\/media?parent=19059"}],"curies":[{"name":"wp","href":"https:\/\/api.w.org\/{rel}","templated":true}]}}