{"id":18975,"date":"2026-03-11T11:41:34","date_gmt":"2026-03-11T10:41:34","guid":{"rendered":"https:\/\/reisrobotics.com\/loesungen\/software-control\/"},"modified":"2026-03-21T16:39:34","modified_gmt":"2026-03-21T15:39:34","slug":"software-steuerung","status":"publish","type":"page","link":"https:\/\/reisrobotics.com\/de\/loesungen\/software-steuerung\/","title":{"rendered":"Software &#038; Steuerung"},"content":{"rendered":"<p>[et_pb_section fb_built=&#8220;1&#8243; fullwidth=&#8220;on&#8220; module_class=&#8220;full-height-slider&#8220; _builder_version=&#8220;4.25.0&#8243; _module_preset=&#8220;default&#8220; min_height=&#8220;50vh&#8220; global_colors_info=&#8220;{}&#8220;][et_pb_fullwidth_slider _builder_version=&#8220;4.27.6&#8243; _module_preset=&#8220;default&#8220; header_font=&#8220;|800|||||||&#8220; header_font_size=&#8220;56px&#8220; header_letter_spacing=&#8220;-1px&#8220; body_font=&#8220;|600|||||||&#8220; body_font_size=&#8220;24px&#8220; custom_button=&#8220;on&#8220; button_font=&#8220;|800||on|||||&#8220; button_custom_margin=&#8220;60px||||false|false&#8220; min_height=&#8220;50vh&#8220; hover_enabled=&#8220;0&#8243; global_colors_info=&#8220;{}&#8220; sticky_enabled=&#8220;0&#8243;][et_pb_slide heading=&#8220;Software &#038; Steuerung&#8220; button_link=&#8220;#about-us&#8220; _builder_version=&#8220;4.27.6&#8243; _module_preset=&#8220;default&#8220; header_level=&#8220;h1&#8243; background_color=&#8220;rgba(0,13,43,0.37)&#8220; background_enable_color=&#8220;on&#8220; background_image=&#8220;https:\/\/reisrobotics.com\/wp-content\/uploads\/2026\/03\/ChatGPT-Image-21.-Marz-2026-16_38_26.png&#8220; background_enable_image=&#8220;on&#8220; background_blend=&#8220;overlay&#8220; custom_button=&#8220;on&#8220; button_bg_color=&#8220;#275DA6&#8243; button_border_width=&#8220;0px&#8220; width=&#8220;100%&#8220; max_width=&#8220;100%&#8220; hover_enabled=&#8220;0&#8243; global_colors_info=&#8220;{}&#8220; sticky_transition=&#8220;on&#8220; title_text=&#8220;ChatGPT Image 21. M\u00e4rz 2026, 16_38_26&#8243; sticky_enabled=&#8220;0&#8243;][\/et_pb_slide][\/et_pb_fullwidth_slider][\/et_pb_section][et_pb_section fb_built=&#8220;1&#8243; admin_label=&#8220;Section&#8220; _builder_version=&#8220;4.27.6&#8243; _module_preset=&#8220;default&#8220; background_color=&#8220;#FFFFFF&#8220; global_colors_info=&#8220;{}&#8220;][et_pb_row _builder_version=&#8220;4.25.0&#8243; _module_preset=&#8220;default&#8220; global_colors_info=&#8220;{}&#8220;][et_pb_column type=&#8220;4_4&#8243; _builder_version=&#8220;4.18.0&#8243; _module_preset=&#8220;default&#8220; global_colors_info=&#8220;{}&#8220;][et_pb_text _builder_version=&#8220;4.27.6&#8243; _module_preset=&#8220;_initial&#8220; header_2_font=&#8220;|800|||||||&#8220; header_2_font_size=&#8220;25px&#8220; global_colors_info=&#8220;{}&#8220;]<\/p>\n<h2 style=\"text-align: center;\"><strong data-start=\"214\" data-end=\"238\">SOFTWARE &amp; STEUERUNG<\/strong><\/h2>\n<h4 style=\"text-align: center;\"><strong data-start=\"241\" data-end=\"282\">INTELLIGENT, VERNETZT, LEISTUNGSSTARK<\/strong><\/h4>\n<p>[\/et_pb_text][et_pb_text _builder_version=&#8220;4.27.6&#8243; _module_preset=&#8220;_initial&#8220; text_font_size=&#8220;18px&#8220; header_font=&#8220;&#8211;et_global_heading_font|800|||||||&#8220; header_font_size=&#8220;46px&#8220; header_2_font=&#8220;|700|||||||&#8220; header_2_font_size=&#8220;24px&#8220; text_orientation=&#8220;center&#8220; global_colors_info=&#8220;{}&#8220;]<\/p>\n<p data-start=\"284\" data-end=\"498\">Unsere Software- und Steuerungsl\u00f6sungen bilden das zentrale Nervensystem Ihrer Automationsanlage. Sie erm\u00f6glichen die <strong>nahtlose Integration<\/strong> von Robotern, Maschinen und Peripherie <strong>zu einem durchg\u00e4ngigen Gesamtsystem<\/strong>.<\/p>\n<p data-start=\"500\" data-end=\"774\">Mit unserer <strong>Steuerungsplattform<\/strong> und modernen Edge-Computing-L\u00f6sungen schaffen wir Transparenz, erh\u00f6hen die Prozessstabilit\u00e4t und erm\u00f6glichen eine flexible Anpassung an neue Anforderungen. So entstehen zukunftssichere Produktionssysteme mit maximaler Effizienz und Kontrolle.<\/p>\n<p>[\/et_pb_text][\/et_pb_column][\/et_pb_row][\/et_pb_section][et_pb_section fb_built=&#8220;1&#8243; admin_label=&#8220;Section&#8220; _builder_version=&#8220;4.27.6&#8243; _module_preset=&#8220;default&#8220; background_color=&#8220;#F5F4F4&#8243; global_colors_info=&#8220;{}&#8220;][et_pb_row column_structure=&#8220;1_4,1_4,1_4,1_4&#8243; use_custom_gutter=&#8220;on&#8220; gutter_width=&#8220;2&#8243; _builder_version=&#8220;4.27.6&#8243; _module_preset=&#8220;default&#8220; width=&#8220;90%&#8220; max_width=&#8220;none&#8220; global_colors_info=&#8220;{}&#8220;][et_pb_column type=&#8220;1_4&#8243; _builder_version=&#8220;4.18.0&#8243; _module_preset=&#8220;default&#8220; global_colors_info=&#8220;{}&#8220;][\/et_pb_column][et_pb_column type=&#8220;1_4&#8243; _builder_version=&#8220;4.18.0&#8243; _module_preset=&#8220;default&#8220; global_colors_info=&#8220;{}&#8220;][dsm_card title=&#8220;ROBOTstar VII&#8220; subtitle=&#8220;Steuerungsplattform&#8220; image=&#8220;https:\/\/reisrobotics.com\/wp-content\/uploads\/2024\/07\/Robot-Controller-Reis-ROBOTstar-VII-pad.jpg&#8220; image_background_height=&#8220;300px&#8220; image_background_position=&#8220;top&#8220; circle_color=&#8220;#2799D6&#8243; image_alignment=&#8220;center&#8220; use_overlay=&#8220;on&#8220; overlay_color=&#8220;rgba(255,255,255,0.32)&#8220; hover_icon=&#8220;&#xe054;||divi||400&#8243; button_url_new_window=&#8220;1&#8243; _builder_version=&#8220;4.27.6&#8243; _dynamic_attributes=&#8220;link_option_url&#8220; _module_preset=&#8220;default&#8220; header_level=&#8220;h3&#8243; header_text_align=&#8220;center&#8220; custom_button=&#8220;on&#8220; button_alignment=&#8220;center&#8220; text_orientation=&#8220;center&#8220; link_option_url=&#8220;@ET-DC@eyJkeW5hbWljIjp0cnVlLCJjb250ZW50IjoicG9zdF9saW5rX3VybF9wYWdlIiwic2V0dGluZ3MiOnsicG9zdF9pZCI6IjE5MjIyIn19@&#8220; border_radii_image=&#8220;on|20px|20px|20px|20px&#8220; global_colors_info=&#8220;{}&#8220;][\/dsm_card][\/et_pb_column][et_pb_column type=&#8220;1_4&#8243; _builder_version=&#8220;4.18.0&#8243; _module_preset=&#8220;default&#8220; global_colors_info=&#8220;{}&#8220;][dsm_card title=&#8220;Edge Computing&#8220; subtitle=&#8220;Apps und Monitoring&#8220; image=&#8220;https:\/\/reisrobotics.com\/wp-content\/uploads\/2026\/03\/Edge-Computing-scaled-1.jpg&#8220; image_background_height=&#8220;300px&#8220; image_background_position=&#8220;center_left&#8220; circle_color=&#8220;#2799D6&#8243; image_alignment=&#8220;center&#8220; use_overlay=&#8220;on&#8220; overlay_color=&#8220;rgba(255,255,255,0.32)&#8220; hover_icon=&#8220;&#xe054;||divi||400&#8243; button_url_new_window=&#8220;1&#8243; _builder_version=&#8220;4.27.6&#8243; _dynamic_attributes=&#8220;link_option_url&#8220; _module_preset=&#8220;default&#8220; header_level=&#8220;h3&#8243; header_text_align=&#8220;center&#8220; custom_button=&#8220;on&#8220; button_alignment=&#8220;center&#8220; text_orientation=&#8220;center&#8220; link_option_url=&#8220;@ET-DC@eyJkeW5hbWljIjp0cnVlLCJjb250ZW50IjoicG9zdF9saW5rX3VybF9wYWdlIiwic2V0dGluZ3MiOnsicG9zdF9pZCI6IjE5MjI3In19@&#8220; border_radii_image=&#8220;on|20px|20px|20px|20px&#8220; global_colors_info=&#8220;{}&#8220;][\/dsm_card][\/et_pb_column][et_pb_column type=&#8220;1_4&#8243; _builder_version=&#8220;4.18.0&#8243; _module_preset=&#8220;default&#8220; global_colors_info=&#8220;{}&#8220;][\/et_pb_column][\/et_pb_row][\/et_pb_section][et_pb_section fb_built=&#8220;1&#8243; admin_label=&#8220;Section&#8220; module_id=&#8220;modulo&#8220; _builder_version=&#8220;4.27.6&#8243; _module_preset=&#8220;default&#8220; background_color=&#8220;#393E42&#8243; use_background_color_gradient=&#8220;on&#8220; background_color_gradient_type=&#8220;circular&#8220; background_color_gradient_stops=&#8220;#687279 0%|#393e42 100%&#8220; saved_tabs=&#8220;all&#8220; global_colors_info=&#8220;{}&#8220;][et_pb_row _builder_version=&#8220;4.25.0&#8243; _module_preset=&#8220;default&#8220; global_colors_info=&#8220;{}&#8220;][et_pb_column type=&#8220;4_4&#8243; _builder_version=&#8220;4.25.0&#8243; _module_preset=&#8220;default&#8220; global_colors_info=&#8220;{}&#8220;][et_pb_text _builder_version=&#8220;4.27.6&#8243; _module_preset=&#8220;_initial&#8220; header_2_font=&#8220;|800|||||||&#8220; header_2_text_align=&#8220;left&#8220; header_2_text_color=&#8220;#F1F2F4&#8243; header_3_font=&#8220;|800|||||||&#8220; text_orientation=&#8220;center&#8220; global_colors_info=&#8220;{}&#8220;]<\/p>\n<h2 style=\"text-align: center;\">Kontakt aufnehmen!<\/h2>\n<p>[\/et_pb_text][\/et_pb_column][\/et_pb_row][et_pb_row _builder_version=&#8220;4.27.0&#8243; _module_preset=&#8220;default&#8220; global_colors_info=&#8220;{}&#8220;][et_pb_column type=&#8220;4_4&#8243; _builder_version=&#8220;4.27.0&#8243; _module_preset=&#8220;default&#8220; global_colors_info=&#8220;{}&#8220;][dsm_contact_form_7 cf7_library=&#8220;13334&#8243; label_bottom_spacing=&#8220;20px&#8220; module_class=&#8220;white&#8220; _builder_version=&#8220;4.27.6&#8243; _module_preset=&#8220;07cb4d10-5dd0-4528-8bd8-97b162eccde7&#8243; labels_font=&#8220;|||on|||||&#8220; labels_text_color=&#8220;#F1F2F4&#8243; radio_checkbox_text_color=&#8220;#FFFFFF&#8220; custom_button_one=&#8220;on&#8220; button_one_text_color=&#8220;#393E42&#8243; button_one_bg_color=&#8220;#F1F2F4&#8243; button_one_border_width=&#8220;0px&#8220; button_one_border_radius=&#8220;10px&#8220; button_one_custom_margin=&#8220;20px||||false|false&#8220; width=&#8220;60%&#8220; module_alignment=&#8220;center&#8220; border_radii_image=&#8220;on|10px|10px|10px|10px&#8220; global_colors_info=&#8220;{}&#8220;][\/dsm_contact_form_7][\/et_pb_column][\/et_pb_row][\/et_pb_section]<\/p>\n","protected":false},"excerpt":{"rendered":"<p>SOFTWARE &amp; STEUERUNG INTELLIGENT, VERNETZT, LEISTUNGSSTARKUnsere Software- und Steuerungsl\u00f6sungen bilden das zentrale Nervensystem Ihrer Automationsanlage. Sie erm\u00f6glichen die nahtlose Integration von Robotern, Maschinen und Peripherie zu einem durchg\u00e4ngigen Gesamtsystem. Mit unserer Steuerungsplattform und modernen Edge-Computing-L\u00f6sungen schaffen wir Transparenz, erh\u00f6hen die Prozessstabilit\u00e4t und erm\u00f6glichen eine flexible Anpassung an neue Anforderungen. So entstehen zukunftssichere Produktionssysteme mit maximaler Effizienz und Kontrolle.<div class=\"et_pb_module dsm_card dsm_card_0 et_pb_bg_layout_light  dsm_card_layout_stacked et_pb_has_overlay\">\n\t\t\t\t\n\t\t\t\t\n\t\t\t\t\n\t\t\t\t\n\t\t\t\t\n\t\t\t\t\n\t\t\t\t<div class=\"et_pb_module_inner\">\n\t\t\t\t\t\n\t\t\t\n\t\t\t<figure class=\"dsm_card_image_wrapper dsm_card_badge_top_right\"><div class=\"dsm_card_image_background dsm_card_img\"><\/div><span class=\"et_overlay et_pb_inline_icon\" data-icon=\"&#xe054;\"><\/span><\/figure>\n\t\t\t<div class=\"et_pb_module dsm_card_wrapper et_pb_text_align_center\">\n\t\t\t\t\t\n\t\t\t\t\t<h3 class=\"dsm_card_title et_pb_module_header\">ROBOTstar VII<\/h3>\n\t\t\t\t\t<div class=\"dsm_card_subtitle\">Steuerungsplattform<\/div>\n\t\t\t\t\t\n\t\t\t\t\t\n\t\t\t\t<\/div>\n\t\t\t\n\t\t\t\t<\/div>\n\t\t\t<\/div><div class=\"et_pb_module dsm_card dsm_card_1 et_pb_bg_layout_light  dsm_card_layout_stacked et_pb_has_overlay\">\n\t\t\t\t\n\t\t\t\t\n\t\t\t\t\n\t\t\t\t\n\t\t\t\t\n\t\t\t\t\n\t\t\t\t<div class=\"et_pb_module_inner\">\n\t\t\t\t\t\n\t\t\t\n\t\t\t<figure class=\"dsm_card_image_wrapper dsm_card_badge_top_right\"><div class=\"dsm_card_image_background dsm_card_img\"><\/div><span class=\"et_overlay et_pb_inline_icon\" data-icon=\"&#xe054;\"><\/span><\/figure>\n\t\t\t<div class=\"et_pb_module dsm_card_wrapper et_pb_text_align_center\">\n\t\t\t\t\t\n\t\t\t\t\t<h3 class=\"dsm_card_title et_pb_module_header\">Edge Computing<\/h3>\n\t\t\t\t\t<div class=\"dsm_card_subtitle\">Apps und Monitoring<\/div>\n\t\t\t\t\t\n\t\t\t\t\t\n\t\t\t\t<\/div>\n\t\t\t\n\t\t\t\t<\/div>\n\t\t\t<\/div>Kontakt aufnehmen!<div class=\"et_pb_module dsm_contact_form_7 dsm_contact_form_7_0 white\">\n\t\t\t\t\n\t\t\t\t\n\t\t\t\t\n\t\t\t\t\n\t\t\t\t\n\t\t\t\t\n\t\t\t\t<div class=\"et_pb_module_inner\">\n\t\t\t\t\t<div class=\"\">\n\t\t\t\t\n<div class=\"wpcf7 no-js\" id=\"wpcf7-f13334-o1\" lang=\"en-US\" dir=\"ltr\" data-wpcf7-id=\"13334\">\n<div class=\"screen-reader-response\"><p role=\"status\" aria-live=\"polite\" aria-atomic=\"true\"><\/p> <ul><\/ul><\/div>\n<form action=\"\/de\/wp-json\/wp\/v2\/pages\/18975#wpcf7-f13334-o1\" method=\"post\" class=\"wpcf7-form init\" aria-label=\"Contact form\" novalidate=\"novalidate\" data-status=\"init\">\n<fieldset class=\"hidden-fields-container\"><input type=\"hidden\" name=\"_wpcf7\" value=\"13334\" \/><input type=\"hidden\" name=\"_wpcf7_version\" value=\"6.1.5\" \/><input type=\"hidden\" name=\"_wpcf7_locale\" value=\"en_US\" \/><input type=\"hidden\" name=\"_wpcf7_unit_tag\" value=\"wpcf7-f13334-o1\" \/><input type=\"hidden\" name=\"_wpcf7_container_post\" value=\"0\" \/><input type=\"hidden\" name=\"_wpcf7_posted_data_hash\" value=\"\" \/><input type=\"hidden\" name=\"_wpcf7cf_hidden_group_fields\" value=\"[]\" \/><input type=\"hidden\" name=\"_wpcf7cf_hidden_groups\" value=\"[]\" \/><input type=\"hidden\" name=\"_wpcf7cf_visible_groups\" value=\"[]\" \/><input type=\"hidden\" name=\"_wpcf7cf_repeaters\" value=\"[]\" \/><input type=\"hidden\" name=\"_wpcf7cf_steps\" value=\"{}\" \/><input type=\"hidden\" name=\"_wpcf7cf_options\" value=\"{&quot;form_id&quot;:13334,&quot;conditions&quot;:[],&quot;settings&quot;:{&quot;animation&quot;:&quot;yes&quot;,&quot;animation_intime&quot;:200,&quot;animation_outtime&quot;:200,&quot;conditions_ui&quot;:&quot;normal&quot;,&quot;notice_dismissed&quot;:false}}\" \/>\n<\/fieldset>\n<p><span class=\"wpcf7-form-control-wrap\" data-name=\"your-name\"><input size=\"40\" maxlength=\"400\" class=\"wpcf7-form-control wpcf7-text wpcf7-validates-as-required\" aria-required=\"true\" aria-invalid=\"false\" placeholder=\"Name (*)\" value=\"\" type=\"text\" name=\"your-name\" \/><\/span>\n<\/p>\n<p><span class=\"wpcf7-form-control-wrap\" data-name=\"your-email\"><input size=\"40\" maxlength=\"400\" class=\"wpcf7-form-control wpcf7-email wpcf7-validates-as-required wpcf7-text wpcf7-validates-as-email\" aria-required=\"true\" aria-invalid=\"false\" placeholder=\"e-Mail (*)\" value=\"\" type=\"email\" name=\"your-email\" \/><\/span>\n<\/p>\n<p><span class=\"wpcf7-form-control-wrap\" data-name=\"your-company\"><input size=\"40\" maxlength=\"400\" class=\"wpcf7-form-control wpcf7-text wpcf7-validates-as-required\" aria-required=\"true\" aria-invalid=\"false\" placeholder=\"Firma (*)\" value=\"\" type=\"text\" name=\"your-company\" \/><\/span>\n<\/p>\n<p><span class=\"wpcf7-form-control-wrap\" data-name=\"your-phone\"><input size=\"40\" maxlength=\"400\" class=\"wpcf7-form-control wpcf7-text\" aria-invalid=\"false\" placeholder=\"Telefonnummer\" value=\"\" type=\"text\" name=\"your-phone\" \/><\/span>\n<\/p>\n<p><span class=\"wpcf7-form-control-wrap\" data-name=\"your-message\"><textarea cols=\"40\" rows=\"10\" maxlength=\"500\" minlength=\"10\" class=\"wpcf7-form-control wpcf7-textarea wpcf7-validates-as-required\" aria-required=\"true\" aria-invalid=\"false\" placeholder=\"Nachricht (*)\" name=\"your-message\"><\/textarea><\/span>\n<\/p>\n<p><span class=\"wpcf7-form-control-wrap\" data-name=\"acceptance-privacy\"><span class=\"wpcf7-form-control wpcf7-acceptance\"><span class=\"wpcf7-list-item\"><input type=\"checkbox\" name=\"acceptance-privacy\" value=\"1\" aria-invalid=\"false\" \/><\/span><\/span><\/span> Ich habe verstanden, dass ich die Datenschutzinformationen <a href=\"https:\/\/reisrobotics.com\/de\/datenschutzerklaerung\/\" style=\"text-decoration: underline;\" target=\"_blank\">hier<\/a> zur Kenntnis nehmen kann. (*)\n<\/p>\n<p><button class=\"wpcf7-form-control wpcf7-submit has-spinner et_pb_button et_pb_bg_layout_light\" type=\"submit\" value=\"Schicken\">Schicken<\/button>\n<\/p><input type=\"hidden\" id=\"ct_checkjs_cf7_f4552671f8909587cf485ea990207f3b\" name=\"ct_checkjs_cf7\" value=\"0\" \/><script >setTimeout(function(){var ct_input_name = \"ct_checkjs_cf7_f4552671f8909587cf485ea990207f3b\";if (document.getElementById(ct_input_name) !== null) {var ct_input_value = document.getElementById(ct_input_name).value;document.getElementById(ct_input_name).value = document.getElementById(ct_input_name).value.replace(ct_input_value, '1155705860');}}, 1000);<\/script><input\n                    class=\"apbct_special_field apbct_email_id__wp_contact_form_7\"\n                    name=\"apbct__email_id__wp_contact_form_7\"\n                    aria-label=\"apbct__label_id__wp_contact_form_7\"\n                    type=\"text\" size=\"30\" maxlength=\"200\" autocomplete=\"off\"\n                    value=\"\"\n                \/><div class=\"wpcf7-response-output\" aria-hidden=\"true\"><\/div>\n<\/form>\n<\/div>\n\n\t\t\t<\/div>\n\t\t\t\t<\/div>\n\t\t\t<\/div><\/p>\n","protected":false},"author":1,"featured_media":0,"parent":18789,"menu_order":0,"comment_status":"closed","ping_status":"closed","template":"","meta":{"_acf_changed":false,"_et_pb_use_builder":"on","_et_pb_old_content":"","_et_gb_content_width":"","footnotes":""},"class_list":["post-18975","page","type-page","status-publish","hentry"],"acf":[],"yoast_head":"<!-- This site is optimized with the Yoast SEO plugin v27.2 - https:\/\/yoast.com\/product\/yoast-seo-wordpress\/ -->\n<title>Software &amp; Steuerung - Reis Robotics<\/title>\n<meta name=\"robots\" content=\"index, follow, max-snippet:-1, max-image-preview:large, max-video-preview:-1\" \/>\n<link rel=\"canonical\" href=\"https:\/\/reisrobotics.com\/de\/loesungen\/software-steuerung\/\" \/>\n<meta property=\"og:locale\" content=\"de_DE\" \/>\n<meta property=\"og:type\" content=\"article\" \/>\n<meta property=\"og:title\" content=\"Software &amp; Steuerung - Reis Robotics\" \/>\n<meta property=\"og:description\" content=\"SOFTWARE &amp; STEUERUNG INTELLIGENT, VERNETZT, LEISTUNGSSTARKUnsere Software- und Steuerungsl\u00f6sungen bilden das zentrale Nervensystem Ihrer Automationsanlage. Sie erm\u00f6glichen die nahtlose Integration von Robotern, Maschinen und Peripherie zu einem durchg\u00e4ngigen Gesamtsystem. Mit unserer Steuerungsplattform und modernen Edge-Computing-L\u00f6sungen schaffen wir Transparenz, erh\u00f6hen die Prozessstabilit\u00e4t und erm\u00f6glichen eine flexible Anpassung an neue Anforderungen. So entstehen zukunftssichere Produktionssysteme mit maximaler Effizienz und Kontrolle.Kontakt aufnehmen!\" \/>\n<meta property=\"og:url\" content=\"https:\/\/reisrobotics.com\/de\/loesungen\/software-steuerung\/\" \/>\n<meta property=\"og:site_name\" content=\"Reis Robotics\" \/>\n<meta property=\"article:modified_time\" content=\"2026-03-21T15:39:34+00:00\" \/>\n<meta name=\"twitter:card\" content=\"summary_large_image\" \/>\n<meta name=\"twitter:label1\" content=\"Gesch\u00e4tzte Lesezeit\" \/>\n\t<meta name=\"twitter:data1\" content=\"1\u00a0Minute\" \/>\n<script type=\"application\/ld+json\" class=\"yoast-schema-graph\">{\"@context\":\"https:\/\/schema.org\",\"@graph\":[{\"@type\":\"WebPage\",\"@id\":\"https:\/\/reisrobotics.com\/de\/loesungen\/software-steuerung\/\",\"url\":\"https:\/\/reisrobotics.com\/de\/loesungen\/software-steuerung\/\",\"name\":\"Software & Steuerung - Reis Robotics\",\"isPartOf\":{\"@id\":\"https:\/\/reisrobotics.com\/de\/#website\"},\"datePublished\":\"2026-03-11T10:41:34+00:00\",\"dateModified\":\"2026-03-21T15:39:34+00:00\",\"breadcrumb\":{\"@id\":\"https:\/\/reisrobotics.com\/de\/loesungen\/software-steuerung\/#breadcrumb\"},\"inLanguage\":\"de\",\"potentialAction\":[{\"@type\":\"ReadAction\",\"target\":[\"https:\/\/reisrobotics.com\/de\/loesungen\/software-steuerung\/\"]}]},{\"@type\":\"BreadcrumbList\",\"@id\":\"https:\/\/reisrobotics.com\/de\/loesungen\/software-steuerung\/#breadcrumb\",\"itemListElement\":[{\"@type\":\"ListItem\",\"position\":1,\"name\":\"Home\",\"item\":\"https:\/\/reisrobotics.com\/de\/\"},{\"@type\":\"ListItem\",\"position\":2,\"name\":\"L\u00f6sungen\",\"item\":\"https:\/\/reisrobotics.com\/de\/solutions\/\"},{\"@type\":\"ListItem\",\"position\":3,\"name\":\"Software &#038; Steuerung\"}]},{\"@type\":\"WebSite\",\"@id\":\"https:\/\/reisrobotics.com\/de\/#website\",\"url\":\"https:\/\/reisrobotics.com\/de\/\",\"name\":\"Reis Robotics\",\"description\":\"\",\"publisher\":{\"@id\":\"https:\/\/reisrobotics.com\/de\/#organization\"},\"potentialAction\":[{\"@type\":\"SearchAction\",\"target\":{\"@type\":\"EntryPoint\",\"urlTemplate\":\"https:\/\/reisrobotics.com\/de\/?s={search_term_string}\"},\"query-input\":{\"@type\":\"PropertyValueSpecification\",\"valueRequired\":true,\"valueName\":\"search_term_string\"}}],\"inLanguage\":\"de\"},{\"@type\":\"Organization\",\"@id\":\"https:\/\/reisrobotics.com\/de\/#organization\",\"name\":\"Reis Robotics\",\"url\":\"https:\/\/reisrobotics.com\/de\/\",\"logo\":{\"@type\":\"ImageObject\",\"inLanguage\":\"de\",\"@id\":\"https:\/\/reisrobotics.com\/de\/#\/schema\/logo\/image\/\",\"url\":\"https:\/\/reisrobotics.com\/wp-content\/uploads\/2023\/07\/REIS_LOGO-BLACK.svg\",\"contentUrl\":\"https:\/\/reisrobotics.com\/wp-content\/uploads\/2023\/07\/REIS_LOGO-BLACK.svg\",\"width\":1,\"height\":1,\"caption\":\"Reis Robotics\"},\"image\":{\"@id\":\"https:\/\/reisrobotics.com\/de\/#\/schema\/logo\/image\/\"}}]}<\/script>\n<!-- \/ Yoast SEO plugin. -->","yoast_head_json":{"title":"Software & Steuerung - Reis Robotics","robots":{"index":"index","follow":"follow","max-snippet":"max-snippet:-1","max-image-preview":"max-image-preview:large","max-video-preview":"max-video-preview:-1"},"canonical":"https:\/\/reisrobotics.com\/de\/loesungen\/software-steuerung\/","og_locale":"de_DE","og_type":"article","og_title":"Software & Steuerung - Reis Robotics","og_description":"SOFTWARE &amp; STEUERUNG INTELLIGENT, VERNETZT, LEISTUNGSSTARKUnsere Software- und Steuerungsl\u00f6sungen bilden das zentrale Nervensystem Ihrer Automationsanlage. Sie erm\u00f6glichen die nahtlose Integration von Robotern, Maschinen und Peripherie zu einem durchg\u00e4ngigen Gesamtsystem. Mit unserer Steuerungsplattform und modernen Edge-Computing-L\u00f6sungen schaffen wir Transparenz, erh\u00f6hen die Prozessstabilit\u00e4t und erm\u00f6glichen eine flexible Anpassung an neue Anforderungen. So entstehen zukunftssichere Produktionssysteme mit maximaler Effizienz und Kontrolle.Kontakt aufnehmen!","og_url":"https:\/\/reisrobotics.com\/de\/loesungen\/software-steuerung\/","og_site_name":"Reis Robotics","article_modified_time":"2026-03-21T15:39:34+00:00","twitter_card":"summary_large_image","twitter_misc":{"Gesch\u00e4tzte Lesezeit":"1\u00a0Minute"},"schema":{"@context":"https:\/\/schema.org","@graph":[{"@type":"WebPage","@id":"https:\/\/reisrobotics.com\/de\/loesungen\/software-steuerung\/","url":"https:\/\/reisrobotics.com\/de\/loesungen\/software-steuerung\/","name":"Software & Steuerung - Reis Robotics","isPartOf":{"@id":"https:\/\/reisrobotics.com\/de\/#website"},"datePublished":"2026-03-11T10:41:34+00:00","dateModified":"2026-03-21T15:39:34+00:00","breadcrumb":{"@id":"https:\/\/reisrobotics.com\/de\/loesungen\/software-steuerung\/#breadcrumb"},"inLanguage":"de","potentialAction":[{"@type":"ReadAction","target":["https:\/\/reisrobotics.com\/de\/loesungen\/software-steuerung\/"]}]},{"@type":"BreadcrumbList","@id":"https:\/\/reisrobotics.com\/de\/loesungen\/software-steuerung\/#breadcrumb","itemListElement":[{"@type":"ListItem","position":1,"name":"Home","item":"https:\/\/reisrobotics.com\/de\/"},{"@type":"ListItem","position":2,"name":"L\u00f6sungen","item":"https:\/\/reisrobotics.com\/de\/solutions\/"},{"@type":"ListItem","position":3,"name":"Software &#038; Steuerung"}]},{"@type":"WebSite","@id":"https:\/\/reisrobotics.com\/de\/#website","url":"https:\/\/reisrobotics.com\/de\/","name":"Reis Robotics","description":"","publisher":{"@id":"https:\/\/reisrobotics.com\/de\/#organization"},"potentialAction":[{"@type":"SearchAction","target":{"@type":"EntryPoint","urlTemplate":"https:\/\/reisrobotics.com\/de\/?s={search_term_string}"},"query-input":{"@type":"PropertyValueSpecification","valueRequired":true,"valueName":"search_term_string"}}],"inLanguage":"de"},{"@type":"Organization","@id":"https:\/\/reisrobotics.com\/de\/#organization","name":"Reis Robotics","url":"https:\/\/reisrobotics.com\/de\/","logo":{"@type":"ImageObject","inLanguage":"de","@id":"https:\/\/reisrobotics.com\/de\/#\/schema\/logo\/image\/","url":"https:\/\/reisrobotics.com\/wp-content\/uploads\/2023\/07\/REIS_LOGO-BLACK.svg","contentUrl":"https:\/\/reisrobotics.com\/wp-content\/uploads\/2023\/07\/REIS_LOGO-BLACK.svg","width":1,"height":1,"caption":"Reis Robotics"},"image":{"@id":"https:\/\/reisrobotics.com\/de\/#\/schema\/logo\/image\/"}}]}},"_links":{"self":[{"href":"https:\/\/reisrobotics.com\/de\/wp-json\/wp\/v2\/pages\/18975","targetHints":{"allow":["GET"]}}],"collection":[{"href":"https:\/\/reisrobotics.com\/de\/wp-json\/wp\/v2\/pages"}],"about":[{"href":"https:\/\/reisrobotics.com\/de\/wp-json\/wp\/v2\/types\/page"}],"author":[{"embeddable":true,"href":"https:\/\/reisrobotics.com\/de\/wp-json\/wp\/v2\/users\/1"}],"replies":[{"embeddable":true,"href":"https:\/\/reisrobotics.com\/de\/wp-json\/wp\/v2\/comments?post=18975"}],"version-history":[{"count":10,"href":"https:\/\/reisrobotics.com\/de\/wp-json\/wp\/v2\/pages\/18975\/revisions"}],"predecessor-version":[{"id":19671,"href":"https:\/\/reisrobotics.com\/de\/wp-json\/wp\/v2\/pages\/18975\/revisions\/19671"}],"up":[{"embeddable":true,"href":"https:\/\/reisrobotics.com\/de\/wp-json\/wp\/v2\/pages\/18789"}],"wp:attachment":[{"href":"https:\/\/reisrobotics.com\/de\/wp-json\/wp\/v2\/media?parent=18975"}],"curies":[{"name":"wp","href":"https:\/\/api.w.org\/{rel}","templated":true}]}}