{"id":18789,"date":"2024-03-15T11:19:36","date_gmt":"2024-03-15T10:19:36","guid":{"rendered":"https:\/\/reisrobotics.com\/solutions\/"},"modified":"2026-03-21T16:40:21","modified_gmt":"2026-03-21T15:40:21","slug":"loesungen","status":"publish","type":"page","link":"https:\/\/reisrobotics.com\/de\/loesungen\/","title":{"rendered":"L\u00f6sungen"},"content":{"rendered":"<p>[et_pb_section fb_built=&#8220;1&#8243; fullwidth=&#8220;on&#8220; module_class=&#8220;full-height-slider&#8220; _builder_version=&#8220;4.25.0&#8243; _module_preset=&#8220;default&#8220; min_height=&#8220;50vh&#8220; global_colors_info=&#8220;{}&#8220;][et_pb_fullwidth_slider _builder_version=&#8220;4.27.6&#8243; _module_preset=&#8220;default&#8220; header_font=&#8220;|800|||||||&#8220; header_font_size=&#8220;56px&#8220; header_letter_spacing=&#8220;-1px&#8220; body_font=&#8220;|600|||||||&#8220; body_font_size=&#8220;24px&#8220; custom_button=&#8220;on&#8220; button_font=&#8220;|800||on|||||&#8220; button_custom_margin=&#8220;60px||||false|false&#8220; min_height=&#8220;50vh&#8220; global_colors_info=&#8220;{}&#8220;][et_pb_slide heading=&#8220;L\u00f6sungen&#8220; button_link=&#8220;#about-us&#8220; _builder_version=&#8220;4.27.6&#8243; _module_preset=&#8220;default&#8220; header_level=&#8220;h1&#8243; background_color=&#8220;#393E42&#8243; background_enable_color=&#8220;on&#8220; background_image=&#8220;https:\/\/reisrobotics.com\/wp-content\/uploads\/2024\/03\/illu-Neu-Service-Anlage-1.jpg&#8220; background_enable_image=&#8220;on&#8220; background_blend=&#8220;overlay&#8220; custom_button=&#8220;on&#8220; button_bg_color=&#8220;#275DA6&#8243; button_border_width=&#8220;0px&#8220; width=&#8220;100%&#8220; max_width=&#8220;100%&#8220; global_colors_info=&#8220;{}&#8220; sticky_transition=&#8220;on&#8220;][\/et_pb_slide][\/et_pb_fullwidth_slider][\/et_pb_section][et_pb_section fb_built=&#8220;1&#8243; _builder_version=&#8220;4.25.1&#8243; _module_preset=&#8220;default&#8220; background_color=&#8220;#FFFFFF&#8220; global_colors_info=&#8220;{}&#8220;][et_pb_row _builder_version=&#8220;4.27.6&#8243; _module_preset=&#8220;default&#8220; global_colors_info=&#8220;{}&#8220;][et_pb_column type=&#8220;4_4&#8243; _builder_version=&#8220;4.27.6&#8243; _module_preset=&#8220;default&#8220; global_colors_info=&#8220;{}&#8220;][et_pb_text _builder_version=&#8220;4.27.6&#8243; _module_preset=&#8220;_initial&#8220; header_2_font=&#8220;|800|||||||&#8220; header_2_text_align=&#8220;center&#8220; header_2_text_color=&#8220;#2799D6&#8243; header_2_font_size=&#8220;25px&#8220; global_colors_info=&#8220;{}&#8220;]<\/p>\n<h2>Unsere L\u00f6sungen f\u00fcr die industrielle Automation<\/h2>\n<p>[\/et_pb_text][et_pb_text _builder_version=&#8220;4.27.6&#8243; _module_preset=&#8220;_initial&#8220; text_orientation=&#8220;center&#8220; custom_padding=&#8220;4px|||||&#8220; global_colors_info=&#8220;{}&#8220;]<\/p>\n<p data-start=\"175\" data-end=\"550\" style=\"text-align: center;\">Wir entwickeln ma\u00dfgeschneiderte Automationsl\u00f6sungen f\u00fcr unterschiedlichste industrielle Anwendungen. Von Schwei\u00dfen und Schneiden \u00fcber Laserbearbeitung und Gie\u00dfereitechnologie bis hin zu Handhabung, Werkzeugmaschinenautomation und Palettierl\u00f6sungen \u2013 unsere Systeme vereinen moderne Robotik, intelligente Steuerung und umfassende Prozesskompetenz zu ganzheitlichen L\u00f6sungen.<\/p>\n<p data-start=\"552\" data-end=\"857\" style=\"text-align: center;\">Entdecken Sie unsere vier Technologiebereiche und erfahren Sie, wie wir Ihre Produktion effizienter, flexibler und qualitativ hochwertiger gestalten. Jede L\u00f6sung wird individuell auf Ihre Anforderungen zugeschnitten \u2013 von der einzelnen Automationszelle bis zur vollst\u00e4ndig integrierten Produktionslinie.<\/p>\n<p style=\"text-align: center;\"><b>W\u00e4hlen Sie Ihren Technologiebereich:<\/b><\/p>\n<p>[\/et_pb_text][\/et_pb_column][\/et_pb_row][\/et_pb_section][et_pb_section fb_built=&#8220;1&#8243; _builder_version=&#8220;4.27.6&#8243; _module_preset=&#8220;default&#8220; background_color=&#8220;#F5F4F4&#8243; global_colors_info=&#8220;{}&#8220;][et_pb_row column_structure=&#8220;1_2,1_2&#8243; use_custom_gutter=&#8220;on&#8220; gutter_width=&#8220;1&#8243; module_class=&#8220;card-row&#8220; _builder_version=&#8220;4.25.1&#8243; _module_preset=&#8220;default&#8220; custom_margin=&#8220;35px|auto||auto|false|false&#8220; custom_padding=&#8220;0px||30px||false|false&#8220; global_colors_info=&#8220;{}&#8220;][et_pb_column type=&#8220;1_2&#8243; _builder_version=&#8220;4.18.0&#8243; _module_preset=&#8220;default&#8220; global_colors_info=&#8220;{}&#8220;][dsm_card title=&#8220;Gie\u00dfen &#038; Entgraten&#8220; image_as_background=&#8220;off&#8220; content_padding=&#8220;15vh|20px|15vh|20px|true|false&#8220; button_url_new_window=&#8220;1&#8243; _builder_version=&#8220;4.27.6&#8243; _dynamic_attributes=&#8220;link_option_url&#8220; _module_preset=&#8220;default&#8220; header_font=&#8220;|800||on|||||&#8220; header_text_align=&#8220;center&#8220; header_text_color=&#8220;#FFFFFF&#8220; header_font_size=&#8220;28px&#8220; background_color=&#8220;rgba(57,62,66,0.29)&#8220; background_image=&#8220;https:\/\/reisrobotics.com\/wp-content\/uploads\/2026\/03\/illu-Neu-Modernisierung-Anlage.jpg&#8220; background_blend=&#8220;multiply&#8220; custom_button=&#8220;on&#8220; button_text_size=&#8220;32px&#8220; button_text_color=&#8220;#FFFFFF&#8220; button_bg_color=&#8220;RGBA(255,255,255,0)&#8220; button_border_width=&#8220;0px&#8220; button_border_radius=&#8220;9px&#8220; button_font=&#8220;|700|||||||&#8220; button_alignment=&#8220;center&#8220; custom_margin=&#8220;10px|10px|10px|10px|true|true&#8220; custom_padding=&#8220;||||false|false&#8220; link_option_url=&#8220;@ET-DC@eyJkeW5hbWljIjp0cnVlLCJjb250ZW50IjoicG9zdF9saW5rX3VybF9wYWdlIiwic2V0dGluZ3MiOnsicG9zdF9pZCI6IjE0NTQ2In19@&#8220; header_text_shadow_style=&#8220;preset1&#8243; border_radii=&#8220;on|7px|7px|7px|7px&#8220; button_text_shadow_style=&#8220;preset2&#8243; box_shadow_style=&#8220;preset3&#8243; global_colors_info=&#8220;{}&#8220; background__hover_enabled=&#8220;on|desktop&#8220; background_enable_color__hover=&#8220;off&#8220; button_bg_color__hover_enabled=&#8220;on|hover&#8220; button_bg_color__hover=&#8220;RGBA(255,255,255,0)&#8220; button_bg_enable_color__hover=&#8220;on&#8220; button_text_color__hover_enabled=&#8220;on|hover&#8220; button_text_color__hover=&#8220;#FFFFFF&#8220; transform_styles__hover_enabled=&#8220;on|desktop&#8220; transform_scale__hover_enabled=&#8220;on|desktop&#8220; transform_translate__hover_enabled=&#8220;on|desktop&#8220; transform_rotate__hover_enabled=&#8220;on|desktop&#8220; transform_skew__hover_enabled=&#8220;on|desktop&#8220; transform_origin__hover_enabled=&#8220;on|desktop&#8220; transform_scale__hover=&#8220;105%|105%&#8220;][\/dsm_card][dsm_card title=&#8220;Handhabung &#038; Logistik&#8220; image_as_background=&#8220;off&#8220; alt=&#8220;Packaging machines for food industry&#8220; content_padding=&#8220;15vh|20px|15vh|20px|true|false&#8220; button_url_new_window=&#8220;1&#8243; _builder_version=&#8220;4.27.6&#8243; _dynamic_attributes=&#8220;link_option_url&#8220; _module_preset=&#8220;default&#8220; header_font=&#8220;|800||on|||||&#8220; header_text_align=&#8220;center&#8220; header_text_color=&#8220;#FFFFFF&#8220; header_font_size=&#8220;28px&#8220; background_color=&#8220;rgba(57,62,66,0.25)&#8220; background_image=&#8220;https:\/\/reisrobotics.com\/wp-content\/uploads\/2026\/03\/Solutions_Handling-Processing.jpg&#8220; background_blend=&#8220;multiply&#8220; custom_button=&#8220;on&#8220; button_text_size=&#8220;32px&#8220; button_text_color=&#8220;#FFFFFF&#8220; button_bg_color=&#8220;RGBA(255,255,255,0)&#8220; button_border_width=&#8220;0px&#8220; button_border_radius=&#8220;9px&#8220; button_font=&#8220;|700|||||||&#8220; button_alignment=&#8220;center&#8220; custom_margin=&#8220;20px|10px|20px|10px|true|true&#8220; link_option_url=&#8220;@ET-DC@eyJkeW5hbWljIjp0cnVlLCJjb250ZW50IjoicG9zdF9saW5rX3VybF9wYWdlIiwic2V0dGluZ3MiOnsicG9zdF9pZCI6IjE0NTI3In19@&#8220; header_text_shadow_style=&#8220;preset1&#8243; border_radii=&#8220;on|7px|7px|7px|7px&#8220; button_text_shadow_style=&#8220;preset2&#8243; box_shadow_style=&#8220;preset3&#8243; global_colors_info=&#8220;{}&#8220; background__hover_enabled=&#8220;on|desktop&#8220; background_enable_color__hover=&#8220;off&#8220; button_bg_color__hover_enabled=&#8220;on|hover&#8220; button_bg_color__hover=&#8220;RGBA(255,255,255,0)&#8220; button_bg_enable_color__hover=&#8220;on&#8220; button_text_color__hover_enabled=&#8220;on|hover&#8220; button_text_color__hover=&#8220;#FFFFFF&#8220; transform_styles__hover_enabled=&#8220;on|desktop&#8220; transform_scale__hover_enabled=&#8220;on|desktop&#8220; transform_translate__hover_enabled=&#8220;on|desktop&#8220; transform_rotate__hover_enabled=&#8220;on|desktop&#8220; transform_skew__hover_enabled=&#8220;on|desktop&#8220; transform_origin__hover_enabled=&#8220;on|desktop&#8220; transform_scale__hover=&#8220;105%|105%&#8220;][\/dsm_card][\/et_pb_column][et_pb_column type=&#8220;1_2&#8243; _builder_version=&#8220;4.18.0&#8243; _module_preset=&#8220;default&#8220; global_colors_info=&#8220;{}&#8220;][dsm_card title=&#8220;Schwei\u00dfen &#038; Schneiden&#8220; image_as_background=&#8220;off&#8220; content_padding=&#8220;15vh|20px|15vh|20px|true|false&#8220; button_url_new_window=&#8220;1&#8243; _builder_version=&#8220;4.27.6&#8243; _dynamic_attributes=&#8220;link_option_url&#8220; _module_preset=&#8220;default&#8220; header_font=&#8220;|800||on|||||&#8220; header_text_align=&#8220;center&#8220; header_text_color=&#8220;#FFFFFF&#8220; header_font_size=&#8220;28px&#8220; background_color=&#8220;rgba(57,62,66,0.35)&#8220; background_image=&#8220;https:\/\/reisrobotics.com\/wp-content\/uploads\/2026\/03\/Titel-Schweissen_300dpi-1-scaled-1.jpg&#8220; background_blend=&#8220;multiply&#8220; custom_button=&#8220;on&#8220; button_text_size=&#8220;32px&#8220; button_text_color=&#8220;#FFFFFF&#8220; button_bg_color=&#8220;RGBA(255,255,255,0)&#8220; button_border_width=&#8220;0px&#8220; button_border_radius=&#8220;9px&#8220; button_font=&#8220;|700|||||||&#8220; button_alignment=&#8220;center&#8220; custom_margin=&#8220;10px|10px|10px|10px|true|true&#8220; custom_margin_tablet=&#8220;10px|10px|10px|10px|true|true&#8220; custom_margin_phone=&#8220;20px|10px|20px|10px|true|true&#8220; custom_margin_last_edited=&#8220;on|phone&#8220; link_option_url=&#8220;@ET-DC@eyJkeW5hbWljIjp0cnVlLCJjb250ZW50IjoicG9zdF9saW5rX3VybF9wYWdlIiwic2V0dGluZ3MiOnsicG9zdF9pZCI6IjE0NTM3In19@&#8220; header_text_shadow_style=&#8220;preset1&#8243; border_radii=&#8220;on|7px|7px|7px|7px&#8220; button_text_shadow_style=&#8220;preset2&#8243; box_shadow_style=&#8220;preset3&#8243; global_colors_info=&#8220;{}&#8220; background__hover_enabled=&#8220;on|desktop&#8220; background_enable_color__hover=&#8220;off&#8220; button_bg_color__hover_enabled=&#8220;on|hover&#8220; button_bg_color__hover=&#8220;RGBA(255,255,255,0)&#8220; button_bg_enable_color__hover=&#8220;on&#8220; button_text_color__hover_enabled=&#8220;on|hover&#8220; button_text_color__hover=&#8220;#FFFFFF&#8220; transform_styles__hover_enabled=&#8220;on|desktop&#8220; transform_scale__hover_enabled=&#8220;on|desktop&#8220; transform_translate__hover_enabled=&#8220;on|desktop&#8220; transform_rotate__hover_enabled=&#8220;on|desktop&#8220; transform_skew__hover_enabled=&#8220;on|desktop&#8220; transform_origin__hover_enabled=&#8220;on|desktop&#8220; transform_scale__hover=&#8220;105%|105%&#8220;][\/dsm_card][dsm_card title=&#8220;Software &#038; Steuerung&#8220; image_as_background=&#8220;off&#8220; alt=&#8220;Ice Cream Packaging Machine CT Pack&#8220; content_padding=&#8220;15vh|20px|15vh|20px|true|false&#8220; button_url_new_window=&#8220;1&#8243; _builder_version=&#8220;4.27.6&#8243; _dynamic_attributes=&#8220;link_option_url&#8220; _module_preset=&#8220;default&#8220; header_font=&#8220;|800||on|||||&#8220; header_text_align=&#8220;center&#8220; header_text_color=&#8220;#FFFFFF&#8220; header_font_size=&#8220;28px&#8220; background_color=&#8220;rgba(57,62,66,0.27)&#8220; background_image=&#8220;https:\/\/reisrobotics.com\/wp-content\/uploads\/2026\/03\/ChatGPT-Image-21.-Marz-2026-16_38_26.png&#8220; background_blend=&#8220;multiply&#8220; custom_button=&#8220;on&#8220; button_text_size=&#8220;32px&#8220; button_text_color=&#8220;#FFFFFF&#8220; button_bg_color=&#8220;RGBA(255,255,255,0)&#8220; button_border_width=&#8220;0px&#8220; button_border_radius=&#8220;9px&#8220; button_font=&#8220;|700|||||||&#8220; button_alignment=&#8220;center&#8220; custom_margin=&#8220;20px|10px|20px|10px|true|true&#8220; link_option_url=&#8220;@ET-DC@eyJkeW5hbWljIjp0cnVlLCJjb250ZW50IjoicG9zdF9saW5rX3VybF9wYWdlIiwic2V0dGluZ3MiOnsicG9zdF9pZCI6IjE3NTMxIn19@&#8220; hover_enabled=&#8220;0&#8243; header_text_shadow_style=&#8220;preset1&#8243; border_radii=&#8220;on|7px|7px|7px|7px&#8220; button_text_shadow_style=&#8220;preset2&#8243; box_shadow_style=&#8220;preset3&#8243; global_colors_info=&#8220;{}&#8220; background__hover_enabled=&#8220;on|desktop&#8220; background_enable_color__hover=&#8220;off&#8220; button_bg_color__hover_enabled=&#8220;on|hover&#8220; button_bg_color__hover=&#8220;RGBA(255,255,255,0)&#8220; button_bg_enable_color__hover=&#8220;on&#8220; button_text_color__hover_enabled=&#8220;on|hover&#8220; button_text_color__hover=&#8220;#FFFFFF&#8220; transform_styles__hover_enabled=&#8220;on|desktop&#8220; transform_scale__hover_enabled=&#8220;on|desktop&#8220; transform_translate__hover_enabled=&#8220;on|desktop&#8220; transform_rotate__hover_enabled=&#8220;on|desktop&#8220; transform_skew__hover_enabled=&#8220;on|desktop&#8220; transform_origin__hover_enabled=&#8220;on|desktop&#8220; transform_scale__hover=&#8220;105%|105%&#8220; sticky_enabled=&#8220;0&#8243; title_text=&#8220;ChatGPT Image 21. M\u00e4rz 2026, 16_38_26&#8243;][\/dsm_card][\/et_pb_column][\/et_pb_row][\/et_pb_section]<\/p>\n","protected":false},"excerpt":{"rendered":"<p>Unsere L\u00f6sungen f\u00fcr die industrielle AutomationWir entwickeln ma\u00dfgeschneiderte Automationsl\u00f6sungen f\u00fcr unterschiedlichste industrielle Anwendungen. Von Schwei\u00dfen und Schneiden \u00fcber Laserbearbeitung und Gie\u00dfereitechnologie bis hin zu Handhabung, Werkzeugmaschinenautomation und Palettierl\u00f6sungen \u2013 unsere Systeme vereinen moderne Robotik, intelligente Steuerung und umfassende Prozesskompetenz zu ganzheitlichen L\u00f6sungen. Entdecken Sie unsere vier Technologiebereiche und erfahren Sie, wie wir Ihre Produktion effizienter, flexibler und qualitativ hochwertiger gestalten. Jede L\u00f6sung wird individuell auf Ihre Anforderungen zugeschnitten \u2013 von der einzelnen Automationszelle bis zur vollst\u00e4ndig integrierten Produktionslinie. W\u00e4hlen Sie Ihren Technologiebereich:<div class=\"et_pb_module dsm_card dsm_card_0 et_pb_section_video_on_hover et_pb_section_parallax_hover et_pb_bg_layout_light  dsm_card_layout_stacked\">\n\t\t\t\t\n\t\t\t\t\n\t\t\t\t\n\t\t\t\t\n\t\t\t\t\n\t\t\t\t\n\t\t\t\t<div class=\"et_pb_module_inner\">\n\t\t\t\t\t\n\t\t\t\n\t\t\t\n\t\t\t<div class=\"et_pb_module dsm_card_wrapper et_pb_text_align_left\">\n\t\t\t\t\t\n\t\t\t\t\t<h4 class=\"dsm_card_title et_pb_module_header\">Gie\u00dfen &#038; Entgraten<\/h4>\n\t\t\t\t\t\n\t\t\t\t\t\n\t\t\t\t\t\n\t\t\t\t<\/div>\n\t\t\t\n\t\t\t\t<\/div>\n\t\t\t<\/div><div class=\"et_pb_module dsm_card dsm_card_1 et_pb_section_video_on_hover et_pb_section_parallax_hover et_pb_bg_layout_light  dsm_card_layout_stacked\">\n\t\t\t\t\n\t\t\t\t\n\t\t\t\t\n\t\t\t\t\n\t\t\t\t\n\t\t\t\t\n\t\t\t\t<div class=\"et_pb_module_inner\">\n\t\t\t\t\t\n\t\t\t\n\t\t\t\n\t\t\t<div class=\"et_pb_module dsm_card_wrapper et_pb_text_align_left\">\n\t\t\t\t\t\n\t\t\t\t\t<h4 class=\"dsm_card_title et_pb_module_header\">Handhabung &#038; Logistik<\/h4>\n\t\t\t\t\t\n\t\t\t\t\t\n\t\t\t\t\t\n\t\t\t\t<\/div>\n\t\t\t\n\t\t\t\t<\/div>\n\t\t\t<\/div><div class=\"et_pb_module dsm_card dsm_card_2 et_pb_bg_layout_light  dsm_card_layout_stacked\">\n\t\t\t\t\n\t\t\t\t\n\t\t\t\t\n\t\t\t\t\n\t\t\t\t\n\t\t\t\t\n\t\t\t\t<div class=\"et_pb_module_inner\">\n\t\t\t\t\t\n\t\t\t\n\t\t\t\n\t\t\t<div class=\"et_pb_module dsm_card_wrapper et_pb_text_align_left\">\n\t\t\t\t\t\n\t\t\t\t\t<h4 class=\"dsm_card_title et_pb_module_header\">&#8220;Schwei\u00dfen<\/h4>\n\t\t\t\t\t\n\t\t\t\t\t\n\t\t\t\t\t\n\t\t\t\t<\/div>\n\t\t\t\n\t\t\t\t<\/div>\n\t\t\t<\/div><\/p>\n","protected":false},"author":1,"featured_media":12899,"parent":0,"menu_order":0,"comment_status":"closed","ping_status":"closed","template":"","meta":{"_acf_changed":false,"_et_pb_use_builder":"on","_et_pb_old_content":"","_et_gb_content_width":"","footnotes":""},"class_list":["post-18789","page","type-page","status-publish","has-post-thumbnail","hentry"],"acf":[],"yoast_head":"<!-- This site is optimized with the Yoast SEO plugin v27.2 - https:\/\/yoast.com\/product\/yoast-seo-wordpress\/ -->\n<title>L\u00f6sungen - Reis Robotics<\/title>\n<meta name=\"description\" content=\"Entdecken Sie unsere vier Technologiebereiche und erfahren Sie, wie wir Ihre Produktion effizienter, flexibler und qualitativ hochwertiger gestalten.\" \/>\n<meta name=\"robots\" content=\"index, follow, max-snippet:-1, max-image-preview:large, max-video-preview:-1\" \/>\n<link rel=\"canonical\" href=\"https:\/\/reisrobotics.com\/de\/loesungen\/\" \/>\n<meta property=\"og:locale\" content=\"de_DE\" \/>\n<meta property=\"og:type\" content=\"article\" \/>\n<meta property=\"og:title\" content=\"L\u00f6sungen - Reis Robotics\" \/>\n<meta property=\"og:description\" content=\"Entdecken Sie unsere vier Technologiebereiche und erfahren Sie, wie wir Ihre Produktion effizienter, flexibler und qualitativ hochwertiger gestalten.\" \/>\n<meta property=\"og:url\" content=\"https:\/\/reisrobotics.com\/de\/loesungen\/\" \/>\n<meta property=\"og:site_name\" content=\"Reis Robotics\" \/>\n<meta property=\"article:modified_time\" content=\"2026-03-21T15:40:21+00:00\" \/>\n<meta property=\"og:image\" content=\"https:\/\/reisrobotics.com\/wp-content\/uploads\/2024\/03\/illu-Neu-Service-Anlage-1.jpg\" \/>\n\t<meta property=\"og:image:width\" content=\"1600\" \/>\n\t<meta property=\"og:image:height\" content=\"901\" \/>\n\t<meta property=\"og:image:type\" content=\"image\/jpeg\" \/>\n<meta name=\"twitter:card\" content=\"summary_large_image\" \/>\n<meta name=\"twitter:label1\" content=\"Gesch\u00e4tzte Lesezeit\" \/>\n\t<meta name=\"twitter:data1\" content=\"1\u00a0Minute\" \/>\n<script type=\"application\/ld+json\" class=\"yoast-schema-graph\">{\"@context\":\"https:\/\/schema.org\",\"@graph\":[{\"@type\":\"WebPage\",\"@id\":\"https:\/\/reisrobotics.com\/de\/loesungen\/\",\"url\":\"https:\/\/reisrobotics.com\/de\/loesungen\/\",\"name\":\"L\u00f6sungen - Reis Robotics\",\"isPartOf\":{\"@id\":\"https:\/\/reisrobotics.com\/de\/#website\"},\"primaryImageOfPage\":{\"@id\":\"https:\/\/reisrobotics.com\/de\/loesungen\/#primaryimage\"},\"image\":{\"@id\":\"https:\/\/reisrobotics.com\/de\/loesungen\/#primaryimage\"},\"thumbnailUrl\":\"https:\/\/reisrobotics.com\/wp-content\/uploads\/2024\/03\/illu-Neu-Service-Anlage-1.jpg\",\"datePublished\":\"2024-03-15T10:19:36+00:00\",\"dateModified\":\"2026-03-21T15:40:21+00:00\",\"description\":\"Entdecken Sie unsere vier Technologiebereiche und erfahren Sie, wie wir Ihre Produktion effizienter, flexibler und qualitativ hochwertiger gestalten.\",\"breadcrumb\":{\"@id\":\"https:\/\/reisrobotics.com\/de\/loesungen\/#breadcrumb\"},\"inLanguage\":\"de\",\"potentialAction\":[{\"@type\":\"ReadAction\",\"target\":[\"https:\/\/reisrobotics.com\/de\/loesungen\/\"]}]},{\"@type\":\"ImageObject\",\"inLanguage\":\"de\",\"@id\":\"https:\/\/reisrobotics.com\/de\/loesungen\/#primaryimage\",\"url\":\"https:\/\/reisrobotics.com\/wp-content\/uploads\/2024\/03\/illu-Neu-Service-Anlage-1.jpg\",\"contentUrl\":\"https:\/\/reisrobotics.com\/wp-content\/uploads\/2024\/03\/illu-Neu-Service-Anlage-1.jpg\",\"width\":1600,\"height\":901},{\"@type\":\"BreadcrumbList\",\"@id\":\"https:\/\/reisrobotics.com\/de\/loesungen\/#breadcrumb\",\"itemListElement\":[{\"@type\":\"ListItem\",\"position\":1,\"name\":\"Home\",\"item\":\"https:\/\/reisrobotics.com\/de\/\"},{\"@type\":\"ListItem\",\"position\":2,\"name\":\"L\u00f6sungen\"}]},{\"@type\":\"WebSite\",\"@id\":\"https:\/\/reisrobotics.com\/de\/#website\",\"url\":\"https:\/\/reisrobotics.com\/de\/\",\"name\":\"Reis Robotics\",\"description\":\"\",\"publisher\":{\"@id\":\"https:\/\/reisrobotics.com\/de\/#organization\"},\"potentialAction\":[{\"@type\":\"SearchAction\",\"target\":{\"@type\":\"EntryPoint\",\"urlTemplate\":\"https:\/\/reisrobotics.com\/de\/?s={search_term_string}\"},\"query-input\":{\"@type\":\"PropertyValueSpecification\",\"valueRequired\":true,\"valueName\":\"search_term_string\"}}],\"inLanguage\":\"de\"},{\"@type\":\"Organization\",\"@id\":\"https:\/\/reisrobotics.com\/de\/#organization\",\"name\":\"Reis Robotics\",\"url\":\"https:\/\/reisrobotics.com\/de\/\",\"logo\":{\"@type\":\"ImageObject\",\"inLanguage\":\"de\",\"@id\":\"https:\/\/reisrobotics.com\/de\/#\/schema\/logo\/image\/\",\"url\":\"https:\/\/reisrobotics.com\/wp-content\/uploads\/2023\/07\/REIS_LOGO-BLACK.svg\",\"contentUrl\":\"https:\/\/reisrobotics.com\/wp-content\/uploads\/2023\/07\/REIS_LOGO-BLACK.svg\",\"width\":1,\"height\":1,\"caption\":\"Reis Robotics\"},\"image\":{\"@id\":\"https:\/\/reisrobotics.com\/de\/#\/schema\/logo\/image\/\"}}]}<\/script>\n<!-- \/ Yoast SEO plugin. -->","yoast_head_json":{"title":"L\u00f6sungen - Reis Robotics","description":"Entdecken Sie unsere vier Technologiebereiche und erfahren Sie, wie wir Ihre Produktion effizienter, flexibler und qualitativ hochwertiger gestalten.","robots":{"index":"index","follow":"follow","max-snippet":"max-snippet:-1","max-image-preview":"max-image-preview:large","max-video-preview":"max-video-preview:-1"},"canonical":"https:\/\/reisrobotics.com\/de\/loesungen\/","og_locale":"de_DE","og_type":"article","og_title":"L\u00f6sungen - Reis Robotics","og_description":"Entdecken Sie unsere vier Technologiebereiche und erfahren Sie, wie wir Ihre Produktion effizienter, flexibler und qualitativ hochwertiger gestalten.","og_url":"https:\/\/reisrobotics.com\/de\/loesungen\/","og_site_name":"Reis Robotics","article_modified_time":"2026-03-21T15:40:21+00:00","og_image":[{"width":1600,"height":901,"url":"https:\/\/reisrobotics.com\/wp-content\/uploads\/2024\/03\/illu-Neu-Service-Anlage-1.jpg","type":"image\/jpeg"}],"twitter_card":"summary_large_image","twitter_misc":{"Gesch\u00e4tzte Lesezeit":"1\u00a0Minute"},"schema":{"@context":"https:\/\/schema.org","@graph":[{"@type":"WebPage","@id":"https:\/\/reisrobotics.com\/de\/loesungen\/","url":"https:\/\/reisrobotics.com\/de\/loesungen\/","name":"L\u00f6sungen - Reis Robotics","isPartOf":{"@id":"https:\/\/reisrobotics.com\/de\/#website"},"primaryImageOfPage":{"@id":"https:\/\/reisrobotics.com\/de\/loesungen\/#primaryimage"},"image":{"@id":"https:\/\/reisrobotics.com\/de\/loesungen\/#primaryimage"},"thumbnailUrl":"https:\/\/reisrobotics.com\/wp-content\/uploads\/2024\/03\/illu-Neu-Service-Anlage-1.jpg","datePublished":"2024-03-15T10:19:36+00:00","dateModified":"2026-03-21T15:40:21+00:00","description":"Entdecken Sie unsere vier Technologiebereiche und erfahren Sie, wie wir Ihre Produktion effizienter, flexibler und qualitativ hochwertiger gestalten.","breadcrumb":{"@id":"https:\/\/reisrobotics.com\/de\/loesungen\/#breadcrumb"},"inLanguage":"de","potentialAction":[{"@type":"ReadAction","target":["https:\/\/reisrobotics.com\/de\/loesungen\/"]}]},{"@type":"ImageObject","inLanguage":"de","@id":"https:\/\/reisrobotics.com\/de\/loesungen\/#primaryimage","url":"https:\/\/reisrobotics.com\/wp-content\/uploads\/2024\/03\/illu-Neu-Service-Anlage-1.jpg","contentUrl":"https:\/\/reisrobotics.com\/wp-content\/uploads\/2024\/03\/illu-Neu-Service-Anlage-1.jpg","width":1600,"height":901},{"@type":"BreadcrumbList","@id":"https:\/\/reisrobotics.com\/de\/loesungen\/#breadcrumb","itemListElement":[{"@type":"ListItem","position":1,"name":"Home","item":"https:\/\/reisrobotics.com\/de\/"},{"@type":"ListItem","position":2,"name":"L\u00f6sungen"}]},{"@type":"WebSite","@id":"https:\/\/reisrobotics.com\/de\/#website","url":"https:\/\/reisrobotics.com\/de\/","name":"Reis Robotics","description":"","publisher":{"@id":"https:\/\/reisrobotics.com\/de\/#organization"},"potentialAction":[{"@type":"SearchAction","target":{"@type":"EntryPoint","urlTemplate":"https:\/\/reisrobotics.com\/de\/?s={search_term_string}"},"query-input":{"@type":"PropertyValueSpecification","valueRequired":true,"valueName":"search_term_string"}}],"inLanguage":"de"},{"@type":"Organization","@id":"https:\/\/reisrobotics.com\/de\/#organization","name":"Reis Robotics","url":"https:\/\/reisrobotics.com\/de\/","logo":{"@type":"ImageObject","inLanguage":"de","@id":"https:\/\/reisrobotics.com\/de\/#\/schema\/logo\/image\/","url":"https:\/\/reisrobotics.com\/wp-content\/uploads\/2023\/07\/REIS_LOGO-BLACK.svg","contentUrl":"https:\/\/reisrobotics.com\/wp-content\/uploads\/2023\/07\/REIS_LOGO-BLACK.svg","width":1,"height":1,"caption":"Reis Robotics"},"image":{"@id":"https:\/\/reisrobotics.com\/de\/#\/schema\/logo\/image\/"}}]}},"_links":{"self":[{"href":"https:\/\/reisrobotics.com\/de\/wp-json\/wp\/v2\/pages\/18789","targetHints":{"allow":["GET"]}}],"collection":[{"href":"https:\/\/reisrobotics.com\/de\/wp-json\/wp\/v2\/pages"}],"about":[{"href":"https:\/\/reisrobotics.com\/de\/wp-json\/wp\/v2\/types\/page"}],"author":[{"embeddable":true,"href":"https:\/\/reisrobotics.com\/de\/wp-json\/wp\/v2\/users\/1"}],"replies":[{"embeddable":true,"href":"https:\/\/reisrobotics.com\/de\/wp-json\/wp\/v2\/comments?post=18789"}],"version-history":[{"count":8,"href":"https:\/\/reisrobotics.com\/de\/wp-json\/wp\/v2\/pages\/18789\/revisions"}],"predecessor-version":[{"id":19675,"href":"https:\/\/reisrobotics.com\/de\/wp-json\/wp\/v2\/pages\/18789\/revisions\/19675"}],"wp:featuredmedia":[{"embeddable":true,"href":"https:\/\/reisrobotics.com\/de\/wp-json\/wp\/v2\/media\/12899"}],"wp:attachment":[{"href":"https:\/\/reisrobotics.com\/de\/wp-json\/wp\/v2\/media?parent=18789"}],"curies":[{"name":"wp","href":"https:\/\/api.w.org\/{rel}","templated":true}]}}