{"id":15590,"date":"2025-01-21T12:32:43","date_gmt":"2025-01-21T11:32:43","guid":{"rendered":"https:\/\/reisrobotics.com\/?page_id=15590"},"modified":"2026-03-19T12:39:40","modified_gmt":"2026-03-19T11:39:40","slug":"automatische-bahngenerierung","status":"publish","type":"page","link":"https:\/\/reisrobotics.com\/de\/kundenservice\/training-schulung\/automatische-bahngenerierung\/","title":{"rendered":"Automatische Bahngenerierung"},"content":{"rendered":"<p>[et_pb_section fb_built=&#8220;1&#8243; fullwidth=&#8220;on&#8220; module_class=&#8220;full-height-slider&#8220; _builder_version=&#8220;4.27.6&#8243; _module_preset=&#8220;default&#8220; background_enable_color=&#8220;off&#8220; min_height=&#8220;25vh&#8220; global_colors_info=&#8220;{%22gcid-primary-color%22:%91%22background_color%22%93}&#8220; theme_builder_area=&#8220;et_body_layout&#8220;][et_pb_fullwidth_slider _builder_version=&#8220;4.27.6&#8243; _module_preset=&#8220;default&#8220; header_font=&#8220;|800|||||||&#8220; header_font_size=&#8220;56px&#8220; header_letter_spacing=&#8220;-1px&#8220; body_font=&#8220;|600|||||||&#8220; body_font_size=&#8220;24px&#8220; custom_button=&#8220;on&#8220; button_font=&#8220;|800||on|||||&#8220; button_custom_margin=&#8220;||||false|false&#8220; custom_padding=&#8220;201px||135px||false|false&#8220; hover_enabled=&#8220;0&#8243; global_colors_info=&#8220;{}&#8220; theme_builder_area=&#8220;et_body_layout&#8220; sticky_enabled=&#8220;0&#8243;][et_pb_slide button_text=&#8220;Jetzt reservieren&#8220; button_link=&#8220;#module&#8220; _builder_version=&#8220;4.27.6&#8243; _module_preset=&#8220;default&#8220; header_level=&#8220;h1&#8243; background_color=&#8220;gcid-body-color&#8220; background_enable_color=&#8220;on&#8220; background_enable_image=&#8220;off&#8220; background_blend=&#8220;overlay&#8220; custom_button=&#8220;on&#8220; button_bg_color=&#8220;#2799D6&#8243; button_border_width=&#8220;0px&#8220; button_use_icon=&#8220;on&#8220; button_icon=&#8220;&#xe076;||divi||400&#8243; button_icon_placement=&#8220;left&#8220; button_on_hover=&#8220;off&#8220; button_alignment=&#8220;center&#8220; button_custom_padding=&#8220;||||false|false&#8220; width=&#8220;100%&#8220; max_width=&#8220;100%&#8220; hover_enabled=&#8220;0&#8243; global_colors_info=&#8220;{%22gcid-body-color%22:%91%22background_color%22%93}&#8220; sticky_transition=&#8220;on&#8220; theme_builder_area=&#8220;et_body_layout&#8220; sticky_enabled=&#8220;0&#8243;]<\/p>\n<p>SCHULUNG<\/p>\n<h1>Automatische Bahngenerierung<\/h1>\n<p>[\/et_pb_slide][\/et_pb_fullwidth_slider][\/et_pb_section][et_pb_section fb_built=&#8220;1&#8243; admin_label=&#8220;Section&#8220; _builder_version=&#8220;4.27.6&#8243; _module_preset=&#8220;default&#8220; background_color=&#8220;#F5F4F4&#8243; global_colors_info=&#8220;{}&#8220; theme_builder_area=&#8220;et_body_layout&#8220;][et_pb_row _builder_version=&#8220;4.25.0&#8243; _module_preset=&#8220;default&#8220; global_colors_info=&#8220;{}&#8220; theme_builder_area=&#8220;et_body_layout&#8220;][et_pb_column type=&#8220;4_4&#8243; _builder_version=&#8220;4.18.0&#8243; _module_preset=&#8220;default&#8220; global_colors_info=&#8220;{}&#8220; theme_builder_area=&#8220;et_body_layout&#8220;][et_pb_text _builder_version=&#8220;4.27.6&#8243; _module_preset=&#8220;_initial&#8220; header_2_font=&#8220;|700|||||||&#8220; header_2_text_align=&#8220;center&#8220; header_2_font_size=&#8220;25px&#8220; text_orientation=&#8220;center&#8220; hover_enabled=&#8220;0&#8243; global_colors_info=&#8220;{}&#8220; theme_builder_area=&#8220;et_body_layout&#8220; sticky_enabled=&#8220;0&#8243;]<\/p>\n<h2>Mittels des Offlinetools Provis k\u00f6nnen Sie ihr Anlage virtuell abbilden &#8211; Mittels der automatischen Bahngenerierung der CAD Daten k\u00f6nnen Sie auf einfachste Weise ganze Bahnen und Programme in k\u00fcrzester Zeit erstellen<\/h2>\n<p>Limitierte Schulungspl\u00e4tze verf\u00fcgbar.<\/p>\n<p>[\/et_pb_text][et_pb_button button_url=&#8220;@ET-DC@eyJkeW5hbWljIjp0cnVlLCJjb250ZW50IjoicG9zdF9saW5rX3VybF9hdHRhY2htZW50Iiwic2V0dGluZ3MiOnsicG9zdF9pZCI6IjE4NzU5In19@&#8220; url_new_window=&#8220;on&#8220; button_text=&#8220;DOWNLOAD&#8220; button_alignment=&#8220;center&#8220; _builder_version=&#8220;4.27.6&#8243; _dynamic_attributes=&#8220;button_url&#8220; _module_preset=&#8220;default&#8220; custom_button=&#8220;on&#8220; button_icon=&#8220;&#xf1c1;||fa||900&#8243; button_icon_color=&#8220;#FFFFFF&#8220; button_icon_placement=&#8220;left&#8220; button_on_hover=&#8220;off&#8220; custom_padding=&#8220;|20px||40px|false|false&#8220; hover_enabled=&#8220;0&#8243; global_colors_info=&#8220;{}&#8220; theme_builder_area=&#8220;et_body_layout&#8220; sticky_enabled=&#8220;0&#8243;][\/et_pb_button][\/et_pb_column][\/et_pb_row][\/et_pb_section][et_pb_section fb_built=&#8220;1&#8243; _builder_version=&#8220;4.27.6&#8243; _module_preset=&#8220;default&#8220; background_color=&#8220;#FFFFFF&#8220; width=&#8220;100vw&#8220; custom_margin=&#8220;||||false|false&#8220; custom_padding=&#8220;31px||0px||false|false&#8220; global_colors_info=&#8220;{}&#8220; theme_builder_area=&#8220;et_body_layout&#8220;][et_pb_row column_structure=&#8220;1_3,1_3,1_3&#8243; _builder_version=&#8220;4.27.6&#8243; _module_preset=&#8220;default&#8220; custom_padding=&#8220;0px|||||&#8220; border_radii=&#8220;off|20px|20px||&#8220; border_width_all=&#8220;1px&#8220; border_color_all=&#8220;#2799D6&#8243; global_colors_info=&#8220;{}&#8220; theme_builder_area=&#8220;et_body_layout&#8220;][et_pb_column type=&#8220;1_3&#8243; _builder_version=&#8220;4.24.2&#8243; _module_preset=&#8220;default&#8220; global_colors_info=&#8220;{}&#8220; theme_builder_area=&#8220;et_body_layout&#8220;][dsm_icon_list _builder_version=&#8220;4.27.4&#8243; _module_preset=&#8220;default&#8220; global_colors_info=&#8220;{}&#8220; theme_builder_area=&#8220;et_body_layout&#8220;][\/dsm_icon_list][et_pb_icon font_icon=&#8220;&#xe06b;||divi||400&#8243; icon_color=&#8220;#2799D6&#8243; icon_width=&#8220;50px&#8220; _builder_version=&#8220;4.27.6&#8243; _module_preset=&#8220;default&#8220; custom_margin=&#8220;||10px||false|false&#8220; global_colors_info=&#8220;{}&#8220; theme_builder_area=&#8220;et_body_layout&#8220;][\/et_pb_icon][et_pb_text _builder_version=&#8220;4.27.6&#8243; _module_preset=&#8220;default&#8220; text_orientation=&#8220;center&#8220; custom_margin=&#8220;||5px||false|false&#8220; global_colors_info=&#8220;{}&#8220; theme_builder_area=&#8220;et_body_layout&#8220;]<\/p>\n<p><b>DAUER<\/b><\/p>\n<p>[\/et_pb_text][et_pb_text _builder_version=&#8220;4.27.4&#8243; _module_preset=&#8220;default&#8220; text_orientation=&#8220;center&#8220; custom_margin=&#8220;||||false|false&#8220; global_colors_info=&#8220;{}&#8220; theme_builder_area=&#8220;post_content&#8220;]<\/p>\n<p>3 Tage<\/p>\n<p>[\/et_pb_text][\/et_pb_column][et_pb_column type=&#8220;1_3&#8243; _builder_version=&#8220;4.24.2&#8243; _module_preset=&#8220;default&#8220; global_colors_info=&#8220;{}&#8220; theme_builder_area=&#8220;et_body_layout&#8220;][dsm_icon_list _builder_version=&#8220;4.27.4&#8243; _module_preset=&#8220;default&#8220; global_colors_info=&#8220;{}&#8220; theme_builder_area=&#8220;et_body_layout&#8220;][\/dsm_icon_list][et_pb_icon font_icon=&#8220;&#xf500;||fa||900&#8243; icon_color=&#8220;#2799D6&#8243; icon_width=&#8220;50px&#8220; _builder_version=&#8220;4.27.6&#8243; _module_preset=&#8220;default&#8220; custom_margin=&#8220;||10px||false|false&#8220; global_colors_info=&#8220;{}&#8220; theme_builder_area=&#8220;et_body_layout&#8220;][\/et_pb_icon][et_pb_text _builder_version=&#8220;4.27.6&#8243; _module_preset=&#8220;default&#8220; text_orientation=&#8220;center&#8220; custom_margin=&#8220;||5px||false|false&#8220; global_colors_info=&#8220;{}&#8220; theme_builder_area=&#8220;et_body_layout&#8220;]<\/p>\n<p><strong>ZIELGRUPPE<\/strong><\/p>\n<p>[\/et_pb_text][et_pb_text _builder_version=&#8220;4.27.4&#8243; _module_preset=&#8220;default&#8220; text_orientation=&#8220;center&#8220; custom_margin=&#8220;||||false|false&#8220; global_colors_info=&#8220;{}&#8220; theme_builder_area=&#8220;post_content&#8220;]Programmierer System[\/et_pb_text][\/et_pb_column][et_pb_column type=&#8220;1_3&#8243; _builder_version=&#8220;4.24.2&#8243; _module_preset=&#8220;default&#8220; global_colors_info=&#8220;{}&#8220; theme_builder_area=&#8220;et_body_layout&#8220;][dsm_icon_list _builder_version=&#8220;4.27.4&#8243; _module_preset=&#8220;default&#8220; global_colors_info=&#8220;{}&#8220; theme_builder_area=&#8220;et_body_layout&#8220;][\/dsm_icon_list][et_pb_icon font_icon=&#8220;&#xf46d;||fa||900&#8243; icon_color=&#8220;#2799D6&#8243; icon_width=&#8220;50px&#8220; _builder_version=&#8220;4.27.6&#8243; _module_preset=&#8220;default&#8220; custom_margin=&#8220;||10px||false|false&#8220; global_colors_info=&#8220;{}&#8220; theme_builder_area=&#8220;et_body_layout&#8220;][\/et_pb_icon][et_pb_text _builder_version=&#8220;4.27.6&#8243; _module_preset=&#8220;default&#8220; text_orientation=&#8220;center&#8220; custom_margin=&#8220;||5px||false|false&#8220; global_colors_info=&#8220;{}&#8220; theme_builder_area=&#8220;et_body_layout&#8220;]<strong>VORAUSSETZUNGEN<\/strong>[\/et_pb_text][et_pb_text _builder_version=&#8220;4.27.4&#8243; _module_preset=&#8220;default&#8220; text_orientation=&#8220;center&#8220; custom_margin=&#8220;||||false|false&#8220; global_colors_info=&#8220;{}&#8220; theme_builder_area=&#8220;post_content&#8220;]Bedienen &#038; Programmieren 1<br \/>\nProgrammieren 2<br \/>\nProvis Grundlagen<br \/>\nProvis Offline Programmierung[\/et_pb_text][\/et_pb_column][\/et_pb_row][\/et_pb_section][et_pb_section fb_built=&#8220;1&#8243; _builder_version=&#8220;4.27.6&#8243; _module_preset=&#8220;default&#8220; background_color=&#8220;#FFFFFF&#8220; custom_margin=&#8220;||||false|false&#8220; custom_padding=&#8220;25px||||false|false&#8220; global_colors_info=&#8220;{}&#8220; theme_builder_area=&#8220;et_body_layout&#8220;][et_pb_row make_equal=&#8220;on&#8220; admin_label=&#8220;Special Row&#8220; _builder_version=&#8220;4.27.2&#8243; _module_preset=&#8220;default&#8220; custom_padding=&#8220;0px||0px||false|false&#8220; global_colors_info=&#8220;{}&#8220; theme_builder_area=&#8220;et_body_layout&#8220;][et_pb_column type=&#8220;4_4&#8243; _builder_version=&#8220;4.17.3&#8243; _module_preset=&#8220;default&#8220; global_colors_info=&#8220;{}&#8220; theme_builder_area=&#8220;et_body_layout&#8220;][et_pb_text _builder_version=&#8220;4.27.6&#8243; _module_preset=&#8220;default&#8220; text_text_color=&#8220;#FFFFFF&#8220; header_text_align=&#8220;center&#8220; header_2_text_align=&#8220;left&#8220; header_2_text_color=&#8220;#FFFFFF&#8220; header_3_font=&#8220;|||on|||||&#8220; header_3_text_align=&#8220;center&#8220; header_3_text_color=&#8220;#F5F4F4&#8243; background_color=&#8220;#2799D6&#8243; text_orientation=&#8220;center&#8220; text_orientation_tablet=&#8220;&#8220; text_orientation_phone=&#8220;center&#8220; text_orientation_last_edited=&#8220;on|phone&#8220; global_colors_info=&#8220;{}&#8220; theme_builder_area=&#8220;et_body_layout&#8220;]<\/p>\n<h3>Schulungsinhalt im Detail:<\/h3>\n<p>[\/et_pb_text][\/et_pb_column][\/et_pb_row][et_pb_row make_equal=&#8220;on&#8220; admin_label=&#8220;Special Row&#8220; _builder_version=&#8220;4.27.6&#8243; _module_preset=&#8220;default&#8220; custom_padding=&#8220;40px||||false|false&#8220; hover_enabled=&#8220;0&#8243; global_colors_info=&#8220;{}&#8220; theme_builder_area=&#8220;et_body_layout&#8220; sticky_enabled=&#8220;0&#8243;][et_pb_column type=&#8220;4_4&#8243; _builder_version=&#8220;4.17.3&#8243; _module_preset=&#8220;default&#8220; global_colors_info=&#8220;{}&#8220; theme_builder_area=&#8220;et_body_layout&#8220;][et_pb_text _builder_version=&#8220;4.27.6&#8243; _module_preset=&#8220;default&#8220; text_text_color=&#8220;#393E42&#8243; header_2_text_color=&#8220;#FFFFFF&#8220; hover_enabled=&#8220;0&#8243; text_orientation_phone=&#8220;left&#8220; text_orientation_last_edited=&#8220;off|desktop&#8220; global_colors_info=&#8220;{}&#8220; theme_builder_area=&#8220;et_body_layout&#8220; sticky_enabled=&#8220;0&#8243;]<\/p>\n<p>\u2022 Bereitstellung der CAD-Daten<br \/>\u2022 Fl\u00e4che und Kontur<br \/>\u2022 Import der CAD-Daten in Provis<br \/>\u2022 PA-Funktionen zur Bahnerzeugung<br \/>\u2022 Import in verschiedene Koordinatensysteme<br \/>\u2022 Orientierung und Richtung ver\u00e4ndern<br \/>\u2022 Optimieren von Roboterprogrammen \/ Kontrollfunktionen<br \/>\u2022 Datentransfer zwischen RobOffice und realem Roboter<br \/>\u2022 Programmierbeispiele mit praktischen \u00dcbungen<\/p>\n<p>[\/et_pb_text][\/et_pb_column][\/et_pb_row][\/et_pb_section]<\/p>\n","protected":false},"excerpt":{"rendered":"<p>SCHULUNG Automatische BahngenerierungMittels des Offlinetools Provis k\u00f6nnen Sie ihr Anlage virtuell abbilden &#8211; Mittels der automatischen Bahngenerierung der CAD Daten k\u00f6nnen Sie auf einfachste Weise ganze Bahnen und Programme in k\u00fcrzester Zeit erstellen Limitierte Schulungspl\u00e4tze verf\u00fcgbar.<div class=\"et_pb_module dsm_icon_list dsm_icon_list_0\">\n\t\t\t\t\n\t\t\t\t\n\t\t\t\t\n\t\t\t\t\n\t\t\t\t\n\t\t\t\t\n\t\t\t\t<div class=\"et_pb_module_inner\">\n\t\t\t\t\t<ul class=\"dsm_icon_list_items dsm_icon_list_ltr_direction dsm_icon_list_layout_vertical\"><\/ul>\n\t\t\t\t<\/div>\n\t\t\t<\/div>DAUER3 Tage<div class=\"et_pb_module dsm_icon_list dsm_icon_list_1\">\n\t\t\t\t\n\t\t\t\t\n\t\t\t\t\n\t\t\t\t\n\t\t\t\t\n\t\t\t\t\n\t\t\t\t<div class=\"et_pb_module_inner\">\n\t\t\t\t\t<ul class=\"dsm_icon_list_items dsm_icon_list_ltr_direction dsm_icon_list_layout_vertical\"><\/ul>\n\t\t\t\t<\/div>\n\t\t\t<\/div>ZIELGRUPPEProgrammierer System<div class=\"et_pb_module dsm_icon_list dsm_icon_list_2\">\n\t\t\t\t\n\t\t\t\t\n\t\t\t\t\n\t\t\t\t\n\t\t\t\t\n\t\t\t\t\n\t\t\t\t<div class=\"et_pb_module_inner\">\n\t\t\t\t\t<ul class=\"dsm_icon_list_items dsm_icon_list_ltr_direction dsm_icon_list_layout_vertical\"><\/ul>\n\t\t\t\t<\/div>\n\t\t\t<\/div>VORAUSSETZUNGENBedienen &#038; Programmieren 1 Programmieren 2 Provis Grundlagen Provis Offline ProgrammierungSchulungsinhalt im Detail:\u2022 Bereitstellung der CAD-Daten\u2022 Fl\u00e4che und Kontur\u2022 Import der CAD-Daten in Provis\u2022 PA-Funktionen zur Bahnerzeugung\u2022 Import in verschiedene Koordinatensysteme\u2022 Orientierung und Richtung ver\u00e4ndern\u2022 Optimieren von Roboterprogrammen \/ Kontrollfunktionen\u2022 Datentransfer zwischen RobOffice und realem Roboter\u2022 Programmierbeispiele mit praktischen \u00dcbungen<\/p>\n","protected":false},"author":1,"featured_media":0,"parent":15368,"menu_order":0,"comment_status":"closed","ping_status":"closed","template":"","meta":{"_acf_changed":false,"_et_pb_use_builder":"on","_et_pb_old_content":"","_et_gb_content_width":"","footnotes":""},"class_list":["post-15590","page","type-page","status-publish","hentry"],"acf":[],"yoast_head":"<!-- This site is optimized with the Yoast SEO plugin v27.2 - https:\/\/yoast.com\/product\/yoast-seo-wordpress\/ -->\n<title>Automatische Bahngenerierung - Reis Robotics<\/title>\n<meta name=\"description\" content=\"Mittels des Offlinetools Provis k\u00f6nnen Sie ihr Anlage virtuell abbilden.\" \/>\n<meta name=\"robots\" content=\"index, follow, max-snippet:-1, max-image-preview:large, max-video-preview:-1\" \/>\n<link rel=\"canonical\" href=\"https:\/\/reisrobotics.com\/de\/kundenservice\/training-schulung\/automatische-bahngenerierung\/\" \/>\n<meta property=\"og:locale\" content=\"de_DE\" \/>\n<meta property=\"og:type\" content=\"article\" \/>\n<meta property=\"og:title\" content=\"Automatische Bahngenerierung - Reis Robotics\" \/>\n<meta property=\"og:description\" content=\"Mittels des Offlinetools Provis k\u00f6nnen Sie ihr Anlage virtuell abbilden.\" \/>\n<meta property=\"og:url\" content=\"https:\/\/reisrobotics.com\/de\/kundenservice\/training-schulung\/automatische-bahngenerierung\/\" \/>\n<meta property=\"og:site_name\" content=\"Reis Robotics\" \/>\n<meta property=\"article:modified_time\" content=\"2026-03-19T11:39:40+00:00\" \/>\n<meta name=\"twitter:card\" content=\"summary_large_image\" \/>\n<meta name=\"twitter:label1\" content=\"Gesch\u00e4tzte Lesezeit\" \/>\n\t<meta name=\"twitter:data1\" content=\"1\u00a0Minute\" \/>\n<script type=\"application\/ld+json\" class=\"yoast-schema-graph\">{\"@context\":\"https:\/\/schema.org\",\"@graph\":[{\"@type\":\"WebPage\",\"@id\":\"https:\/\/reisrobotics.com\/de\/kundenservice\/training-schulung\/automatische-bahngenerierung\/\",\"url\":\"https:\/\/reisrobotics.com\/de\/kundenservice\/training-schulung\/automatische-bahngenerierung\/\",\"name\":\"Automatische Bahngenerierung - Reis Robotics\",\"isPartOf\":{\"@id\":\"https:\/\/reisrobotics.com\/de\/#website\"},\"datePublished\":\"2025-01-21T11:32:43+00:00\",\"dateModified\":\"2026-03-19T11:39:40+00:00\",\"description\":\"Mittels des Offlinetools Provis k\u00f6nnen Sie ihr Anlage virtuell abbilden.\",\"breadcrumb\":{\"@id\":\"https:\/\/reisrobotics.com\/de\/kundenservice\/training-schulung\/automatische-bahngenerierung\/#breadcrumb\"},\"inLanguage\":\"de\",\"potentialAction\":[{\"@type\":\"ReadAction\",\"target\":[\"https:\/\/reisrobotics.com\/de\/kundenservice\/training-schulung\/automatische-bahngenerierung\/\"]}]},{\"@type\":\"BreadcrumbList\",\"@id\":\"https:\/\/reisrobotics.com\/de\/kundenservice\/training-schulung\/automatische-bahngenerierung\/#breadcrumb\",\"itemListElement\":[{\"@type\":\"ListItem\",\"position\":1,\"name\":\"Home\",\"item\":\"https:\/\/reisrobotics.com\/de\/\"},{\"@type\":\"ListItem\",\"position\":2,\"name\":\"Kundenservice\",\"item\":\"https:\/\/reisrobotics.com\/de\/kundenservice\/\"},{\"@type\":\"ListItem\",\"position\":3,\"name\":\"Training &#038; Schulung\",\"item\":\"https:\/\/reisrobotics.com\/de\/kundenservice\/training-schulung\/\"},{\"@type\":\"ListItem\",\"position\":4,\"name\":\"Automatische Bahngenerierung\"}]},{\"@type\":\"WebSite\",\"@id\":\"https:\/\/reisrobotics.com\/de\/#website\",\"url\":\"https:\/\/reisrobotics.com\/de\/\",\"name\":\"Reis Robotics\",\"description\":\"\",\"publisher\":{\"@id\":\"https:\/\/reisrobotics.com\/de\/#organization\"},\"potentialAction\":[{\"@type\":\"SearchAction\",\"target\":{\"@type\":\"EntryPoint\",\"urlTemplate\":\"https:\/\/reisrobotics.com\/de\/?s={search_term_string}\"},\"query-input\":{\"@type\":\"PropertyValueSpecification\",\"valueRequired\":true,\"valueName\":\"search_term_string\"}}],\"inLanguage\":\"de\"},{\"@type\":\"Organization\",\"@id\":\"https:\/\/reisrobotics.com\/de\/#organization\",\"name\":\"Reis Robotics\",\"url\":\"https:\/\/reisrobotics.com\/de\/\",\"logo\":{\"@type\":\"ImageObject\",\"inLanguage\":\"de\",\"@id\":\"https:\/\/reisrobotics.com\/de\/#\/schema\/logo\/image\/\",\"url\":\"https:\/\/reisrobotics.com\/wp-content\/uploads\/2023\/07\/REIS_LOGO-BLACK.svg\",\"contentUrl\":\"https:\/\/reisrobotics.com\/wp-content\/uploads\/2023\/07\/REIS_LOGO-BLACK.svg\",\"width\":1,\"height\":1,\"caption\":\"Reis Robotics\"},\"image\":{\"@id\":\"https:\/\/reisrobotics.com\/de\/#\/schema\/logo\/image\/\"}}]}<\/script>\n<!-- \/ Yoast SEO plugin. -->","yoast_head_json":{"title":"Automatische Bahngenerierung - Reis Robotics","description":"Mittels des Offlinetools Provis k\u00f6nnen Sie ihr Anlage virtuell abbilden.","robots":{"index":"index","follow":"follow","max-snippet":"max-snippet:-1","max-image-preview":"max-image-preview:large","max-video-preview":"max-video-preview:-1"},"canonical":"https:\/\/reisrobotics.com\/de\/kundenservice\/training-schulung\/automatische-bahngenerierung\/","og_locale":"de_DE","og_type":"article","og_title":"Automatische Bahngenerierung - Reis Robotics","og_description":"Mittels des Offlinetools Provis k\u00f6nnen Sie ihr Anlage virtuell abbilden.","og_url":"https:\/\/reisrobotics.com\/de\/kundenservice\/training-schulung\/automatische-bahngenerierung\/","og_site_name":"Reis Robotics","article_modified_time":"2026-03-19T11:39:40+00:00","twitter_card":"summary_large_image","twitter_misc":{"Gesch\u00e4tzte Lesezeit":"1\u00a0Minute"},"schema":{"@context":"https:\/\/schema.org","@graph":[{"@type":"WebPage","@id":"https:\/\/reisrobotics.com\/de\/kundenservice\/training-schulung\/automatische-bahngenerierung\/","url":"https:\/\/reisrobotics.com\/de\/kundenservice\/training-schulung\/automatische-bahngenerierung\/","name":"Automatische Bahngenerierung - Reis Robotics","isPartOf":{"@id":"https:\/\/reisrobotics.com\/de\/#website"},"datePublished":"2025-01-21T11:32:43+00:00","dateModified":"2026-03-19T11:39:40+00:00","description":"Mittels des Offlinetools Provis k\u00f6nnen Sie ihr Anlage virtuell abbilden.","breadcrumb":{"@id":"https:\/\/reisrobotics.com\/de\/kundenservice\/training-schulung\/automatische-bahngenerierung\/#breadcrumb"},"inLanguage":"de","potentialAction":[{"@type":"ReadAction","target":["https:\/\/reisrobotics.com\/de\/kundenservice\/training-schulung\/automatische-bahngenerierung\/"]}]},{"@type":"BreadcrumbList","@id":"https:\/\/reisrobotics.com\/de\/kundenservice\/training-schulung\/automatische-bahngenerierung\/#breadcrumb","itemListElement":[{"@type":"ListItem","position":1,"name":"Home","item":"https:\/\/reisrobotics.com\/de\/"},{"@type":"ListItem","position":2,"name":"Kundenservice","item":"https:\/\/reisrobotics.com\/de\/kundenservice\/"},{"@type":"ListItem","position":3,"name":"Training &#038; Schulung","item":"https:\/\/reisrobotics.com\/de\/kundenservice\/training-schulung\/"},{"@type":"ListItem","position":4,"name":"Automatische Bahngenerierung"}]},{"@type":"WebSite","@id":"https:\/\/reisrobotics.com\/de\/#website","url":"https:\/\/reisrobotics.com\/de\/","name":"Reis Robotics","description":"","publisher":{"@id":"https:\/\/reisrobotics.com\/de\/#organization"},"potentialAction":[{"@type":"SearchAction","target":{"@type":"EntryPoint","urlTemplate":"https:\/\/reisrobotics.com\/de\/?s={search_term_string}"},"query-input":{"@type":"PropertyValueSpecification","valueRequired":true,"valueName":"search_term_string"}}],"inLanguage":"de"},{"@type":"Organization","@id":"https:\/\/reisrobotics.com\/de\/#organization","name":"Reis Robotics","url":"https:\/\/reisrobotics.com\/de\/","logo":{"@type":"ImageObject","inLanguage":"de","@id":"https:\/\/reisrobotics.com\/de\/#\/schema\/logo\/image\/","url":"https:\/\/reisrobotics.com\/wp-content\/uploads\/2023\/07\/REIS_LOGO-BLACK.svg","contentUrl":"https:\/\/reisrobotics.com\/wp-content\/uploads\/2023\/07\/REIS_LOGO-BLACK.svg","width":1,"height":1,"caption":"Reis Robotics"},"image":{"@id":"https:\/\/reisrobotics.com\/de\/#\/schema\/logo\/image\/"}}]}},"_links":{"self":[{"href":"https:\/\/reisrobotics.com\/de\/wp-json\/wp\/v2\/pages\/15590","targetHints":{"allow":["GET"]}}],"collection":[{"href":"https:\/\/reisrobotics.com\/de\/wp-json\/wp\/v2\/pages"}],"about":[{"href":"https:\/\/reisrobotics.com\/de\/wp-json\/wp\/v2\/types\/page"}],"author":[{"embeddable":true,"href":"https:\/\/reisrobotics.com\/de\/wp-json\/wp\/v2\/users\/1"}],"replies":[{"embeddable":true,"href":"https:\/\/reisrobotics.com\/de\/wp-json\/wp\/v2\/comments?post=15590"}],"version-history":[{"count":5,"href":"https:\/\/reisrobotics.com\/de\/wp-json\/wp\/v2\/pages\/15590\/revisions"}],"predecessor-version":[{"id":19015,"href":"https:\/\/reisrobotics.com\/de\/wp-json\/wp\/v2\/pages\/15590\/revisions\/19015"}],"up":[{"embeddable":true,"href":"https:\/\/reisrobotics.com\/de\/wp-json\/wp\/v2\/pages\/15368"}],"wp:attachment":[{"href":"https:\/\/reisrobotics.com\/de\/wp-json\/wp\/v2\/media?parent=15590"}],"curies":[{"name":"wp","href":"https:\/\/api.w.org\/{rel}","templated":true}]}}