{"id":15570,"date":"2025-01-21T12:24:46","date_gmt":"2025-01-21T11:24:46","guid":{"rendered":"https:\/\/reisrobotics.com\/?page_id=15570"},"modified":"2026-03-19T12:34:48","modified_gmt":"2026-03-19T11:34:48","slug":"servo-robot-nahtverfolgung","status":"publish","type":"page","link":"https:\/\/reisrobotics.com\/de\/kundenservice\/training-schulung\/servo-robot-nahtverfolgung\/","title":{"rendered":"Servo-Robot Nahtverfolgung"},"content":{"rendered":"<p>[et_pb_section fb_built=&#8220;1&#8243; fullwidth=&#8220;on&#8220; module_class=&#8220;full-height-slider&#8220; _builder_version=&#8220;4.27.6&#8243; _module_preset=&#8220;default&#8220; background_enable_color=&#8220;off&#8220; min_height=&#8220;25vh&#8220; global_colors_info=&#8220;{%22gcid-primary-color%22:%91%22background_color%22%93}&#8220; theme_builder_area=&#8220;et_body_layout&#8220;][et_pb_fullwidth_slider _builder_version=&#8220;4.27.6&#8243; _module_preset=&#8220;default&#8220; header_font=&#8220;|800|||||||&#8220; header_font_size=&#8220;56px&#8220; header_letter_spacing=&#8220;-1px&#8220; body_font=&#8220;|600|||||||&#8220; body_font_size=&#8220;24px&#8220; custom_button=&#8220;on&#8220; button_font=&#8220;|800||on|||||&#8220; button_custom_margin=&#8220;||||false|false&#8220; custom_padding=&#8220;201px||135px||false|false&#8220; hover_enabled=&#8220;0&#8243; global_colors_info=&#8220;{}&#8220; theme_builder_area=&#8220;et_body_layout&#8220; sticky_enabled=&#8220;0&#8243;][et_pb_slide button_text=&#8220;Jetzt reservieren&#8220; button_link=&#8220;#module&#8220; _builder_version=&#8220;4.27.6&#8243; _module_preset=&#8220;default&#8220; header_level=&#8220;h1&#8243; background_color=&#8220;gcid-body-color&#8220; background_enable_color=&#8220;on&#8220; background_enable_image=&#8220;off&#8220; background_blend=&#8220;overlay&#8220; custom_button=&#8220;on&#8220; button_bg_color=&#8220;#2799D6&#8243; button_border_width=&#8220;0px&#8220; button_use_icon=&#8220;on&#8220; button_icon=&#8220;&#xe076;||divi||400&#8243; button_icon_placement=&#8220;left&#8220; button_on_hover=&#8220;off&#8220; button_alignment=&#8220;center&#8220; button_custom_padding=&#8220;||||false|false&#8220; width=&#8220;100%&#8220; max_width=&#8220;100%&#8220; hover_enabled=&#8220;0&#8243; global_colors_info=&#8220;{%22gcid-body-color%22:%91%22background_color%22%93}&#8220; sticky_transition=&#8220;on&#8220; theme_builder_area=&#8220;et_body_layout&#8220; sticky_enabled=&#8220;0&#8243;]<\/p>\n<p>SCHULUNG<\/p>\n<h1>Servo-Robot Nahtverfolgung<\/h1>\n<p>[\/et_pb_slide][\/et_pb_fullwidth_slider][\/et_pb_section][et_pb_section fb_built=&#8220;1&#8243; admin_label=&#8220;Section&#8220; _builder_version=&#8220;4.27.6&#8243; _module_preset=&#8220;default&#8220; background_color=&#8220;#F5F4F4&#8243; global_colors_info=&#8220;{}&#8220; theme_builder_area=&#8220;et_body_layout&#8220;][et_pb_row _builder_version=&#8220;4.25.0&#8243; _module_preset=&#8220;default&#8220; global_colors_info=&#8220;{}&#8220; theme_builder_area=&#8220;et_body_layout&#8220;][et_pb_column type=&#8220;4_4&#8243; _builder_version=&#8220;4.18.0&#8243; _module_preset=&#8220;default&#8220; global_colors_info=&#8220;{}&#8220; theme_builder_area=&#8220;et_body_layout&#8220;][et_pb_text _builder_version=&#8220;4.27.6&#8243; _module_preset=&#8220;_initial&#8220; header_2_font=&#8220;|700|||||||&#8220; header_2_text_align=&#8220;center&#8220; header_2_font_size=&#8220;25px&#8220; text_orientation=&#8220;center&#8220; hover_enabled=&#8220;0&#8243; global_colors_info=&#8220;{}&#8220; theme_builder_area=&#8220;et_body_layout&#8220; sticky_enabled=&#8220;0&#8243;]<\/p>\n<h2>Mit unserer integrierten Servo-Robot Nahtverfolgung lassen sich toleranzanf\u00e4llige Bauteile verschwei\u00dfen, ohne den Roboter immer wieder neu zu programmieren und die Schwei\u00dfbahn neu ausrichten zu m\u00fcssen<\/h2>\n<p>Limitierte Schulungspl\u00e4tze verf\u00fcgbar.<\/p>\n<p>[\/et_pb_text][et_pb_button button_url=&#8220;@ET-DC@eyJkeW5hbWljIjp0cnVlLCJjb250ZW50IjoicG9zdF9saW5rX3VybF9hdHRhY2htZW50Iiwic2V0dGluZ3MiOnsicG9zdF9pZCI6IjE4NzgxIn19@&#8220; url_new_window=&#8220;on&#8220; button_text=&#8220;DOWNLOAD&#8220; button_alignment=&#8220;center&#8220; _builder_version=&#8220;4.27.6&#8243; _dynamic_attributes=&#8220;button_url&#8220; _module_preset=&#8220;default&#8220; custom_button=&#8220;on&#8220; button_icon=&#8220;&#xf1c1;||fa||900&#8243; button_icon_color=&#8220;#FFFFFF&#8220; button_icon_placement=&#8220;left&#8220; button_on_hover=&#8220;off&#8220; custom_padding=&#8220;|20px||40px|false|false&#8220; hover_enabled=&#8220;0&#8243; global_colors_info=&#8220;{}&#8220; theme_builder_area=&#8220;et_body_layout&#8220; sticky_enabled=&#8220;0&#8243;][\/et_pb_button][\/et_pb_column][\/et_pb_row][\/et_pb_section][et_pb_section fb_built=&#8220;1&#8243; _builder_version=&#8220;4.27.6&#8243; _module_preset=&#8220;default&#8220; background_color=&#8220;#FFFFFF&#8220; width=&#8220;100vw&#8220; custom_margin=&#8220;||||false|false&#8220; custom_padding=&#8220;31px||0px||false|false&#8220; global_colors_info=&#8220;{}&#8220; theme_builder_area=&#8220;et_body_layout&#8220;][et_pb_row column_structure=&#8220;1_3,1_3,1_3&#8243; _builder_version=&#8220;4.27.6&#8243; _module_preset=&#8220;default&#8220; custom_padding=&#8220;0px|||||&#8220; border_radii=&#8220;off|20px|20px||&#8220; border_width_all=&#8220;1px&#8220; border_color_all=&#8220;#2799D6&#8243; global_colors_info=&#8220;{}&#8220; theme_builder_area=&#8220;et_body_layout&#8220;][et_pb_column type=&#8220;1_3&#8243; _builder_version=&#8220;4.24.2&#8243; _module_preset=&#8220;default&#8220; global_colors_info=&#8220;{}&#8220; theme_builder_area=&#8220;et_body_layout&#8220;][dsm_icon_list _builder_version=&#8220;4.27.4&#8243; _module_preset=&#8220;default&#8220; global_colors_info=&#8220;{}&#8220; theme_builder_area=&#8220;et_body_layout&#8220;][\/dsm_icon_list][et_pb_icon font_icon=&#8220;&#xe06b;||divi||400&#8243; icon_color=&#8220;#2799D6&#8243; icon_width=&#8220;50px&#8220; _builder_version=&#8220;4.27.6&#8243; _module_preset=&#8220;default&#8220; custom_margin=&#8220;||10px||false|false&#8220; global_colors_info=&#8220;{}&#8220; theme_builder_area=&#8220;et_body_layout&#8220;][\/et_pb_icon][et_pb_text _builder_version=&#8220;4.27.6&#8243; _module_preset=&#8220;default&#8220; text_orientation=&#8220;center&#8220; custom_margin=&#8220;||5px||false|false&#8220; global_colors_info=&#8220;{}&#8220; theme_builder_area=&#8220;et_body_layout&#8220;]<\/p>\n<p><b>DAUER<\/b><\/p>\n<p>[\/et_pb_text][et_pb_text _builder_version=&#8220;4.27.4&#8243; _module_preset=&#8220;default&#8220; text_orientation=&#8220;center&#8220; custom_margin=&#8220;||||false|false&#8220; global_colors_info=&#8220;{}&#8220; theme_builder_area=&#8220;post_content&#8220;]<\/p>\n<p>3 Tage<\/p>\n<p>[\/et_pb_text][\/et_pb_column][et_pb_column type=&#8220;1_3&#8243; _builder_version=&#8220;4.24.2&#8243; _module_preset=&#8220;default&#8220; global_colors_info=&#8220;{}&#8220; theme_builder_area=&#8220;et_body_layout&#8220;][dsm_icon_list _builder_version=&#8220;4.27.4&#8243; _module_preset=&#8220;default&#8220; global_colors_info=&#8220;{}&#8220; theme_builder_area=&#8220;et_body_layout&#8220;][\/dsm_icon_list][et_pb_icon font_icon=&#8220;&#xf500;||fa||900&#8243; icon_color=&#8220;#2799D6&#8243; icon_width=&#8220;50px&#8220; _builder_version=&#8220;4.27.6&#8243; _module_preset=&#8220;default&#8220; custom_margin=&#8220;||10px||false|false&#8220; global_colors_info=&#8220;{}&#8220; theme_builder_area=&#8220;et_body_layout&#8220;][\/et_pb_icon][et_pb_text _builder_version=&#8220;4.27.6&#8243; _module_preset=&#8220;default&#8220; text_orientation=&#8220;center&#8220; custom_margin=&#8220;||5px||false|false&#8220; global_colors_info=&#8220;{}&#8220; theme_builder_area=&#8220;et_body_layout&#8220;]<\/p>\n<p><strong>ZIELGRUPPE<\/strong><\/p>\n<p>[\/et_pb_text][et_pb_text _builder_version=&#8220;4.27.4&#8243; _module_preset=&#8220;default&#8220; text_orientation=&#8220;center&#8220; custom_margin=&#8220;||||false|false&#8220; global_colors_info=&#8220;{}&#8220; theme_builder_area=&#8220;post_content&#8220;]Programmierer Anwendung[\/et_pb_text][\/et_pb_column][et_pb_column type=&#8220;1_3&#8243; _builder_version=&#8220;4.24.2&#8243; _module_preset=&#8220;default&#8220; global_colors_info=&#8220;{}&#8220; theme_builder_area=&#8220;et_body_layout&#8220;][dsm_icon_list _builder_version=&#8220;4.27.4&#8243; _module_preset=&#8220;default&#8220; global_colors_info=&#8220;{}&#8220; theme_builder_area=&#8220;et_body_layout&#8220;][\/dsm_icon_list][et_pb_icon font_icon=&#8220;&#xf46d;||fa||900&#8243; icon_color=&#8220;#2799D6&#8243; icon_width=&#8220;50px&#8220; _builder_version=&#8220;4.27.6&#8243; _module_preset=&#8220;default&#8220; custom_margin=&#8220;||10px||false|false&#8220; global_colors_info=&#8220;{}&#8220; theme_builder_area=&#8220;et_body_layout&#8220;][\/et_pb_icon][et_pb_text _builder_version=&#8220;4.27.6&#8243; _module_preset=&#8220;default&#8220; text_orientation=&#8220;center&#8220; custom_margin=&#8220;||5px||false|false&#8220; global_colors_info=&#8220;{}&#8220; theme_builder_area=&#8220;et_body_layout&#8220;]<strong>VORAUSSETZUNGEN<\/strong>[\/et_pb_text][et_pb_text _builder_version=&#8220;4.27.4&#8243; _module_preset=&#8220;default&#8220; text_orientation=&#8220;center&#8220; custom_margin=&#8220;||||false|false&#8220; global_colors_info=&#8220;{}&#8220; theme_builder_area=&#8220;post_content&#8220;]Bedienen &#038; Programmieren 1<br \/>\nProgrammieren 2[\/et_pb_text][\/et_pb_column][\/et_pb_row][\/et_pb_section][et_pb_section fb_built=&#8220;1&#8243; _builder_version=&#8220;4.27.6&#8243; _module_preset=&#8220;default&#8220; background_color=&#8220;#FFFFFF&#8220; custom_margin=&#8220;||||false|false&#8220; custom_padding=&#8220;25px||||false|false&#8220; global_colors_info=&#8220;{}&#8220; theme_builder_area=&#8220;et_body_layout&#8220;][et_pb_row make_equal=&#8220;on&#8220; admin_label=&#8220;Special Row&#8220; _builder_version=&#8220;4.27.2&#8243; _module_preset=&#8220;default&#8220; custom_padding=&#8220;0px||0px||false|false&#8220; global_colors_info=&#8220;{}&#8220; theme_builder_area=&#8220;et_body_layout&#8220;][et_pb_column type=&#8220;4_4&#8243; _builder_version=&#8220;4.17.3&#8243; _module_preset=&#8220;default&#8220; global_colors_info=&#8220;{}&#8220; theme_builder_area=&#8220;et_body_layout&#8220;][et_pb_text _builder_version=&#8220;4.27.6&#8243; _module_preset=&#8220;default&#8220; text_text_color=&#8220;#FFFFFF&#8220; header_text_align=&#8220;center&#8220; header_2_text_align=&#8220;left&#8220; header_2_text_color=&#8220;#FFFFFF&#8220; header_3_font=&#8220;|||on|||||&#8220; header_3_text_align=&#8220;center&#8220; header_3_text_color=&#8220;#F5F4F4&#8243; background_color=&#8220;#2799D6&#8243; text_orientation=&#8220;center&#8220; text_orientation_tablet=&#8220;&#8220; text_orientation_phone=&#8220;center&#8220; text_orientation_last_edited=&#8220;on|phone&#8220; global_colors_info=&#8220;{}&#8220; theme_builder_area=&#8220;et_body_layout&#8220;]<\/p>\n<h3>Schulungsinhalt im Detail:<\/h3>\n<p>[\/et_pb_text][\/et_pb_column][\/et_pb_row][et_pb_row column_structure=&#8220;1_2,1_2&#8243; make_equal=&#8220;on&#8220; admin_label=&#8220;Special Row&#8220; _builder_version=&#8220;4.27.4&#8243; _module_preset=&#8220;default&#8220; custom_padding=&#8220;40px||||false|false&#8220; global_colors_info=&#8220;{}&#8220; theme_builder_area=&#8220;et_body_layout&#8220;][et_pb_column type=&#8220;1_2&#8243; _builder_version=&#8220;4.17.3&#8243; _module_preset=&#8220;default&#8220; global_colors_info=&#8220;{}&#8220; theme_builder_area=&#8220;et_body_layout&#8220;][et_pb_text _builder_version=&#8220;4.27.6&#8243; _module_preset=&#8220;default&#8220; text_text_color=&#8220;#393E42&#8243; header_2_text_color=&#8220;#FFFFFF&#8220; hover_enabled=&#8220;0&#8243; text_orientation_phone=&#8220;left&#8220; text_orientation_last_edited=&#8220;off|desktop&#8220; global_colors_info=&#8220;{}&#8220; theme_builder_area=&#8220;et_body_layout&#8220; sticky_enabled=&#8220;0&#8243;]<\/p>\n<p><strong>Softwarefunktionen<\/strong><br \/>\u2022 Grundlagen der Sensorfunktion<br \/>\u2022 Systemvariablen der Sensorfunktion<br \/>\u2022 Initialisierung<\/p>\n<p><strong>Laserbandkamera<\/strong><br \/>\u2022 Aufbau und Funktionsweise der Laserband-Kamera<br \/>\u2022 Bedienungsoberfl\u00e4che \/ Justage<br \/>\u2022 Einstellparameter und Kalibrierung der Laserband-Kamera<\/p>\n<p>[\/et_pb_text][\/et_pb_column][et_pb_column type=&#8220;1_2&#8243; _builder_version=&#8220;4.17.3&#8243; _module_preset=&#8220;default&#8220; global_colors_info=&#8220;{}&#8220; theme_builder_area=&#8220;et_body_layout&#8220;][et_pb_text _builder_version=&#8220;4.27.6&#8243; _module_preset=&#8220;default&#8220; text_text_color=&#8220;#393E42&#8243; header_2_text_color=&#8220;#FFFFFF&#8220; hover_enabled=&#8220;0&#8243; text_orientation_phone=&#8220;left&#8220; text_orientation_last_edited=&#8220;off|desktop&#8220; global_colors_info=&#8220;{}&#8220; theme_builder_area=&#8220;et_body_layout&#8220; sticky_enabled=&#8220;0&#8243;]<\/p>\n<p><strong>Einsatzgebiete<\/strong><br \/>\u2022 Nahtgeometrien<br \/>\u2022 Nahtsuche<br \/>\u2022 Nahtverfolgung<br \/>\u2022 Grenzen des Einsatzes<br \/>\u2022 Praktische \u00dcbungen<\/p>\n<p>[\/et_pb_text][\/et_pb_column][\/et_pb_row][\/et_pb_section]<\/p>\n","protected":false},"excerpt":{"rendered":"<p>SCHULUNG Servo-Robot NahtverfolgungMit unserer integrierten Servo-Robot Nahtverfolgung lassen sich toleranzanf\u00e4llige Bauteile verschwei\u00dfen, ohne den Roboter immer wieder neu zu programmieren und die Schwei\u00dfbahn neu ausrichten zu m\u00fcssen Limitierte Schulungspl\u00e4tze verf\u00fcgbar.<div class=\"et_pb_module dsm_icon_list dsm_icon_list_0\">\n\t\t\t\t\n\t\t\t\t\n\t\t\t\t\n\t\t\t\t\n\t\t\t\t\n\t\t\t\t\n\t\t\t\t<div class=\"et_pb_module_inner\">\n\t\t\t\t\t<ul class=\"dsm_icon_list_items dsm_icon_list_ltr_direction dsm_icon_list_layout_vertical\"><\/ul>\n\t\t\t\t<\/div>\n\t\t\t<\/div>DAUER3 Tage<div class=\"et_pb_module dsm_icon_list dsm_icon_list_1\">\n\t\t\t\t\n\t\t\t\t\n\t\t\t\t\n\t\t\t\t\n\t\t\t\t\n\t\t\t\t\n\t\t\t\t<div class=\"et_pb_module_inner\">\n\t\t\t\t\t<ul class=\"dsm_icon_list_items dsm_icon_list_ltr_direction dsm_icon_list_layout_vertical\"><\/ul>\n\t\t\t\t<\/div>\n\t\t\t<\/div>ZIELGRUPPEProgrammierer Anwendung<div class=\"et_pb_module dsm_icon_list dsm_icon_list_2\">\n\t\t\t\t\n\t\t\t\t\n\t\t\t\t\n\t\t\t\t\n\t\t\t\t\n\t\t\t\t\n\t\t\t\t<div class=\"et_pb_module_inner\">\n\t\t\t\t\t<ul class=\"dsm_icon_list_items dsm_icon_list_ltr_direction dsm_icon_list_layout_vertical\"><\/ul>\n\t\t\t\t<\/div>\n\t\t\t<\/div>VORAUSSETZUNGENBedienen &#038; Programmieren 1 Programmieren 2Schulungsinhalt im Detail:Softwarefunktionen\u2022 Grundlagen der Sensorfunktion\u2022 Systemvariablen der Sensorfunktion\u2022 Initialisierung Laserbandkamera\u2022 Aufbau und Funktionsweise der Laserband-Kamera\u2022 Bedienungsoberfl\u00e4che \/ Justage\u2022 Einstellparameter und Kalibrierung der Laserband-KameraEinsatzgebiete\u2022 Nahtgeometrien\u2022 Nahtsuche\u2022 Nahtverfolgung\u2022 Grenzen des Einsatzes\u2022 Praktische \u00dcbungen<\/p>\n","protected":false},"author":1,"featured_media":0,"parent":15368,"menu_order":0,"comment_status":"closed","ping_status":"closed","template":"","meta":{"_acf_changed":false,"_et_pb_use_builder":"on","_et_pb_old_content":"","_et_gb_content_width":"","footnotes":""},"class_list":["post-15570","page","type-page","status-publish","hentry"],"acf":[],"yoast_head":"<!-- This site is optimized with the Yoast SEO plugin v27.2 - https:\/\/yoast.com\/product\/yoast-seo-wordpress\/ -->\n<title>Servo-Robot Nahtverfolgung - Reis Robotics<\/title>\n<meta name=\"description\" content=\"Mit unserer integrierten Servo-Robot Nahtverfolgung lassen sich toleranzanf\u00e4llige Bauteile verschwei\u00dfen, ohne den Roboter immer wieder neu zu programmieren und die Schwei\u00dfbahn neu ausrichten zu m\u00fcssen.\" \/>\n<meta name=\"robots\" content=\"index, follow, max-snippet:-1, max-image-preview:large, max-video-preview:-1\" \/>\n<link rel=\"canonical\" href=\"https:\/\/reisrobotics.com\/de\/kundenservice\/training-schulung\/servo-robot-nahtverfolgung\/\" \/>\n<meta property=\"og:locale\" content=\"de_DE\" \/>\n<meta property=\"og:type\" content=\"article\" \/>\n<meta property=\"og:title\" content=\"Servo-Robot Nahtverfolgung - Reis Robotics\" \/>\n<meta property=\"og:description\" content=\"Mit unserer integrierten Servo-Robot Nahtverfolgung lassen sich toleranzanf\u00e4llige Bauteile verschwei\u00dfen, ohne den Roboter immer wieder neu zu programmieren und die Schwei\u00dfbahn neu ausrichten zu m\u00fcssen.\" \/>\n<meta property=\"og:url\" content=\"https:\/\/reisrobotics.com\/de\/kundenservice\/training-schulung\/servo-robot-nahtverfolgung\/\" \/>\n<meta property=\"og:site_name\" content=\"Reis Robotics\" \/>\n<meta property=\"article:modified_time\" content=\"2026-03-19T11:34:48+00:00\" \/>\n<meta name=\"twitter:card\" content=\"summary_large_image\" \/>\n<meta name=\"twitter:label1\" content=\"Gesch\u00e4tzte Lesezeit\" \/>\n\t<meta name=\"twitter:data1\" content=\"1\u00a0Minute\" \/>\n<script type=\"application\/ld+json\" class=\"yoast-schema-graph\">{\"@context\":\"https:\/\/schema.org\",\"@graph\":[{\"@type\":\"WebPage\",\"@id\":\"https:\/\/reisrobotics.com\/de\/kundenservice\/training-schulung\/servo-robot-nahtverfolgung\/\",\"url\":\"https:\/\/reisrobotics.com\/de\/kundenservice\/training-schulung\/servo-robot-nahtverfolgung\/\",\"name\":\"Servo-Robot Nahtverfolgung - Reis Robotics\",\"isPartOf\":{\"@id\":\"https:\/\/reisrobotics.com\/de\/#website\"},\"datePublished\":\"2025-01-21T11:24:46+00:00\",\"dateModified\":\"2026-03-19T11:34:48+00:00\",\"description\":\"Mit unserer integrierten Servo-Robot Nahtverfolgung lassen sich toleranzanf\u00e4llige Bauteile verschwei\u00dfen, ohne den Roboter immer wieder neu zu programmieren und die Schwei\u00dfbahn neu ausrichten zu m\u00fcssen.\",\"breadcrumb\":{\"@id\":\"https:\/\/reisrobotics.com\/de\/kundenservice\/training-schulung\/servo-robot-nahtverfolgung\/#breadcrumb\"},\"inLanguage\":\"de\",\"potentialAction\":[{\"@type\":\"ReadAction\",\"target\":[\"https:\/\/reisrobotics.com\/de\/kundenservice\/training-schulung\/servo-robot-nahtverfolgung\/\"]}]},{\"@type\":\"BreadcrumbList\",\"@id\":\"https:\/\/reisrobotics.com\/de\/kundenservice\/training-schulung\/servo-robot-nahtverfolgung\/#breadcrumb\",\"itemListElement\":[{\"@type\":\"ListItem\",\"position\":1,\"name\":\"Home\",\"item\":\"https:\/\/reisrobotics.com\/de\/\"},{\"@type\":\"ListItem\",\"position\":2,\"name\":\"Kundenservice\",\"item\":\"https:\/\/reisrobotics.com\/de\/kundenservice\/\"},{\"@type\":\"ListItem\",\"position\":3,\"name\":\"Training &#038; Schulung\",\"item\":\"https:\/\/reisrobotics.com\/de\/kundenservice\/training-schulung\/\"},{\"@type\":\"ListItem\",\"position\":4,\"name\":\"Servo-Robot Nahtverfolgung\"}]},{\"@type\":\"WebSite\",\"@id\":\"https:\/\/reisrobotics.com\/de\/#website\",\"url\":\"https:\/\/reisrobotics.com\/de\/\",\"name\":\"Reis Robotics\",\"description\":\"\",\"publisher\":{\"@id\":\"https:\/\/reisrobotics.com\/de\/#organization\"},\"potentialAction\":[{\"@type\":\"SearchAction\",\"target\":{\"@type\":\"EntryPoint\",\"urlTemplate\":\"https:\/\/reisrobotics.com\/de\/?s={search_term_string}\"},\"query-input\":{\"@type\":\"PropertyValueSpecification\",\"valueRequired\":true,\"valueName\":\"search_term_string\"}}],\"inLanguage\":\"de\"},{\"@type\":\"Organization\",\"@id\":\"https:\/\/reisrobotics.com\/de\/#organization\",\"name\":\"Reis Robotics\",\"url\":\"https:\/\/reisrobotics.com\/de\/\",\"logo\":{\"@type\":\"ImageObject\",\"inLanguage\":\"de\",\"@id\":\"https:\/\/reisrobotics.com\/de\/#\/schema\/logo\/image\/\",\"url\":\"https:\/\/reisrobotics.com\/wp-content\/uploads\/2023\/07\/REIS_LOGO-BLACK.svg\",\"contentUrl\":\"https:\/\/reisrobotics.com\/wp-content\/uploads\/2023\/07\/REIS_LOGO-BLACK.svg\",\"width\":1,\"height\":1,\"caption\":\"Reis Robotics\"},\"image\":{\"@id\":\"https:\/\/reisrobotics.com\/de\/#\/schema\/logo\/image\/\"}}]}<\/script>\n<!-- \/ Yoast SEO plugin. -->","yoast_head_json":{"title":"Servo-Robot Nahtverfolgung - Reis Robotics","description":"Mit unserer integrierten Servo-Robot Nahtverfolgung lassen sich toleranzanf\u00e4llige Bauteile verschwei\u00dfen, ohne den Roboter immer wieder neu zu programmieren und die Schwei\u00dfbahn neu ausrichten zu m\u00fcssen.","robots":{"index":"index","follow":"follow","max-snippet":"max-snippet:-1","max-image-preview":"max-image-preview:large","max-video-preview":"max-video-preview:-1"},"canonical":"https:\/\/reisrobotics.com\/de\/kundenservice\/training-schulung\/servo-robot-nahtverfolgung\/","og_locale":"de_DE","og_type":"article","og_title":"Servo-Robot Nahtverfolgung - Reis Robotics","og_description":"Mit unserer integrierten Servo-Robot Nahtverfolgung lassen sich toleranzanf\u00e4llige Bauteile verschwei\u00dfen, ohne den Roboter immer wieder neu zu programmieren und die Schwei\u00dfbahn neu ausrichten zu m\u00fcssen.","og_url":"https:\/\/reisrobotics.com\/de\/kundenservice\/training-schulung\/servo-robot-nahtverfolgung\/","og_site_name":"Reis Robotics","article_modified_time":"2026-03-19T11:34:48+00:00","twitter_card":"summary_large_image","twitter_misc":{"Gesch\u00e4tzte Lesezeit":"1\u00a0Minute"},"schema":{"@context":"https:\/\/schema.org","@graph":[{"@type":"WebPage","@id":"https:\/\/reisrobotics.com\/de\/kundenservice\/training-schulung\/servo-robot-nahtverfolgung\/","url":"https:\/\/reisrobotics.com\/de\/kundenservice\/training-schulung\/servo-robot-nahtverfolgung\/","name":"Servo-Robot Nahtverfolgung - Reis Robotics","isPartOf":{"@id":"https:\/\/reisrobotics.com\/de\/#website"},"datePublished":"2025-01-21T11:24:46+00:00","dateModified":"2026-03-19T11:34:48+00:00","description":"Mit unserer integrierten Servo-Robot Nahtverfolgung lassen sich toleranzanf\u00e4llige Bauteile verschwei\u00dfen, ohne den Roboter immer wieder neu zu programmieren und die Schwei\u00dfbahn neu ausrichten zu m\u00fcssen.","breadcrumb":{"@id":"https:\/\/reisrobotics.com\/de\/kundenservice\/training-schulung\/servo-robot-nahtverfolgung\/#breadcrumb"},"inLanguage":"de","potentialAction":[{"@type":"ReadAction","target":["https:\/\/reisrobotics.com\/de\/kundenservice\/training-schulung\/servo-robot-nahtverfolgung\/"]}]},{"@type":"BreadcrumbList","@id":"https:\/\/reisrobotics.com\/de\/kundenservice\/training-schulung\/servo-robot-nahtverfolgung\/#breadcrumb","itemListElement":[{"@type":"ListItem","position":1,"name":"Home","item":"https:\/\/reisrobotics.com\/de\/"},{"@type":"ListItem","position":2,"name":"Kundenservice","item":"https:\/\/reisrobotics.com\/de\/kundenservice\/"},{"@type":"ListItem","position":3,"name":"Training &#038; Schulung","item":"https:\/\/reisrobotics.com\/de\/kundenservice\/training-schulung\/"},{"@type":"ListItem","position":4,"name":"Servo-Robot Nahtverfolgung"}]},{"@type":"WebSite","@id":"https:\/\/reisrobotics.com\/de\/#website","url":"https:\/\/reisrobotics.com\/de\/","name":"Reis Robotics","description":"","publisher":{"@id":"https:\/\/reisrobotics.com\/de\/#organization"},"potentialAction":[{"@type":"SearchAction","target":{"@type":"EntryPoint","urlTemplate":"https:\/\/reisrobotics.com\/de\/?s={search_term_string}"},"query-input":{"@type":"PropertyValueSpecification","valueRequired":true,"valueName":"search_term_string"}}],"inLanguage":"de"},{"@type":"Organization","@id":"https:\/\/reisrobotics.com\/de\/#organization","name":"Reis Robotics","url":"https:\/\/reisrobotics.com\/de\/","logo":{"@type":"ImageObject","inLanguage":"de","@id":"https:\/\/reisrobotics.com\/de\/#\/schema\/logo\/image\/","url":"https:\/\/reisrobotics.com\/wp-content\/uploads\/2023\/07\/REIS_LOGO-BLACK.svg","contentUrl":"https:\/\/reisrobotics.com\/wp-content\/uploads\/2023\/07\/REIS_LOGO-BLACK.svg","width":1,"height":1,"caption":"Reis Robotics"},"image":{"@id":"https:\/\/reisrobotics.com\/de\/#\/schema\/logo\/image\/"}}]}},"_links":{"self":[{"href":"https:\/\/reisrobotics.com\/de\/wp-json\/wp\/v2\/pages\/15570","targetHints":{"allow":["GET"]}}],"collection":[{"href":"https:\/\/reisrobotics.com\/de\/wp-json\/wp\/v2\/pages"}],"about":[{"href":"https:\/\/reisrobotics.com\/de\/wp-json\/wp\/v2\/types\/page"}],"author":[{"embeddable":true,"href":"https:\/\/reisrobotics.com\/de\/wp-json\/wp\/v2\/users\/1"}],"replies":[{"embeddable":true,"href":"https:\/\/reisrobotics.com\/de\/wp-json\/wp\/v2\/comments?post=15570"}],"version-history":[{"count":5,"href":"https:\/\/reisrobotics.com\/de\/wp-json\/wp\/v2\/pages\/15570\/revisions"}],"predecessor-version":[{"id":19005,"href":"https:\/\/reisrobotics.com\/de\/wp-json\/wp\/v2\/pages\/15570\/revisions\/19005"}],"up":[{"embeddable":true,"href":"https:\/\/reisrobotics.com\/de\/wp-json\/wp\/v2\/pages\/15368"}],"wp:attachment":[{"href":"https:\/\/reisrobotics.com\/de\/wp-json\/wp\/v2\/media?parent=15570"}],"curies":[{"name":"wp","href":"https:\/\/api.w.org\/{rel}","templated":true}]}}