{"id":15105,"date":"2024-08-05T08:37:02","date_gmt":"2024-08-05T06:37:02","guid":{"rendered":"https:\/\/reisrobotics.com\/welding-cutting\/"},"modified":"2026-03-23T11:10:22","modified_gmt":"2026-03-23T10:10:22","slug":"schweissen-schneiden","status":"publish","type":"page","link":"https:\/\/reisrobotics.com\/de\/loesungen\/schweissen-schneiden\/","title":{"rendered":"Schwei\u00dfen &#038; Schneiden"},"content":{"rendered":"<p>[et_pb_section fb_built=&#8220;1&#8243; fullwidth=&#8220;on&#8220; module_class=&#8220;full-height-slider&#8220; _builder_version=&#8220;4.25.0&#8243; _module_preset=&#8220;default&#8220; min_height=&#8220;50vh&#8220; global_colors_info=&#8220;{}&#8220;][et_pb_fullwidth_slider _builder_version=&#8220;4.27.6&#8243; _module_preset=&#8220;default&#8220; header_font=&#8220;|800|||||||&#8220; header_font_size=&#8220;56px&#8220; header_letter_spacing=&#8220;-1px&#8220; body_font=&#8220;|600|||||||&#8220; body_font_size=&#8220;24px&#8220; custom_button=&#8220;on&#8220; button_font=&#8220;|800||on|||||&#8220; button_custom_margin=&#8220;60px||||false|false&#8220; min_height=&#8220;50vh&#8220; global_colors_info=&#8220;{}&#8220;][et_pb_slide heading=&#8220;Schwei\u00dfen &#038; Schneiden&#8220; button_link=&#8220;#about-us&#8220; _builder_version=&#8220;4.27.6&#8243; _module_preset=&#8220;default&#8220; header_level=&#8220;h1&#8243; background_color=&#8220;rgba(0,13,43,0.37)&#8220; background_enable_color=&#8220;on&#8220; background_image=&#8220;https:\/\/reisrobotics.com\/wp-content\/uploads\/2026\/03\/Titel-Schweissen_300dpi-1-scaled-1.jpg&#8220; background_enable_image=&#8220;on&#8220; background_position=&#8220;bottom_center&#8220; background_blend=&#8220;overlay&#8220; custom_button=&#8220;on&#8220; button_bg_color=&#8220;#275DA6&#8243; button_border_width=&#8220;0px&#8220; width=&#8220;100%&#8220; max_width=&#8220;100%&#8220; global_colors_info=&#8220;{}&#8220; sticky_transition=&#8220;on&#8220;][\/et_pb_slide][\/et_pb_fullwidth_slider][\/et_pb_section][et_pb_section fb_built=&#8220;1&#8243; admin_label=&#8220;Section&#8220; _builder_version=&#8220;4.27.6&#8243; _module_preset=&#8220;default&#8220; background_color=&#8220;#FFFFFF&#8220; global_colors_info=&#8220;{}&#8220;][et_pb_row _builder_version=&#8220;4.25.0&#8243; _module_preset=&#8220;default&#8220; global_colors_info=&#8220;{}&#8220;][et_pb_column type=&#8220;4_4&#8243; _builder_version=&#8220;4.18.0&#8243; _module_preset=&#8220;default&#8220; global_colors_info=&#8220;{}&#8220;][et_pb_text _builder_version=&#8220;4.27.6&#8243; _module_preset=&#8220;_initial&#8220; header_2_font=&#8220;|800|||||||&#8220; header_2_font_size=&#8220;25px&#8220; global_colors_info=&#8220;{}&#8220;]<\/p>\n<h2 style=\"text-align: center;\">F\u00dcGE UND TRENNTECHNOLOGIEN<\/h2>\n<h4 style=\"text-align: center;\">SCHWEISSEN, SCHNEIDEN, BESCHICHTEN, LASERBEARBEITUNG, VERBINDEN, KLEBEN<\/h4>\n<p>[\/et_pb_text][et_pb_text _builder_version=&#8220;4.27.6&#8243; _module_preset=&#8220;_initial&#8220; text_font_size=&#8220;18px&#8220; header_font=&#8220;&#8211;et_global_heading_font|800|||||||&#8220; header_font_size=&#8220;46px&#8220; header_2_font=&#8220;|700|||||||&#8220; header_2_font_size=&#8220;24px&#8220; text_orientation=&#8220;center&#8220; global_colors_info=&#8220;{}&#8220;]<\/p>\n<p>Unsere kunden- &amp; applikationsspezifischen <b>Roboter-Systeme<\/b>, entwickelt, gebaut und programmiert in unserem Haus bieten ma\u00dfgeschneiderte L\u00f6sungen f\u00fcr die individuellen Bed\u00fcrfnisse unserer Kunden. Auf Grundlage standardisierter Module und unserer innovativen Hochleistungssteuerung <b>ROBOTstar VII <\/b>entwickeln wir die Roboteranlagen von der kompakten Zelle bis zur vollst\u00e4ndig automatisierten Fertigungslinie. In enger Zusammenarbeit mit unseren Applikations-Partnern und durch den Einsatz modernster Technologien generieren wir eine effiziente, skalierbare und innovative L\u00f6sung, welche die Produktivit\u00e4t steigert, und die Betriebskosten senkt.<\/p>\n<p>[\/et_pb_text][\/et_pb_column][\/et_pb_row][\/et_pb_section][et_pb_section fb_built=&#8220;1&#8243; admin_label=&#8220;Section&#8220; _builder_version=&#8220;4.27.6&#8243; _module_preset=&#8220;default&#8220; background_color=&#8220;#F5F4F4&#8243; global_colors_info=&#8220;{}&#8220;][et_pb_row column_structure=&#8220;1_4,1_4,1_4,1_4&#8243; use_custom_gutter=&#8220;on&#8220; gutter_width=&#8220;2&#8243; _builder_version=&#8220;4.27.6&#8243; _module_preset=&#8220;default&#8220; width=&#8220;90%&#8220; max_width=&#8220;none&#8220; global_colors_info=&#8220;{}&#8220;][et_pb_column type=&#8220;1_4&#8243; _builder_version=&#8220;4.18.0&#8243; _module_preset=&#8220;default&#8220; global_colors_info=&#8220;{}&#8220;][dsm_card title=&#8220;Schwei\u00dfverfahren&#8220; subtitle=&#8220;Laser, MIG, MAG, WIG, Plasma, PTA and RP&#8220; image=&#8220;https:\/\/reisrobotics.com\/wp-content\/uploads\/2026\/03\/Seite-3-Bild1.jpg&#8220; image_background_height=&#8220;300px&#8220; circle_color=&#8220;#2799D6&#8243; image_alignment=&#8220;center&#8220; use_overlay=&#8220;on&#8220; overlay_color=&#8220;rgba(255,255,255,0.32)&#8220; hover_icon=&#8220;&#xe054;||divi||400&#8243; button_url_new_window=&#8220;1&#8243; _builder_version=&#8220;4.27.6&#8243; _dynamic_attributes=&#8220;link_option_url&#8220; _module_preset=&#8220;default&#8220; header_level=&#8220;h3&#8243; header_text_align=&#8220;center&#8220; custom_button=&#8220;on&#8220; button_alignment=&#8220;center&#8220; text_orientation=&#8220;center&#8220; link_option_url=&#8220;@ET-DC@eyJkeW5hbWljIjp0cnVlLCJjb250ZW50IjoicG9zdF9saW5rX3VybF9wYWdlIiwic2V0dGluZ3MiOnsicG9zdF9pZCI6IjE5MTA2In19@&#8220; border_radii_image=&#8220;on|20px|20px|20px|20px&#8220; global_colors_info=&#8220;{}&#8220;][\/dsm_card][\/et_pb_column][et_pb_column type=&#8220;1_4&#8243; _builder_version=&#8220;4.18.0&#8243; _module_preset=&#8220;default&#8220; global_colors_info=&#8220;{}&#8220;][dsm_card title=&#8220;Laser-Material Bearbeitung &#8220; subtitle=&#8220;Laserh\u00e4rten, Laserauftragsschwei\u00dfen&#8220; image=&#8220;https:\/\/reisrobotics.com\/wp-content\/uploads\/2026\/03\/OSCAR_Prozess_5-scaled.jpg&#8220; image_background_height=&#8220;300px&#8220; image_background_position=&#8220;bottom&#8220; circle_color=&#8220;#2799D6&#8243; image_alignment=&#8220;center&#8220; use_overlay=&#8220;on&#8220; overlay_color=&#8220;rgba(255,255,255,0.32)&#8220; hover_icon=&#8220;&#xe054;||divi||400&#8243; button_url_new_window=&#8220;1&#8243; _builder_version=&#8220;4.27.6&#8243; _dynamic_attributes=&#8220;link_option_url&#8220; _module_preset=&#8220;default&#8220; header_level=&#8220;h3&#8243; header_text_align=&#8220;center&#8220; custom_button=&#8220;on&#8220; button_alignment=&#8220;center&#8220; text_orientation=&#8220;center&#8220; link_option_url=&#8220;@ET-DC@eyJkeW5hbWljIjp0cnVlLCJjb250ZW50IjoicG9zdF9saW5rX3VybF9wYWdlIiwic2V0dGluZ3MiOnsicG9zdF9pZCI6IjE5MTE3In19@&#8220; border_radii_image=&#8220;on|20px|20px|20px|20px&#8220; global_colors_info=&#8220;{}&#8220;][\/dsm_card][\/et_pb_column][et_pb_column type=&#8220;1_4&#8243; _builder_version=&#8220;4.18.0&#8243; _module_preset=&#8220;default&#8220; global_colors_info=&#8220;{}&#8220;][dsm_card title=&#8220;Alternative F\u00fcgeverfahren&#8220; subtitle=&#8220;Clinchen, Kleben, L\u00f6ten, Stanznieten&#8220; image=&#8220;https:\/\/reisrobotics.com\/wp-content\/uploads\/2026\/03\/Seite-7-alternative-3.jpg&#8220; image_background_height=&#8220;300px&#8220; circle_color=&#8220;#2799D6&#8243; image_alignment=&#8220;center&#8220; use_overlay=&#8220;on&#8220; overlay_color=&#8220;rgba(255,255,255,0.32)&#8220; hover_icon=&#8220;&#xe054;||divi||400&#8243; button_url_new_window=&#8220;1&#8243; _builder_version=&#8220;4.27.6&#8243; _dynamic_attributes=&#8220;link_option_url&#8220; _module_preset=&#8220;default&#8220; header_level=&#8220;h3&#8243; header_text_align=&#8220;center&#8220; custom_button=&#8220;on&#8220; button_alignment=&#8220;center&#8220; text_orientation=&#8220;center&#8220; link_option_url=&#8220;@ET-DC@eyJkeW5hbWljIjp0cnVlLCJjb250ZW50IjoicG9zdF9saW5rX3VybF9wYWdlIiwic2V0dGluZ3MiOnsicG9zdF9pZCI6IjE4MDA4In19@&#8220; border_radii_image=&#8220;on|20px|20px|20px|20px&#8220; global_colors_info=&#8220;{}&#8220;][\/dsm_card][\/et_pb_column][et_pb_column type=&#8220;1_4&#8243; _builder_version=&#8220;4.18.0&#8243; _module_preset=&#8220;default&#8220; global_colors_info=&#8220;{}&#8220;][dsm_card title=&#8220;Schneidverfahren&#8220; subtitle=&#8220;Autogen- &#038; Plasma Schneiden, 3D Laser Schneiden&#8220; image=&#8220;https:\/\/reisrobotics.com\/wp-content\/uploads\/2026\/03\/Bauteile-Autogen1.jpg&#8220; image_background_height=&#8220;300px&#8220; circle_color=&#8220;#2799D6&#8243; image_alignment=&#8220;center&#8220; use_overlay=&#8220;on&#8220; overlay_color=&#8220;rgba(255,255,255,0.32)&#8220; hover_icon=&#8220;&#xe054;||divi||400&#8243; button_url_new_window=&#8220;1&#8243; _builder_version=&#8220;4.27.6&#8243; _dynamic_attributes=&#8220;link_option_url&#8220; _module_preset=&#8220;default&#8220; header_level=&#8220;h3&#8243; header_text_align=&#8220;center&#8220; custom_button=&#8220;on&#8220; button_alignment=&#8220;center&#8220; text_orientation=&#8220;center&#8220; link_option_url=&#8220;@ET-DC@eyJkeW5hbWljIjp0cnVlLCJjb250ZW50IjoicG9zdF9saW5rX3VybF9wYWdlIiwic2V0dGluZ3MiOnsicG9zdF9pZCI6IjE5MTM5In19@&#8220; border_radii_image=&#8220;on|20px|20px|20px|20px&#8220; global_colors_info=&#8220;{}&#8220;][\/dsm_card][\/et_pb_column][\/et_pb_row][\/et_pb_section][et_pb_section fb_built=&#8220;1&#8243; admin_label=&#8220;Section&#8220; module_id=&#8220;modulo&#8220; _builder_version=&#8220;4.27.6&#8243; _module_preset=&#8220;default&#8220; background_color=&#8220;#393E42&#8243; use_background_color_gradient=&#8220;on&#8220; background_color_gradient_type=&#8220;circular&#8220; background_color_gradient_stops=&#8220;#687279 0%|#393e42 100%&#8220; saved_tabs=&#8220;all&#8220; global_colors_info=&#8220;{}&#8220;][et_pb_row _builder_version=&#8220;4.25.0&#8243; _module_preset=&#8220;default&#8220; global_colors_info=&#8220;{}&#8220;][et_pb_column type=&#8220;4_4&#8243; _builder_version=&#8220;4.25.0&#8243; _module_preset=&#8220;default&#8220; global_colors_info=&#8220;{}&#8220;][et_pb_text _builder_version=&#8220;4.27.6&#8243; _module_preset=&#8220;_initial&#8220; header_2_font=&#8220;|800|||||||&#8220; header_2_text_align=&#8220;left&#8220; header_2_text_color=&#8220;#F1F2F4&#8243; header_3_font=&#8220;|800|||||||&#8220; text_orientation=&#8220;center&#8220; global_colors_info=&#8220;{}&#8220;]<\/p>\n<h2 style=\"text-align: center;\">Kontakt aufnehmen!<\/h2>\n<p>[\/et_pb_text][\/et_pb_column][\/et_pb_row][et_pb_row _builder_version=&#8220;4.27.0&#8243; _module_preset=&#8220;default&#8220; global_colors_info=&#8220;{}&#8220;][et_pb_column type=&#8220;4_4&#8243; _builder_version=&#8220;4.27.0&#8243; _module_preset=&#8220;default&#8220; global_colors_info=&#8220;{}&#8220;][dsm_contact_form_7 cf7_library=&#8220;13334&#8243; label_bottom_spacing=&#8220;20px&#8220; module_class=&#8220;white&#8220; _builder_version=&#8220;4.27.6&#8243; _module_preset=&#8220;07cb4d10-5dd0-4528-8bd8-97b162eccde7&#8243; labels_font=&#8220;|||on|||||&#8220; labels_text_color=&#8220;#F1F2F4&#8243; radio_checkbox_text_color=&#8220;#FFFFFF&#8220; custom_button_one=&#8220;on&#8220; button_one_text_color=&#8220;#393E42&#8243; button_one_bg_color=&#8220;#F1F2F4&#8243; button_one_border_width=&#8220;0px&#8220; button_one_border_radius=&#8220;10px&#8220; button_one_custom_margin=&#8220;20px||||false|false&#8220; width=&#8220;60%&#8220; module_alignment=&#8220;center&#8220; hover_enabled=&#8220;0&#8243; border_radii_image=&#8220;on|10px|10px|10px|10px&#8220; global_colors_info=&#8220;{}&#8220; width_last_edited=&#8220;on|tablet&#8220; sticky_enabled=&#8220;0&#8243; width_phone=&#8220;100%&#8220; width_tablet=&#8220;100%&#8220;][\/dsm_contact_form_7][\/et_pb_column][\/et_pb_row][\/et_pb_section]<\/p>\n","protected":false},"excerpt":{"rendered":"<p>F\u00dcGE UND TRENNTECHNOLOGIEN SCHWEISSEN, SCHNEIDEN, BESCHICHTEN, LASERBEARBEITUNG, VERBINDEN, KLEBENUnsere kunden- &amp; applikationsspezifischen Roboter-Systeme, entwickelt, gebaut und programmiert in unserem Haus bieten ma\u00dfgeschneiderte L\u00f6sungen f\u00fcr die individuellen Bed\u00fcrfnisse unserer Kunden. Auf Grundlage standardisierter Module und unserer innovativen Hochleistungssteuerung ROBOTstar VII entwickeln wir die Roboteranlagen von der kompakten Zelle bis zur vollst\u00e4ndig automatisierten Fertigungslinie. In enger Zusammenarbeit mit unseren Applikations-Partnern und durch den Einsatz modernster Technologien generieren wir eine effiziente, skalierbare und innovative L\u00f6sung, welche die Produktivit\u00e4t steigert, und die Betriebskosten senkt.<div class=\"et_pb_module dsm_card dsm_card_0 et_pb_bg_layout_light  dsm_card_layout_stacked et_pb_has_overlay\">\n\t\t\t\t\n\t\t\t\t\n\t\t\t\t\n\t\t\t\t\n\t\t\t\t\n\t\t\t\t\n\t\t\t\t<div class=\"et_pb_module_inner\">\n\t\t\t\t\t\n\t\t\t\n\t\t\t<figure class=\"dsm_card_image_wrapper dsm_card_badge_top_right\"><div class=\"dsm_card_image_background dsm_card_img\"><\/div><span class=\"et_overlay et_pb_inline_icon\" data-icon=\"&#xe054;\"><\/span><\/figure>\n\t\t\t<div class=\"et_pb_module dsm_card_wrapper et_pb_text_align_center\">\n\t\t\t\t\t\n\t\t\t\t\t<h3 class=\"dsm_card_title et_pb_module_header\">Schwei\u00dfverfahren<\/h3>\n\t\t\t\t\t<div class=\"dsm_card_subtitle\">Laser, MIG, MAG, WIG, Plasma, PTA and RP<\/div>\n\t\t\t\t\t\n\t\t\t\t\t\n\t\t\t\t<\/div>\n\t\t\t\n\t\t\t\t<\/div>\n\t\t\t<\/div><div class=\"et_pb_module dsm_card dsm_card_1 et_pb_bg_layout_light  dsm_card_layout_stacked et_pb_has_overlay\">\n\t\t\t\t\n\t\t\t\t\n\t\t\t\t\n\t\t\t\t\n\t\t\t\t\n\t\t\t\t\n\t\t\t\t<div class=\"et_pb_module_inner\">\n\t\t\t\t\t\n\t\t\t\n\t\t\t<figure class=\"dsm_card_image_wrapper dsm_card_badge_top_right\"><div class=\"dsm_card_image_background dsm_card_img\"><\/div><span class=\"et_overlay et_pb_inline_icon\" data-icon=\"&#xe054;\"><\/span><\/figure>\n\t\t\t<div class=\"et_pb_module dsm_card_wrapper et_pb_text_align_center\">\n\t\t\t\t\t\n\t\t\t\t\t<h3 class=\"dsm_card_title et_pb_module_header\">Laser-Material Bearbeitung <\/h3>\n\t\t\t\t\t<div class=\"dsm_card_subtitle\">Laserh\u00e4rten, Laserauftragsschwei\u00dfen<\/div>\n\t\t\t\t\t\n\t\t\t\t\t\n\t\t\t\t<\/div>\n\t\t\t\n\t\t\t\t<\/div>\n\t\t\t<\/div><div class=\"et_pb_module dsm_card dsm_card_2 et_pb_bg_layout_light  dsm_card_layout_stacked et_pb_has_overlay\">\n\t\t\t\t\n\t\t\t\t\n\t\t\t\t\n\t\t\t\t\n\t\t\t\t\n\t\t\t\t\n\t\t\t\t<div class=\"et_pb_module_inner\">\n\t\t\t\t\t\n\t\t\t\n\t\t\t<figure class=\"dsm_card_image_wrapper dsm_card_badge_top_right\"><div class=\"dsm_card_image_background dsm_card_img\"><\/div><span class=\"et_overlay et_pb_inline_icon\" data-icon=\"&#xe054;\"><\/span><\/figure>\n\t\t\t<div class=\"et_pb_module dsm_card_wrapper et_pb_text_align_center\">\n\t\t\t\t\t\n\t\t\t\t\t<h3 class=\"dsm_card_title et_pb_module_header\">Alternative F\u00fcgeverfahren<\/h3>\n\t\t\t\t\t<div class=\"dsm_card_subtitle\">Clinchen, Kleben, L\u00f6ten, Stanznieten<\/div>\n\t\t\t\t\t\n\t\t\t\t\t\n\t\t\t\t<\/div>\n\t\t\t\n\t\t\t\t<\/div>\n\t\t\t<\/div><div class=\"et_pb_module dsm_card dsm_card_3 et_pb_bg_layout_light  dsm_card_layout_stacked et_pb_has_overlay\">\n\t\t\t\t\n\t\t\t\t\n\t\t\t\t\n\t\t\t\t\n\t\t\t\t\n\t\t\t\t\n\t\t\t\t<div class=\"et_pb_module_inner\">\n\t\t\t\t\t\n\t\t\t\n\t\t\t<figure class=\"dsm_card_image_wrapper dsm_card_badge_top_right\"><div class=\"dsm_card_image_background dsm_card_img\"><\/div><span class=\"et_overlay et_pb_inline_icon\" data-icon=\"&#xe054;\"><\/span><\/figure>\n\t\t\t<div class=\"et_pb_module dsm_card_wrapper et_pb_text_align_center\">\n\t\t\t\t\t\n\t\t\t\t\t<h3 class=\"dsm_card_title et_pb_module_header\">Schneidverfahren<\/h3>\n\t\t\t\t\t<div class=\"dsm_card_subtitle\">Autogen- &#038; Plasma Schneiden, 3D Laser Schneiden<\/div>\n\t\t\t\t\t\n\t\t\t\t\t\n\t\t\t\t<\/div>\n\t\t\t\n\t\t\t\t<\/div>\n\t\t\t<\/div>Kontakt aufnehmen!<div class=\"et_pb_module dsm_contact_form_7 dsm_contact_form_7_0 &#8220;white&#8220;\">\n\t\t\t\t\n\t\t\t\t\n\t\t\t\t\n\t\t\t\t\n\t\t\t\t\n\t\t\t\t\n\t\t\t\t<div class=\"et_pb_module_inner\">\n\t\t\t\t\t<div class=\"\">\n\t\t\t\t<p class=\"wpcf7-contact-form-not-found\"><strong>Fehler:<\/strong> Kontaktformular wurde nicht gefunden.<\/p>\n\t\t\t<\/div>\n\t\t\t\t<\/div>\n\t\t\t<\/div><\/p>\n","protected":false},"author":1,"featured_media":18754,"parent":18789,"menu_order":0,"comment_status":"closed","ping_status":"closed","template":"","meta":{"_acf_changed":false,"_et_pb_use_builder":"on","_et_pb_old_content":"","_et_gb_content_width":"","footnotes":""},"class_list":["post-15105","page","type-page","status-publish","has-post-thumbnail","hentry"],"acf":[],"yoast_head":"<!-- This site is optimized with the Yoast SEO plugin v27.2 - https:\/\/yoast.com\/product\/yoast-seo-wordpress\/ -->\n<title>Schwei\u00dfen &amp; Schneiden - Reis Robotics<\/title>\n<meta name=\"robots\" content=\"noindex, nofollow\" \/>\n<meta property=\"og:locale\" content=\"de_DE\" \/>\n<meta property=\"og:type\" content=\"article\" \/>\n<meta property=\"og:title\" content=\"Schwei\u00dfen &amp; Schneiden - Reis Robotics\" \/>\n<meta property=\"og:description\" content=\"F\u00dcGE UND TRENNTECHNOLOGIEN SCHWEISSEN, SCHNEIDEN, BESCHICHTEN, LASERBEARBEITUNG, VERBINDEN, KLEBENUnsere kunden- &amp; applikationsspezifischen Roboter-Systeme, entwickelt, gebaut und programmiert in unserem Haus bieten ma\u00dfgeschneiderte L\u00f6sungen f\u00fcr die individuellen Bed\u00fcrfnisse unserer Kunden. Auf Grundlage standardisierter Module und unserer innovativen Hochleistungssteuerung ROBOTstar VII entwickeln wir die Roboteranlagen von der kompakten Zelle bis zur vollst\u00e4ndig automatisierten Fertigungslinie. In enger Zusammenarbeit mit unseren Applikations-Partnern und durch den Einsatz modernster Technologien generieren wir eine effiziente, skalierbare und innovative L\u00f6sung, welche die Produktivit\u00e4t steigert, und die Betriebskosten senkt.Kontakt aufnehmen!\" \/>\n<meta property=\"og:url\" content=\"https:\/\/reisrobotics.com\/de\/loesungen\/schweissen-schneiden\/\" \/>\n<meta property=\"og:site_name\" content=\"Reis Robotics\" \/>\n<meta property=\"article:modified_time\" content=\"2026-03-23T10:10:22+00:00\" \/>\n<meta property=\"og:image\" content=\"https:\/\/reisrobotics.com\/wp-content\/uploads\/2026\/03\/Titel-Schweissen_300dpi-1-scaled-1.jpg\" \/>\n\t<meta property=\"og:image:width\" content=\"1600\" \/>\n\t<meta property=\"og:image:height\" content=\"1337\" \/>\n\t<meta property=\"og:image:type\" content=\"image\/jpeg\" \/>\n<meta name=\"twitter:card\" content=\"summary_large_image\" \/>\n<meta name=\"twitter:label1\" content=\"Gesch\u00e4tzte Lesezeit\" \/>\n\t<meta name=\"twitter:data1\" content=\"1\u00a0Minute\" \/>\n<script type=\"application\/ld+json\" class=\"yoast-schema-graph\">{\"@context\":\"https:\/\/schema.org\",\"@graph\":[{\"@type\":\"WebPage\",\"@id\":\"https:\/\/reisrobotics.com\/de\/loesungen\/schweissen-schneiden\/\",\"url\":\"https:\/\/reisrobotics.com\/de\/loesungen\/schweissen-schneiden\/\",\"name\":\"Schwei\u00dfen & Schneiden - Reis Robotics\",\"isPartOf\":{\"@id\":\"https:\/\/reisrobotics.com\/de\/#website\"},\"primaryImageOfPage\":{\"@id\":\"https:\/\/reisrobotics.com\/de\/loesungen\/schweissen-schneiden\/#primaryimage\"},\"image\":{\"@id\":\"https:\/\/reisrobotics.com\/de\/loesungen\/schweissen-schneiden\/#primaryimage\"},\"thumbnailUrl\":\"https:\/\/reisrobotics.com\/wp-content\/uploads\/2026\/03\/Titel-Schweissen_300dpi-1-scaled-1.jpg\",\"datePublished\":\"2024-08-05T06:37:02+00:00\",\"dateModified\":\"2026-03-23T10:10:22+00:00\",\"breadcrumb\":{\"@id\":\"https:\/\/reisrobotics.com\/de\/loesungen\/schweissen-schneiden\/#breadcrumb\"},\"inLanguage\":\"de\",\"potentialAction\":[{\"@type\":\"ReadAction\",\"target\":[\"https:\/\/reisrobotics.com\/de\/loesungen\/schweissen-schneiden\/\"]}]},{\"@type\":\"ImageObject\",\"inLanguage\":\"de\",\"@id\":\"https:\/\/reisrobotics.com\/de\/loesungen\/schweissen-schneiden\/#primaryimage\",\"url\":\"https:\/\/reisrobotics.com\/wp-content\/uploads\/2026\/03\/Titel-Schweissen_300dpi-1-scaled-1.jpg\",\"contentUrl\":\"https:\/\/reisrobotics.com\/wp-content\/uploads\/2026\/03\/Titel-Schweissen_300dpi-1-scaled-1.jpg\",\"width\":1600,\"height\":1337},{\"@type\":\"BreadcrumbList\",\"@id\":\"https:\/\/reisrobotics.com\/de\/loesungen\/schweissen-schneiden\/#breadcrumb\",\"itemListElement\":[{\"@type\":\"ListItem\",\"position\":1,\"name\":\"Home\",\"item\":\"https:\/\/reisrobotics.com\/de\/\"},{\"@type\":\"ListItem\",\"position\":2,\"name\":\"L\u00f6sungen\",\"item\":\"https:\/\/reisrobotics.com\/de\/solutions\/\"},{\"@type\":\"ListItem\",\"position\":3,\"name\":\"Schwei\u00dfen &#038; Schneiden\"}]},{\"@type\":\"WebSite\",\"@id\":\"https:\/\/reisrobotics.com\/de\/#website\",\"url\":\"https:\/\/reisrobotics.com\/de\/\",\"name\":\"Reis Robotics\",\"description\":\"\",\"publisher\":{\"@id\":\"https:\/\/reisrobotics.com\/de\/#organization\"},\"potentialAction\":[{\"@type\":\"SearchAction\",\"target\":{\"@type\":\"EntryPoint\",\"urlTemplate\":\"https:\/\/reisrobotics.com\/de\/?s={search_term_string}\"},\"query-input\":{\"@type\":\"PropertyValueSpecification\",\"valueRequired\":true,\"valueName\":\"search_term_string\"}}],\"inLanguage\":\"de\"},{\"@type\":\"Organization\",\"@id\":\"https:\/\/reisrobotics.com\/de\/#organization\",\"name\":\"Reis Robotics\",\"url\":\"https:\/\/reisrobotics.com\/de\/\",\"logo\":{\"@type\":\"ImageObject\",\"inLanguage\":\"de\",\"@id\":\"https:\/\/reisrobotics.com\/de\/#\/schema\/logo\/image\/\",\"url\":\"https:\/\/reisrobotics.com\/wp-content\/uploads\/2023\/07\/REIS_LOGO-BLACK.svg\",\"contentUrl\":\"https:\/\/reisrobotics.com\/wp-content\/uploads\/2023\/07\/REIS_LOGO-BLACK.svg\",\"width\":1,\"height\":1,\"caption\":\"Reis Robotics\"},\"image\":{\"@id\":\"https:\/\/reisrobotics.com\/de\/#\/schema\/logo\/image\/\"}}]}<\/script>\n<!-- \/ Yoast SEO plugin. -->","yoast_head_json":{"title":"Schwei\u00dfen & Schneiden - Reis Robotics","robots":{"index":"noindex","follow":"nofollow"},"og_locale":"de_DE","og_type":"article","og_title":"Schwei\u00dfen & Schneiden - Reis Robotics","og_description":"F\u00dcGE UND TRENNTECHNOLOGIEN SCHWEISSEN, SCHNEIDEN, BESCHICHTEN, LASERBEARBEITUNG, VERBINDEN, KLEBENUnsere kunden- &amp; applikationsspezifischen Roboter-Systeme, entwickelt, gebaut und programmiert in unserem Haus bieten ma\u00dfgeschneiderte L\u00f6sungen f\u00fcr die individuellen Bed\u00fcrfnisse unserer Kunden. Auf Grundlage standardisierter Module und unserer innovativen Hochleistungssteuerung ROBOTstar VII entwickeln wir die Roboteranlagen von der kompakten Zelle bis zur vollst\u00e4ndig automatisierten Fertigungslinie. In enger Zusammenarbeit mit unseren Applikations-Partnern und durch den Einsatz modernster Technologien generieren wir eine effiziente, skalierbare und innovative L\u00f6sung, welche die Produktivit\u00e4t steigert, und die Betriebskosten senkt.Kontakt aufnehmen!","og_url":"https:\/\/reisrobotics.com\/de\/loesungen\/schweissen-schneiden\/","og_site_name":"Reis Robotics","article_modified_time":"2026-03-23T10:10:22+00:00","og_image":[{"width":1600,"height":1337,"url":"https:\/\/reisrobotics.com\/wp-content\/uploads\/2026\/03\/Titel-Schweissen_300dpi-1-scaled-1.jpg","type":"image\/jpeg"}],"twitter_card":"summary_large_image","twitter_misc":{"Gesch\u00e4tzte Lesezeit":"1\u00a0Minute"},"schema":{"@context":"https:\/\/schema.org","@graph":[{"@type":"WebPage","@id":"https:\/\/reisrobotics.com\/de\/loesungen\/schweissen-schneiden\/","url":"https:\/\/reisrobotics.com\/de\/loesungen\/schweissen-schneiden\/","name":"Schwei\u00dfen & Schneiden - Reis Robotics","isPartOf":{"@id":"https:\/\/reisrobotics.com\/de\/#website"},"primaryImageOfPage":{"@id":"https:\/\/reisrobotics.com\/de\/loesungen\/schweissen-schneiden\/#primaryimage"},"image":{"@id":"https:\/\/reisrobotics.com\/de\/loesungen\/schweissen-schneiden\/#primaryimage"},"thumbnailUrl":"https:\/\/reisrobotics.com\/wp-content\/uploads\/2026\/03\/Titel-Schweissen_300dpi-1-scaled-1.jpg","datePublished":"2024-08-05T06:37:02+00:00","dateModified":"2026-03-23T10:10:22+00:00","breadcrumb":{"@id":"https:\/\/reisrobotics.com\/de\/loesungen\/schweissen-schneiden\/#breadcrumb"},"inLanguage":"de","potentialAction":[{"@type":"ReadAction","target":["https:\/\/reisrobotics.com\/de\/loesungen\/schweissen-schneiden\/"]}]},{"@type":"ImageObject","inLanguage":"de","@id":"https:\/\/reisrobotics.com\/de\/loesungen\/schweissen-schneiden\/#primaryimage","url":"https:\/\/reisrobotics.com\/wp-content\/uploads\/2026\/03\/Titel-Schweissen_300dpi-1-scaled-1.jpg","contentUrl":"https:\/\/reisrobotics.com\/wp-content\/uploads\/2026\/03\/Titel-Schweissen_300dpi-1-scaled-1.jpg","width":1600,"height":1337},{"@type":"BreadcrumbList","@id":"https:\/\/reisrobotics.com\/de\/loesungen\/schweissen-schneiden\/#breadcrumb","itemListElement":[{"@type":"ListItem","position":1,"name":"Home","item":"https:\/\/reisrobotics.com\/de\/"},{"@type":"ListItem","position":2,"name":"L\u00f6sungen","item":"https:\/\/reisrobotics.com\/de\/solutions\/"},{"@type":"ListItem","position":3,"name":"Schwei\u00dfen &#038; Schneiden"}]},{"@type":"WebSite","@id":"https:\/\/reisrobotics.com\/de\/#website","url":"https:\/\/reisrobotics.com\/de\/","name":"Reis Robotics","description":"","publisher":{"@id":"https:\/\/reisrobotics.com\/de\/#organization"},"potentialAction":[{"@type":"SearchAction","target":{"@type":"EntryPoint","urlTemplate":"https:\/\/reisrobotics.com\/de\/?s={search_term_string}"},"query-input":{"@type":"PropertyValueSpecification","valueRequired":true,"valueName":"search_term_string"}}],"inLanguage":"de"},{"@type":"Organization","@id":"https:\/\/reisrobotics.com\/de\/#organization","name":"Reis Robotics","url":"https:\/\/reisrobotics.com\/de\/","logo":{"@type":"ImageObject","inLanguage":"de","@id":"https:\/\/reisrobotics.com\/de\/#\/schema\/logo\/image\/","url":"https:\/\/reisrobotics.com\/wp-content\/uploads\/2023\/07\/REIS_LOGO-BLACK.svg","contentUrl":"https:\/\/reisrobotics.com\/wp-content\/uploads\/2023\/07\/REIS_LOGO-BLACK.svg","width":1,"height":1,"caption":"Reis Robotics"},"image":{"@id":"https:\/\/reisrobotics.com\/de\/#\/schema\/logo\/image\/"}}]}},"_links":{"self":[{"href":"https:\/\/reisrobotics.com\/de\/wp-json\/wp\/v2\/pages\/15105","targetHints":{"allow":["GET"]}}],"collection":[{"href":"https:\/\/reisrobotics.com\/de\/wp-json\/wp\/v2\/pages"}],"about":[{"href":"https:\/\/reisrobotics.com\/de\/wp-json\/wp\/v2\/types\/page"}],"author":[{"embeddable":true,"href":"https:\/\/reisrobotics.com\/de\/wp-json\/wp\/v2\/users\/1"}],"replies":[{"embeddable":true,"href":"https:\/\/reisrobotics.com\/de\/wp-json\/wp\/v2\/comments?post=15105"}],"version-history":[{"count":10,"href":"https:\/\/reisrobotics.com\/de\/wp-json\/wp\/v2\/pages\/15105\/revisions"}],"predecessor-version":[{"id":19832,"href":"https:\/\/reisrobotics.com\/de\/wp-json\/wp\/v2\/pages\/15105\/revisions\/19832"}],"up":[{"embeddable":true,"href":"https:\/\/reisrobotics.com\/de\/wp-json\/wp\/v2\/pages\/18789"}],"wp:featuredmedia":[{"embeddable":true,"href":"https:\/\/reisrobotics.com\/de\/wp-json\/wp\/v2\/media\/18754"}],"wp:attachment":[{"href":"https:\/\/reisrobotics.com\/de\/wp-json\/wp\/v2\/media?parent=15105"}],"curies":[{"name":"wp","href":"https:\/\/api.w.org\/{rel}","templated":true}]}}