{"id":12562,"date":"2024-01-31T17:06:03","date_gmt":"2024-01-31T16:06:03","guid":{"rendered":"https:\/\/reisrobotics.com\/?page_id=12562"},"modified":"2026-03-23T12:47:31","modified_gmt":"2026-03-23T11:47:31","slug":"broschueren","status":"publish","type":"page","link":"https:\/\/reisrobotics.com\/de\/downloads\/broschueren\/","title":{"rendered":"Brosch\u00fcren"},"content":{"rendered":"<p>[et_pb_section fb_built=&#8220;1&#8243; fullwidth=&#8220;on&#8220; module_class=&#8220;full-height-slider&#8220; _builder_version=&#8220;4.25.0&#8243; _module_preset=&#8220;default&#8220; min_height=&#8220;50vh&#8220; global_colors_info=&#8220;{}&#8220;][et_pb_fullwidth_slider _builder_version=&#8220;4.27.6&#8243; _module_preset=&#8220;default&#8220; header_font=&#8220;|800|||||||&#8220; header_font_size=&#8220;56px&#8220; header_letter_spacing=&#8220;-1px&#8220; body_font=&#8220;|600|||||||&#8220; body_font_size=&#8220;24px&#8220; custom_button=&#8220;on&#8220; button_font=&#8220;|800||on|||||&#8220; button_custom_margin=&#8220;60px||||false|false&#8220; min_height=&#8220;50vh&#8220; min_height_tablet=&#8220;50vh&#8220; min_height_phone=&#8220;50vh&#8220; min_height_last_edited=&#8220;on|phone&#8220; global_colors_info=&#8220;{}&#8220;][et_pb_slide heading=&#8220;Brosch\u00fcren&#8220; button_link=&#8220;#about-us&#8220; _builder_version=&#8220;4.27.6&#8243; _module_preset=&#8220;default&#8220; header_level=&#8220;h1&#8243; background_color=&#8220;rgba(0,13,43,0.37)&#8220; background_enable_color=&#8220;on&#8220; background_image=&#8220;https:\/\/reisrobotics.com\/wp-content\/uploads\/2026\/03\/Downloads_Broschure_DEU-1024&#215;683.png&#8220; background_enable_image=&#8220;on&#8220; background_blend=&#8220;overlay&#8220; custom_button=&#8220;on&#8220; button_bg_color=&#8220;#275DA6&#8243; button_border_width=&#8220;0px&#8220; width=&#8220;100%&#8220; max_width=&#8220;100%&#8220; global_colors_info=&#8220;{}&#8220; sticky_transition=&#8220;on&#8220; title_text=&#8220;Downloads_Brosch\u00fcre_DEU&#8220;][\/et_pb_slide][\/et_pb_fullwidth_slider][\/et_pb_section][et_pb_section fb_built=&#8220;1&#8243; admin_label=&#8220;Icons&#8220; _builder_version=&#8220;4.27.6&#8243; _module_preset=&#8220;default&#8220; background_color=&#8220;#F5F4F4&#8243; global_colors_info=&#8220;{}&#8220;][et_pb_row _builder_version=&#8220;4.25.0&#8243; _module_preset=&#8220;default&#8220; global_colors_info=&#8220;{}&#8220;][et_pb_column type=&#8220;4_4&#8243; _builder_version=&#8220;4.18.0&#8243; _module_preset=&#8220;default&#8220; global_colors_info=&#8220;{}&#8220;][et_pb_text _builder_version=&#8220;4.27.6&#8243; _module_preset=&#8220;default&#8220; text_font_size=&#8220;18px&#8220; header_font=&#8220;&#8211;et_global_heading_font|800|||||||&#8220; header_font_size=&#8220;46px&#8220; header_2_font=&#8220;|800|||||||&#8220; header_2_font_size=&#8220;25px&#8220; text_orientation=&#8220;center&#8220; global_colors_info=&#8220;{}&#8220;]<\/p>\n<h2 style=\"text-align: center;\">Lernen Sie unsere Produkte, Technologien und L\u00f6sungen in unseren kompakten Brosch\u00fcren und Katalogen n\u00e4her kennen.<\/h2>\n<p class=\"p1\" style=\"text-align: center;\">Die Dokumente enthalten \u00fcbersichtlich aufbereitete Informationen zu unseren Systemen, Anwendungen und <span class=\"s1\">Leistungen und stehen als PDF zum direkten Download bereit.<\/span><\/p>\n<p>[\/et_pb_text][\/et_pb_column][\/et_pb_row][\/et_pb_section][et_pb_section fb_built=&#8220;1&#8243; _builder_version=&#8220;4.27.6&#8243; _module_preset=&#8220;default&#8220; background_color=&#8220;#FFFFFF&#8220; width=&#8220;100vw&#8220; custom_padding=&#8220;25px||0px||false|false&#8220; global_colors_info=&#8220;{}&#8220;][et_pb_row column_structure=&#8220;1_4,1_4,1_4,1_4&#8243; _builder_version=&#8220;4.27.4&#8243; _module_preset=&#8220;default&#8220; global_colors_info=&#8220;{}&#8220;][et_pb_column type=&#8220;1_4&#8243; _builder_version=&#8220;4.27.4&#8243; _module_preset=&#8220;default&#8220; global_colors_info=&#8220;{}&#8220;][dsm_card title=&#8220;SERVICEKATALOG&#8220; image=&#8220;https:\/\/reisrobotics.com\/wp-content\/uploads\/2025\/03\/service.jpg&#8220; image_as_background=&#8220;off&#8220; button_url_new_window=&#8220;1&#8243; _builder_version=&#8220;4.27.6&#8243; _module_preset=&#8220;default&#8220; text_orientation=&#8220;center&#8220; link_option_url=&#8220;https:\/\/reisrobotics.com\/wp-content\/uploads\/2024\/01\/Reis-CS-D-Digital-1.pdf&#8220; link_option_url_new_window=&#8220;on&#8220; global_colors_info=&#8220;{}&#8220;][\/dsm_card][\/et_pb_column][et_pb_column type=&#8220;1_4&#8243; _builder_version=&#8220;4.27.4&#8243; _module_preset=&#8220;default&#8220; global_colors_info=&#8220;{}&#8220;][dsm_card title=&#8220;ROBOTstar VII&#8220; image=&#8220;https:\/\/reisrobotics.com\/wp-content\/uploads\/2025\/03\/robotstar-vii-detailed.jpg&#8220; image_as_background=&#8220;off&#8220; button_url_new_window=&#8220;1&#8243; _builder_version=&#8220;4.27.6&#8243; _module_preset=&#8220;default&#8220; text_orientation=&#8220;center&#8220; link_option_url=&#8220;https:\/\/reisrobotics.com\/wp-content\/uploads\/2026\/01\/Reis_ROBOTstarVII_d_max_web_2026-01.pdf&#8220; link_option_url_new_window=&#8220;on&#8220; global_colors_info=&#8220;{}&#8220;]<\/p>\n<p>Detaillierte version<\/p>\n<p>[\/dsm_card][\/et_pb_column][et_pb_column type=&#8220;1_4&#8243; _builder_version=&#8220;4.27.4&#8243; _module_preset=&#8220;default&#8220; global_colors_info=&#8220;{}&#8220;][dsm_card title=&#8220;ROBOTstar VII&#8220; image=&#8220;https:\/\/reisrobotics.com\/wp-content\/uploads\/2025\/03\/robotstar-vii-compact.jpg&#8220; image_as_background=&#8220;off&#8220; button_url_new_window=&#8220;1&#8243; _builder_version=&#8220;4.27.6&#8243; _module_preset=&#8220;default&#8220; text_orientation=&#8220;center&#8220; link_option_url=&#8220;https:\/\/reisrobotics.com\/wp-content\/uploads\/2026\/01\/Reis_ROBOTstarVII_d_mini_web_2026-01.pdf&#8220; link_option_url_new_window=&#8220;on&#8220; global_colors_info=&#8220;{}&#8220;]<\/p>\n<p>Komprimierte version<\/p>\n<p>[\/dsm_card][\/et_pb_column][et_pb_column type=&#8220;1_4&#8243; _builder_version=&#8220;4.27.4&#8243; _module_preset=&#8220;default&#8220; global_colors_info=&#8220;{}&#8220;][dsm_card title=&#8220;LASERSPY&#8220; image=&#8220;https:\/\/reisrobotics.com\/wp-content\/uploads\/2025\/03\/laserspy.jpg&#8220; image_as_background=&#8220;off&#8220; button_url_new_window=&#8220;1&#8243; _builder_version=&#8220;4.27.6&#8243; _module_preset=&#8220;default&#8220; text_orientation=&#8220;center&#8220; link_option_url=&#8220;https:\/\/reisrobotics.com\/wp-content\/uploads\/2024\/08\/Laserspy_Technology_2024-08_dt_web.pdf&#8220; link_option_url_new_window=&#8220;on&#8220; global_colors_info=&#8220;{}&#8220;][\/dsm_card][\/et_pb_column][\/et_pb_row][et_pb_row column_structure=&#8220;1_4,1_4,1_4,1_4&#8243; _builder_version=&#8220;4.27.4&#8243; _module_preset=&#8220;default&#8220; global_colors_info=&#8220;{}&#8220;][et_pb_column type=&#8220;1_4&#8243; _builder_version=&#8220;4.27.4&#8243; _module_preset=&#8220;default&#8220; global_colors_info=&#8220;{}&#8220;][dsm_card title=&#8220;F\u00fcge- und Trenntechnologien&#8220; image=&#8220;https:\/\/reisrobotics.com\/wp-content\/uploads\/2025\/04\/Fuge-und-Trenntechnologie.jpg&#8220; image_as_background=&#8220;off&#8220; button_url_new_window=&#8220;1&#8243; admin_label=&#8220;F\u00fcge- und Trenntechnologie&#8220; _builder_version=&#8220;4.27.6&#8243; _module_preset=&#8220;default&#8220; header_font=&#8220;|||on|||||&#8220; text_orientation=&#8220;center&#8220; link_option_url=&#8220;https:\/\/reisrobotics.com\/wp-content\/uploads\/2025\/09\/Reis_Fuge-Trenntechnologie_d_web_2025-09.pdf&#8220; link_option_url_new_window=&#8220;on&#8220; global_colors_info=&#8220;{}&#8220;][\/dsm_card][\/et_pb_column][et_pb_column type=&#8220;1_4&#8243; _builder_version=&#8220;4.27.4&#8243; _module_preset=&#8220;default&#8220; global_colors_info=&#8220;{}&#8220;][dsm_card title=&#8220;Unsere Cobots&#8220; image=&#8220;https:\/\/reisrobotics.com\/wp-content\/uploads\/2025\/06\/Reis_Cobot_d_web_2025_06-Titel.png&#8220; image_as_background=&#8220;off&#8220; button_url_new_window=&#8220;1&#8243; admin_label=&#8220;Cobots&#8220; _builder_version=&#8220;4.27.6&#8243; _module_preset=&#8220;default&#8220; header_font=&#8220;|||on|||||&#8220; text_orientation=&#8220;center&#8220; link_option_url=&#8220;https:\/\/reisrobotics.com\/wp-content\/uploads\/2025\/09\/Reis_Cobot_d_web_2025_09.pdf&#8220; link_option_url_new_window=&#8220;on&#8220; global_colors_info=&#8220;{}&#8220;][\/dsm_card][\/et_pb_column][et_pb_column type=&#8220;1_4&#8243; _builder_version=&#8220;4.27.4&#8243; _module_preset=&#8220;default&#8220; global_colors_info=&#8220;{}&#8220;][\/et_pb_column][et_pb_column type=&#8220;1_4&#8243; _builder_version=&#8220;4.27.4&#8243; _module_preset=&#8220;default&#8220; global_colors_info=&#8220;{}&#8220;][\/et_pb_column][\/et_pb_row][\/et_pb_section]<\/p>\n","protected":false},"excerpt":{"rendered":"<p>Lernen Sie unsere Produkte, Technologien und L\u00f6sungen in unseren kompakten Brosch\u00fcren und Katalogen n\u00e4her kennen. Die Dokumente enthalten \u00fcbersichtlich aufbereitete Informationen zu unseren Systemen, Anwendungen und Leistungen und stehen als PDF zum direkten Download bereit.<div class=\"et_pb_module dsm_card dsm_card_0 et_clickable et_pb_bg_layout_light  dsm_card_layout_stacked\">\n\t\t\t\t\n\t\t\t\t\n\t\t\t\t\n\t\t\t\t\n\t\t\t\t\n\t\t\t\t\n\t\t\t\t<div class=\"et_pb_module_inner\">\n\t\t\t\t\t\n\t\t\t\n\t\t\t<figure class=\"dsm_card_image_wrapper dsm_card_badge_top_right\"><img decoding=\"async\" src=\"https:\/\/reisrobotics.com\/wp-content\/uploads\/2025\/03\/service.jpg\" alt=\"\" srcset=\"https:\/\/reisrobotics.com\/wp-content\/uploads\/2025\/03\/service.jpg 565w, https:\/\/reisrobotics.com\/wp-content\/uploads\/2025\/03\/service-480x680.jpg 480w\" sizes=\"(min-width: 0px) and (max-width: 480px) 480px, (min-width: 481px) 565px, 100vw\" class=\"dsm_card_img dsm_card_image_stretch\" \/><\/figure>\n\t\t\t<div class=\"et_pb_module dsm_card_wrapper et_pb_text_align_center\">\n\t\t\t\t\t\n\t\t\t\t\t<h4 class=\"dsm_card_title et_pb_module_header\">SERVICEKATALOG<\/h4>\n\t\t\t\t\t\n\t\t\t\t\t\n\t\t\t\t\t\n\t\t\t\t<\/div>\n\t\t\t\n\t\t\t\t<\/div>\n\t\t\t<\/div><div class=\"et_pb_module dsm_card dsm_card_1 et_clickable et_pb_bg_layout_light  dsm_card_layout_stacked\">\n\t\t\t\t\n\t\t\t\t\n\t\t\t\t\n\t\t\t\t\n\t\t\t\t\n\t\t\t\t\n\t\t\t\t<div class=\"et_pb_module_inner\">\n\t\t\t\t\t\n\t\t\t\n\t\t\t<figure class=\"dsm_card_image_wrapper dsm_card_badge_top_right\"><img decoding=\"async\" src=\"https:\/\/reisrobotics.com\/wp-content\/uploads\/2025\/03\/robotstar-vii-detailed.jpg\" alt=\"\" srcset=\"https:\/\/reisrobotics.com\/wp-content\/uploads\/2025\/03\/robotstar-vii-detailed.jpg 565w, https:\/\/reisrobotics.com\/wp-content\/uploads\/2025\/03\/robotstar-vii-detailed-480x680.jpg 480w\" sizes=\"(min-width: 0px) and (max-width: 480px) 480px, (min-width: 481px) 565px, 100vw\" class=\"dsm_card_img dsm_card_image_stretch\" \/><\/figure>\n\t\t\t<div class=\"et_pb_module dsm_card_wrapper et_pb_text_align_center\">\n\t\t\t\t\t\n\t\t\t\t\t<h4 class=\"dsm_card_title et_pb_module_header\">ROBOTstar VII<\/h4>\n\t\t\t\t\t\n\t\t\t\t\t<div class=\"dsm_card_description\">Detaillierte version<\/div>\n\t\t\t\t\t\n\t\t\t\t<\/div>\n\t\t\t\n\t\t\t\t<\/div>\n\t\t\t<\/div><div class=\"et_pb_module dsm_card dsm_card_2 et_clickable et_pb_bg_layout_light  dsm_card_layout_stacked\">\n\t\t\t\t\n\t\t\t\t\n\t\t\t\t\n\t\t\t\t\n\t\t\t\t\n\t\t\t\t\n\t\t\t\t<div class=\"et_pb_module_inner\">\n\t\t\t\t\t\n\t\t\t\n\t\t\t<figure class=\"dsm_card_image_wrapper dsm_card_badge_top_right\"><img decoding=\"async\" src=\"https:\/\/reisrobotics.com\/wp-content\/uploads\/2025\/03\/robotstar-vii-compact.jpg\" alt=\"\" srcset=\"https:\/\/reisrobotics.com\/wp-content\/uploads\/2025\/03\/robotstar-vii-compact.jpg 565w, https:\/\/reisrobotics.com\/wp-content\/uploads\/2025\/03\/robotstar-vii-compact-480x680.jpg 480w\" sizes=\"(min-width: 0px) and (max-width: 480px) 480px, (min-width: 481px) 565px, 100vw\" class=\"dsm_card_img dsm_card_image_stretch\" \/><\/figure>\n\t\t\t<div class=\"et_pb_module dsm_card_wrapper et_pb_text_align_center\">\n\t\t\t\t\t\n\t\t\t\t\t<h4 class=\"dsm_card_title et_pb_module_header\">ROBOTstar VII<\/h4>\n\t\t\t\t\t\n\t\t\t\t\t<div class=\"dsm_card_description\">Komprimierte version<\/div>\n\t\t\t\t\t\n\t\t\t\t<\/div>\n\t\t\t\n\t\t\t\t<\/div>\n\t\t\t<\/div><div class=\"et_pb_module dsm_card dsm_card_3 et_clickable et_pb_bg_layout_light  dsm_card_layout_stacked\">\n\t\t\t\t\n\t\t\t\t\n\t\t\t\t\n\t\t\t\t\n\t\t\t\t\n\t\t\t\t\n\t\t\t\t<div class=\"et_pb_module_inner\">\n\t\t\t\t\t\n\t\t\t\n\t\t\t<figure class=\"dsm_card_image_wrapper dsm_card_badge_top_right\"><img decoding=\"async\" src=\"https:\/\/reisrobotics.com\/wp-content\/uploads\/2025\/03\/laserspy.jpg\" alt=\"\" srcset=\"https:\/\/reisrobotics.com\/wp-content\/uploads\/2025\/03\/laserspy.jpg 565w, https:\/\/reisrobotics.com\/wp-content\/uploads\/2025\/03\/laserspy-480x680.jpg 480w\" sizes=\"(min-width: 0px) and (max-width: 480px) 480px, (min-width: 481px) 565px, 100vw\" class=\"dsm_card_img dsm_card_image_stretch\" \/><\/figure>\n\t\t\t<div class=\"et_pb_module dsm_card_wrapper et_pb_text_align_center\">\n\t\t\t\t\t\n\t\t\t\t\t<h4 class=\"dsm_card_title et_pb_module_header\">LASERSPY<\/h4>\n\t\t\t\t\t\n\t\t\t\t\t\n\t\t\t\t\t\n\t\t\t\t<\/div>\n\t\t\t\n\t\t\t\t<\/div>\n\t\t\t<\/div><div class=\"et_pb_module dsm_card dsm_card_4 et_clickable et_pb_bg_layout_light  dsm_card_layout_stacked\">\n\t\t\t\t\n\t\t\t\t\n\t\t\t\t\n\t\t\t\t\n\t\t\t\t\n\t\t\t\t\n\t\t\t\t<div class=\"et_pb_module_inner\">\n\t\t\t\t\t\n\t\t\t\n\t\t\t<figure class=\"dsm_card_image_wrapper dsm_card_badge_top_right\"><img decoding=\"async\" src=\"https:\/\/reisrobotics.com\/wp-content\/uploads\/2025\/04\/Fuge-und-Trenntechnologie.jpg\" alt=\"\" srcset=\"https:\/\/reisrobotics.com\/wp-content\/uploads\/2025\/04\/Fuge-und-Trenntechnologie.jpg 1194w, https:\/\/reisrobotics.com\/wp-content\/uploads\/2025\/04\/Fuge-und-Trenntechnologie-980x1384.jpg 980w, https:\/\/reisrobotics.com\/wp-content\/uploads\/2025\/04\/Fuge-und-Trenntechnologie-480x678.jpg 480w\" sizes=\"(min-width: 0px) and (max-width: 480px) 480px, (min-width: 481px) and (max-width: 980px) 980px, (min-width: 981px) 1194px, 100vw\" class=\"dsm_card_img dsm_card_image_stretch\" \/><\/figure>\n\t\t\t<div class=\"et_pb_module dsm_card_wrapper et_pb_text_align_center\">\n\t\t\t\t\t\n\t\t\t\t\t<h4 class=\"dsm_card_title et_pb_module_header\">F\u00fcge- und Trenntechnologien<\/h4>\n\t\t\t\t\t\n\t\t\t\t\t\n\t\t\t\t\t\n\t\t\t\t<\/div>\n\t\t\t\n\t\t\t\t<\/div>\n\t\t\t<\/div><div class=\"et_pb_module dsm_card dsm_card_5 et_clickable et_pb_bg_layout_light  dsm_card_layout_stacked\">\n\t\t\t\t\n\t\t\t\t\n\t\t\t\t\n\t\t\t\t\n\t\t\t\t\n\t\t\t\t\n\t\t\t\t<div class=\"et_pb_module_inner\">\n\t\t\t\t\t\n\t\t\t\n\t\t\t<figure class=\"dsm_card_image_wrapper dsm_card_badge_top_right\"><img decoding=\"async\" src=\"https:\/\/reisrobotics.com\/wp-content\/uploads\/2025\/06\/Reis_Cobot_d_web_2025_06-Titel.png\" alt=\"\" srcset=\"https:\/\/reisrobotics.com\/wp-content\/uploads\/2025\/06\/Reis_Cobot_d_web_2025_06-Titel.png 1190w, https:\/\/reisrobotics.com\/wp-content\/uploads\/2025\/06\/Reis_Cobot_d_web_2025_06-Titel-980x1386.png 980w, https:\/\/reisrobotics.com\/wp-content\/uploads\/2025\/06\/Reis_Cobot_d_web_2025_06-Titel-480x679.png 480w\" sizes=\"(min-width: 0px) and (max-width: 480px) 480px, (min-width: 481px) and (max-width: 980px) 980px, (min-width: 981px) 1190px, 100vw\" class=\"dsm_card_img dsm_card_image_stretch\" \/><\/figure>\n\t\t\t<div class=\"et_pb_module dsm_card_wrapper et_pb_text_align_center\">\n\t\t\t\t\t\n\t\t\t\t\t<h4 class=\"dsm_card_title et_pb_module_header\">Unsere Cobots<\/h4>\n\t\t\t\t\t\n\t\t\t\t\t\n\t\t\t\t\t\n\t\t\t\t<\/div>\n\t\t\t\n\t\t\t\t<\/div>\n\t\t\t<\/div><\/p>\n","protected":false},"author":1,"featured_media":746,"parent":12557,"menu_order":0,"comment_status":"closed","ping_status":"closed","template":"","meta":{"_acf_changed":false,"_et_pb_use_builder":"on","_et_pb_old_content":"","_et_gb_content_width":"","footnotes":""},"class_list":["post-12562","page","type-page","status-publish","has-post-thumbnail","hentry"],"acf":[],"yoast_head":"<!-- This site is optimized with the Yoast SEO plugin v27.2 - https:\/\/yoast.com\/product\/yoast-seo-wordpress\/ -->\n<title>Brosch\u00fcren - Reis Robotics<\/title>\n<meta name=\"description\" content=\"Entdecken Sie unsere aktuellen Brosch\u00fcren und laden Sie diese \u00fcber die untenstehenden Links herunter.\" \/>\n<meta name=\"robots\" content=\"index, follow, max-snippet:-1, max-image-preview:large, max-video-preview:-1\" \/>\n<link rel=\"canonical\" href=\"https:\/\/reisrobotics.com\/de\/downloads\/broschueren\/\" \/>\n<meta property=\"og:locale\" content=\"de_DE\" \/>\n<meta property=\"og:type\" content=\"article\" \/>\n<meta property=\"og:title\" content=\"Brosch\u00fcren - Reis Robotics\" \/>\n<meta property=\"og:description\" content=\"Entdecken Sie unsere aktuellen Brosch\u00fcren und laden Sie diese \u00fcber die untenstehenden Links herunter.\" \/>\n<meta property=\"og:url\" content=\"https:\/\/reisrobotics.com\/de\/downloads\/broschueren\/\" \/>\n<meta property=\"og:site_name\" content=\"Reis Robotics\" \/>\n<meta property=\"article:modified_time\" content=\"2026-03-23T11:47:31+00:00\" \/>\n<meta property=\"og:image\" content=\"https:\/\/reisrobotics.com\/wp-content\/uploads\/2024\/01\/illu-Neu-Ersatzteile-Teile.jpg\" \/>\n\t<meta property=\"og:image:width\" content=\"1181\" \/>\n\t<meta property=\"og:image:height\" content=\"787\" \/>\n\t<meta property=\"og:image:type\" content=\"image\/jpeg\" \/>\n<meta name=\"twitter:card\" content=\"summary_large_image\" \/>\n<meta name=\"twitter:label1\" content=\"Gesch\u00e4tzte Lesezeit\" \/>\n\t<meta name=\"twitter:data1\" content=\"2\u00a0Minuten\" \/>\n<script type=\"application\/ld+json\" class=\"yoast-schema-graph\">{\"@context\":\"https:\/\/schema.org\",\"@graph\":[{\"@type\":\"WebPage\",\"@id\":\"https:\/\/reisrobotics.com\/de\/downloads\/broschueren\/\",\"url\":\"https:\/\/reisrobotics.com\/de\/downloads\/broschueren\/\",\"name\":\"Brosch\u00fcren - Reis Robotics\",\"isPartOf\":{\"@id\":\"https:\/\/reisrobotics.com\/de\/#website\"},\"primaryImageOfPage\":{\"@id\":\"https:\/\/reisrobotics.com\/de\/downloads\/broschueren\/#primaryimage\"},\"image\":{\"@id\":\"https:\/\/reisrobotics.com\/de\/downloads\/broschueren\/#primaryimage\"},\"thumbnailUrl\":\"https:\/\/reisrobotics.com\/wp-content\/uploads\/2024\/01\/illu-Neu-Ersatzteile-Teile.jpg\",\"datePublished\":\"2024-01-31T16:06:03+00:00\",\"dateModified\":\"2026-03-23T11:47:31+00:00\",\"description\":\"Entdecken Sie unsere aktuellen Brosch\u00fcren und laden Sie diese \u00fcber die untenstehenden Links herunter.\",\"breadcrumb\":{\"@id\":\"https:\/\/reisrobotics.com\/de\/downloads\/broschueren\/#breadcrumb\"},\"inLanguage\":\"de\",\"potentialAction\":[{\"@type\":\"ReadAction\",\"target\":[\"https:\/\/reisrobotics.com\/de\/downloads\/broschueren\/\"]}]},{\"@type\":\"ImageObject\",\"inLanguage\":\"de\",\"@id\":\"https:\/\/reisrobotics.com\/de\/downloads\/broschueren\/#primaryimage\",\"url\":\"https:\/\/reisrobotics.com\/wp-content\/uploads\/2024\/01\/illu-Neu-Ersatzteile-Teile.jpg\",\"contentUrl\":\"https:\/\/reisrobotics.com\/wp-content\/uploads\/2024\/01\/illu-Neu-Ersatzteile-Teile.jpg\",\"width\":1181,\"height\":787,\"caption\":\"Industrial background from metal parts produced in metal industry factory\"},{\"@type\":\"BreadcrumbList\",\"@id\":\"https:\/\/reisrobotics.com\/de\/downloads\/broschueren\/#breadcrumb\",\"itemListElement\":[{\"@type\":\"ListItem\",\"position\":1,\"name\":\"Home\",\"item\":\"https:\/\/reisrobotics.com\/de\/\"},{\"@type\":\"ListItem\",\"position\":2,\"name\":\"Downloads\",\"item\":\"https:\/\/reisrobotics.com\/de\/downloads\/\"},{\"@type\":\"ListItem\",\"position\":3,\"name\":\"Brosch\u00fcren\"}]},{\"@type\":\"WebSite\",\"@id\":\"https:\/\/reisrobotics.com\/de\/#website\",\"url\":\"https:\/\/reisrobotics.com\/de\/\",\"name\":\"Reis Robotics\",\"description\":\"\",\"publisher\":{\"@id\":\"https:\/\/reisrobotics.com\/de\/#organization\"},\"potentialAction\":[{\"@type\":\"SearchAction\",\"target\":{\"@type\":\"EntryPoint\",\"urlTemplate\":\"https:\/\/reisrobotics.com\/de\/?s={search_term_string}\"},\"query-input\":{\"@type\":\"PropertyValueSpecification\",\"valueRequired\":true,\"valueName\":\"search_term_string\"}}],\"inLanguage\":\"de\"},{\"@type\":\"Organization\",\"@id\":\"https:\/\/reisrobotics.com\/de\/#organization\",\"name\":\"Reis Robotics\",\"url\":\"https:\/\/reisrobotics.com\/de\/\",\"logo\":{\"@type\":\"ImageObject\",\"inLanguage\":\"de\",\"@id\":\"https:\/\/reisrobotics.com\/de\/#\/schema\/logo\/image\/\",\"url\":\"https:\/\/reisrobotics.com\/wp-content\/uploads\/2023\/07\/REIS_LOGO-BLACK.svg\",\"contentUrl\":\"https:\/\/reisrobotics.com\/wp-content\/uploads\/2023\/07\/REIS_LOGO-BLACK.svg\",\"width\":1,\"height\":1,\"caption\":\"Reis Robotics\"},\"image\":{\"@id\":\"https:\/\/reisrobotics.com\/de\/#\/schema\/logo\/image\/\"}}]}<\/script>\n<!-- \/ Yoast SEO plugin. -->","yoast_head_json":{"title":"Brosch\u00fcren - Reis Robotics","description":"Entdecken Sie unsere aktuellen Brosch\u00fcren und laden Sie diese \u00fcber die untenstehenden Links herunter.","robots":{"index":"index","follow":"follow","max-snippet":"max-snippet:-1","max-image-preview":"max-image-preview:large","max-video-preview":"max-video-preview:-1"},"canonical":"https:\/\/reisrobotics.com\/de\/downloads\/broschueren\/","og_locale":"de_DE","og_type":"article","og_title":"Brosch\u00fcren - Reis Robotics","og_description":"Entdecken Sie unsere aktuellen Brosch\u00fcren und laden Sie diese \u00fcber die untenstehenden Links herunter.","og_url":"https:\/\/reisrobotics.com\/de\/downloads\/broschueren\/","og_site_name":"Reis Robotics","article_modified_time":"2026-03-23T11:47:31+00:00","og_image":[{"width":1181,"height":787,"url":"https:\/\/reisrobotics.com\/wp-content\/uploads\/2024\/01\/illu-Neu-Ersatzteile-Teile.jpg","type":"image\/jpeg"}],"twitter_card":"summary_large_image","twitter_misc":{"Gesch\u00e4tzte Lesezeit":"2\u00a0Minuten"},"schema":{"@context":"https:\/\/schema.org","@graph":[{"@type":"WebPage","@id":"https:\/\/reisrobotics.com\/de\/downloads\/broschueren\/","url":"https:\/\/reisrobotics.com\/de\/downloads\/broschueren\/","name":"Brosch\u00fcren - Reis Robotics","isPartOf":{"@id":"https:\/\/reisrobotics.com\/de\/#website"},"primaryImageOfPage":{"@id":"https:\/\/reisrobotics.com\/de\/downloads\/broschueren\/#primaryimage"},"image":{"@id":"https:\/\/reisrobotics.com\/de\/downloads\/broschueren\/#primaryimage"},"thumbnailUrl":"https:\/\/reisrobotics.com\/wp-content\/uploads\/2024\/01\/illu-Neu-Ersatzteile-Teile.jpg","datePublished":"2024-01-31T16:06:03+00:00","dateModified":"2026-03-23T11:47:31+00:00","description":"Entdecken Sie unsere aktuellen Brosch\u00fcren und laden Sie diese \u00fcber die untenstehenden Links herunter.","breadcrumb":{"@id":"https:\/\/reisrobotics.com\/de\/downloads\/broschueren\/#breadcrumb"},"inLanguage":"de","potentialAction":[{"@type":"ReadAction","target":["https:\/\/reisrobotics.com\/de\/downloads\/broschueren\/"]}]},{"@type":"ImageObject","inLanguage":"de","@id":"https:\/\/reisrobotics.com\/de\/downloads\/broschueren\/#primaryimage","url":"https:\/\/reisrobotics.com\/wp-content\/uploads\/2024\/01\/illu-Neu-Ersatzteile-Teile.jpg","contentUrl":"https:\/\/reisrobotics.com\/wp-content\/uploads\/2024\/01\/illu-Neu-Ersatzteile-Teile.jpg","width":1181,"height":787,"caption":"Industrial background from metal parts produced in metal industry factory"},{"@type":"BreadcrumbList","@id":"https:\/\/reisrobotics.com\/de\/downloads\/broschueren\/#breadcrumb","itemListElement":[{"@type":"ListItem","position":1,"name":"Home","item":"https:\/\/reisrobotics.com\/de\/"},{"@type":"ListItem","position":2,"name":"Downloads","item":"https:\/\/reisrobotics.com\/de\/downloads\/"},{"@type":"ListItem","position":3,"name":"Brosch\u00fcren"}]},{"@type":"WebSite","@id":"https:\/\/reisrobotics.com\/de\/#website","url":"https:\/\/reisrobotics.com\/de\/","name":"Reis Robotics","description":"","publisher":{"@id":"https:\/\/reisrobotics.com\/de\/#organization"},"potentialAction":[{"@type":"SearchAction","target":{"@type":"EntryPoint","urlTemplate":"https:\/\/reisrobotics.com\/de\/?s={search_term_string}"},"query-input":{"@type":"PropertyValueSpecification","valueRequired":true,"valueName":"search_term_string"}}],"inLanguage":"de"},{"@type":"Organization","@id":"https:\/\/reisrobotics.com\/de\/#organization","name":"Reis Robotics","url":"https:\/\/reisrobotics.com\/de\/","logo":{"@type":"ImageObject","inLanguage":"de","@id":"https:\/\/reisrobotics.com\/de\/#\/schema\/logo\/image\/","url":"https:\/\/reisrobotics.com\/wp-content\/uploads\/2023\/07\/REIS_LOGO-BLACK.svg","contentUrl":"https:\/\/reisrobotics.com\/wp-content\/uploads\/2023\/07\/REIS_LOGO-BLACK.svg","width":1,"height":1,"caption":"Reis Robotics"},"image":{"@id":"https:\/\/reisrobotics.com\/de\/#\/schema\/logo\/image\/"}}]}},"_links":{"self":[{"href":"https:\/\/reisrobotics.com\/de\/wp-json\/wp\/v2\/pages\/12562","targetHints":{"allow":["GET"]}}],"collection":[{"href":"https:\/\/reisrobotics.com\/de\/wp-json\/wp\/v2\/pages"}],"about":[{"href":"https:\/\/reisrobotics.com\/de\/wp-json\/wp\/v2\/types\/page"}],"author":[{"embeddable":true,"href":"https:\/\/reisrobotics.com\/de\/wp-json\/wp\/v2\/users\/1"}],"replies":[{"embeddable":true,"href":"https:\/\/reisrobotics.com\/de\/wp-json\/wp\/v2\/comments?post=12562"}],"version-history":[{"count":24,"href":"https:\/\/reisrobotics.com\/de\/wp-json\/wp\/v2\/pages\/12562\/revisions"}],"predecessor-version":[{"id":19900,"href":"https:\/\/reisrobotics.com\/de\/wp-json\/wp\/v2\/pages\/12562\/revisions\/19900"}],"up":[{"embeddable":true,"href":"https:\/\/reisrobotics.com\/de\/wp-json\/wp\/v2\/pages\/12557"}],"wp:featuredmedia":[{"embeddable":true,"href":"https:\/\/reisrobotics.com\/de\/wp-json\/wp\/v2\/media\/746"}],"wp:attachment":[{"href":"https:\/\/reisrobotics.com\/de\/wp-json\/wp\/v2\/media?parent=12562"}],"curies":[{"name":"wp","href":"https:\/\/api.w.org\/{rel}","templated":true}]}}