{"id":12557,"date":"2024-01-31T16:44:52","date_gmt":"2024-01-31T15:44:52","guid":{"rendered":"https:\/\/reisrobotics.com\/downloads\/"},"modified":"2026-03-23T12:45:07","modified_gmt":"2026-03-23T11:45:07","slug":"downloads","status":"publish","type":"page","link":"https:\/\/reisrobotics.com\/de\/downloads\/","title":{"rendered":"Downloads"},"content":{"rendered":"<p>[et_pb_section fb_built=&#8220;1&#8243; fullwidth=&#8220;on&#8220; module_class=&#8220;full-height-slider&#8220; _builder_version=&#8220;4.25.0&#8243; _module_preset=&#8220;default&#8220; min_height=&#8220;50vh&#8220; global_colors_info=&#8220;{}&#8220;][et_pb_fullwidth_slider _builder_version=&#8220;4.27.6&#8243; _module_preset=&#8220;default&#8220; header_font=&#8220;|800|||||||&#8220; header_font_size=&#8220;56px&#8220; header_letter_spacing=&#8220;-1px&#8220; body_font=&#8220;|600|||||||&#8220; body_font_size=&#8220;24px&#8220; custom_button=&#8220;on&#8220; button_font=&#8220;|800||on|||||&#8220; button_custom_margin=&#8220;60px||||false|false&#8220; min_height=&#8220;50vh&#8220; hover_enabled=&#8220;0&#8243; global_colors_info=&#8220;{}&#8220; sticky_enabled=&#8220;0&#8243;][et_pb_slide heading=&#8220;Downloads&#8220; button_link=&#8220;#about-us&#8220; _builder_version=&#8220;4.27.6&#8243; _module_preset=&#8220;default&#8220; header_level=&#8220;h1&#8243; background_color=&#8220;rgba(57,62,66,0.67)&#8220; background_enable_color=&#8220;on&#8220; background_image=&#8220;https:\/\/reisrobotics.com\/wp-content\/uploads\/2024\/02\/reis.jpg&#8220; background_enable_image=&#8220;on&#8220; background_blend=&#8220;overlay&#8220; custom_button=&#8220;on&#8220; button_bg_color=&#8220;#275DA6&#8243; button_border_width=&#8220;0px&#8220; width=&#8220;100%&#8220; max_width=&#8220;100%&#8220; hover_enabled=&#8220;0&#8243; global_colors_info=&#8220;{}&#8220; sticky_transition=&#8220;on&#8220; custom_padding=&#8220;|0px||0px|false|true&#8220; sticky_enabled=&#8220;0&#8243;][\/et_pb_slide][\/et_pb_fullwidth_slider][\/et_pb_section][et_pb_section fb_built=&#8220;1&#8243; admin_label=&#8220;Section&#8220; _builder_version=&#8220;4.27.6&#8243; _module_preset=&#8220;default&#8220; background_color=&#8220;#F5F4F4&#8243; global_colors_info=&#8220;{}&#8220;][et_pb_row _builder_version=&#8220;4.25.0&#8243; _module_preset=&#8220;default&#8220; global_colors_info=&#8220;{}&#8220;][et_pb_column type=&#8220;4_4&#8243; _builder_version=&#8220;4.18.0&#8243; _module_preset=&#8220;default&#8220; global_colors_info=&#8220;{}&#8220;][et_pb_text _builder_version=&#8220;4.27.6&#8243; _module_preset=&#8220;_initial&#8220; header_2_font=&#8220;|700|||||||&#8220; header_2_text_align=&#8220;center&#8220; header_2_font_size=&#8220;25px&#8220; text_orientation=&#8220;center&#8220; global_colors_info=&#8220;{}&#8220;]<\/p>\n<h2>Downloads &amp; Dokumente<\/h2>\n<p class=\"p1\">Hier finden Sie wichtige Unterlagen zu unseren Produkten, Systemen und Technologien zum direkten Download.<\/p>\n<p class=\"p1\"><span class=\"s1\">In diesem Bereich stellen wir Ihnen technische Datenbl\u00e4tter, Brosch\u00fcren, CAD-Daten sowie Zertifikate zur <\/span>Verf\u00fcgung, die Sie bei der Planung und Umsetzung Ihrer Automatisierungsl\u00f6sungen unterst\u00fctzen.<\/p>\n<p class=\"p1\"><strong>Sollten Sie weitere Informationen oder spezifische Dokumente ben\u00f6tigen, kontaktieren Sie uns gerne direkt<\/strong> \u2013 unser Team hilft Ihnen jederzeit weiter.<\/p>\n<p>[\/et_pb_text][\/et_pb_column][\/et_pb_row][\/et_pb_section][et_pb_section fb_built=&#8220;1&#8243; module_id=&#8220;applications&#8220; _builder_version=&#8220;4.27.6&#8243; _module_preset=&#8220;default&#8220; background_color=&#8220;#FFFFFF&#8220; global_colors_info=&#8220;{}&#8220;][et_pb_row column_structure=&#8220;1_4,1_4,1_4,1_4&#8243; use_custom_gutter=&#8220;on&#8220; gutter_width=&#8220;2&#8243; module_class=&#8220;card-row&#8220; _builder_version=&#8220;4.27.6&#8243; _module_preset=&#8220;default&#8220; custom_padding=&#8220;0px||30px||false|false&#8220; global_colors_info=&#8220;{}&#8220;][et_pb_column type=&#8220;1_4&#8243; _builder_version=&#8220;4.18.0&#8243; _module_preset=&#8220;default&#8220; global_colors_info=&#8220;{}&#8220;][dsm_card title=&#8220;DATENBL\u00c4TTER&#8220; image_as_background=&#8220;off&#8220; content_padding=&#8220;100px|20px|100px|20px|true|false&#8220; button_url_new_window=&#8220;1&#8243; _builder_version=&#8220;4.27.6&#8243; _dynamic_attributes=&#8220;link_option_url&#8220; _module_preset=&#8220;default&#8220; header_font=&#8220;|800|||||||&#8220; header_text_align=&#8220;center&#8220; header_text_color=&#8220;#FFFFFF&#8220; header_font_size=&#8220;22px&#8220; background_color=&#8220;rgba(57,62,66,0.32)&#8220; background_image=&#8220;https:\/\/reisrobotics.com\/wp-content\/uploads\/2026\/03\/Downloads_Datenblatter_DEU-1024&#215;683.png&#8220; background_blend=&#8220;multiply&#8220; custom_button=&#8220;on&#8220; button_text_color=&#8220;#275DA6&#8243; button_bg_color=&#8220;#FFFFFF&#8220; button_border_width=&#8220;0px&#8220; button_border_radius=&#8220;9px&#8220; button_font=&#8220;|700|||||||&#8220; button_alignment=&#8220;center&#8220; link_option_url=&#8220;@ET-DC@eyJkeW5hbWljIjp0cnVlLCJjb250ZW50IjoicG9zdF9saW5rX3VybF9wYWdlIiwic2V0dGluZ3MiOnsicG9zdF9pZCI6IjE1Nzk5In19@&#8220; hover_enabled=&#8220;0&#8243; header_text_shadow_style=&#8220;preset1&#8243; border_radii=&#8220;on|7px|7px|7px|7px&#8220; box_shadow_style=&#8220;preset3&#8243; global_colors_info=&#8220;{}&#8220; background__hover_enabled=&#8220;on|desktop&#8220; background_color__hover=&#8220;&#8220; background_enable_color__hover=&#8220;off&#8220; button_bg_color__hover_enabled=&#8220;on|hover&#8220; button_bg_color__hover=&#8220;#275DA6&#8243; button_bg_enable_color__hover=&#8220;on&#8220; button_text_color__hover_enabled=&#8220;on|hover&#8220; button_text_color__hover=&#8220;#FFFFFF&#8220; transform_styles__hover_enabled=&#8220;on|desktop&#8220; transform_scale__hover_enabled=&#8220;on|desktop&#8220; transform_translate__hover_enabled=&#8220;on|desktop&#8220; transform_rotate__hover_enabled=&#8220;on|desktop&#8220; transform_skew__hover_enabled=&#8220;on|desktop&#8220; transform_origin__hover_enabled=&#8220;on|desktop&#8220; transform_scale__hover=&#8220;105%|105%&#8220; title_text=&#8220;Downloads_Datenbl\u00e4tter_DEU&#8220; sticky_enabled=&#8220;0&#8243;][\/dsm_card][\/et_pb_column][et_pb_column type=&#8220;1_4&#8243; _builder_version=&#8220;4.18.0&#8243; _module_preset=&#8220;default&#8220; global_colors_info=&#8220;{}&#8220;][dsm_card title=&#8220;BROSCH\u00dcREN&#8220; image_as_background=&#8220;off&#8220; content_padding=&#8220;100px|20px|100px|20px|true|false&#8220; button_url_new_window=&#8220;1&#8243; _builder_version=&#8220;4.27.6&#8243; _dynamic_attributes=&#8220;link_option_url&#8220; _module_preset=&#8220;default&#8220; header_font=&#8220;|800|||||||&#8220; header_text_align=&#8220;center&#8220; header_text_color=&#8220;#FFFFFF&#8220; header_font_size=&#8220;22px&#8220; background_color=&#8220;rgba(57,62,66,0.31)&#8220; background_image=&#8220;https:\/\/reisrobotics.com\/wp-content\/uploads\/2026\/03\/Downloads_Broschure_DEU-1024&#215;683.png&#8220; background_blend=&#8220;multiply&#8220; custom_button=&#8220;on&#8220; button_text_color=&#8220;#275DA6&#8243; button_bg_color=&#8220;#FFFFFF&#8220; button_border_width=&#8220;0px&#8220; button_border_radius=&#8220;9px&#8220; button_font=&#8220;|700|||||||&#8220; button_alignment=&#8220;center&#8220; link_option_url=&#8220;@ET-DC@eyJkeW5hbWljIjp0cnVlLCJjb250ZW50IjoicG9zdF9saW5rX3VybF9wYWdlIiwic2V0dGluZ3MiOnsicG9zdF9pZCI6IjEyNTY3In19@&#8220; hover_enabled=&#8220;0&#8243; header_text_shadow_style=&#8220;preset1&#8243; border_radii=&#8220;on|7px|7px|7px|7px&#8220; box_shadow_style=&#8220;preset3&#8243; global_colors_info=&#8220;{}&#8220; background__hover_enabled=&#8220;on|desktop&#8220; background_color__hover=&#8220;&#8220; background_enable_color__hover=&#8220;off&#8220; button_bg_color__hover_enabled=&#8220;on|hover&#8220; button_bg_color__hover=&#8220;#275DA6&#8243; button_bg_enable_color__hover=&#8220;on&#8220; button_text_color__hover_enabled=&#8220;on|hover&#8220; button_text_color__hover=&#8220;#FFFFFF&#8220; transform_styles__hover_enabled=&#8220;on|desktop&#8220; transform_scale__hover_enabled=&#8220;on|desktop&#8220; transform_translate__hover_enabled=&#8220;on|desktop&#8220; transform_rotate__hover_enabled=&#8220;on|desktop&#8220; transform_skew__hover_enabled=&#8220;on|desktop&#8220; transform_origin__hover_enabled=&#8220;on|desktop&#8220; transform_scale__hover=&#8220;105%|105%&#8220; title_text=&#8220;Downloads_Brosch\u00fcre_DEU&#8220; sticky_enabled=&#8220;0&#8243;][\/dsm_card][\/et_pb_column][et_pb_column type=&#8220;1_4&#8243; _builder_version=&#8220;4.18.0&#8243; _module_preset=&#8220;default&#8220; global_colors_info=&#8220;{}&#8220;][dsm_card title=&#8220;CAD&#8220; image_as_background=&#8220;off&#8220; content_padding=&#8220;100px|20px|100px|20px|true|false&#8220; button_url_new_window=&#8220;1&#8243; _builder_version=&#8220;4.27.6&#8243; _dynamic_attributes=&#8220;link_option_url&#8220; _module_preset=&#8220;default&#8220; header_font=&#8220;|800|||||||&#8220; header_text_align=&#8220;center&#8220; header_text_color=&#8220;#FFFFFF&#8220; header_font_size=&#8220;22px&#8220; background_color=&#8220;rgba(57,62,66,0.21)&#8220; background_image=&#8220;https:\/\/reisrobotics.com\/wp-content\/uploads\/2026\/03\/Downloads_CAD-1024&#215;683.png&#8220; background_blend=&#8220;multiply&#8220; custom_button=&#8220;on&#8220; button_text_color=&#8220;#275DA6&#8243; button_bg_color=&#8220;#FFFFFF&#8220; button_border_width=&#8220;0px&#8220; button_border_radius=&#8220;9px&#8220; button_font=&#8220;|700|||||||&#8220; button_alignment=&#8220;center&#8220; link_option_url=&#8220;@ET-DC@eyJkeW5hbWljIjp0cnVlLCJjb250ZW50IjoicG9zdF9saW5rX3VybF9wYWdlIiwic2V0dGluZ3MiOnsicG9zdF9pZCI6IjE1OTYxIn19@&#8220; hover_enabled=&#8220;0&#8243; header_text_shadow_style=&#8220;preset1&#8243; border_radii=&#8220;on|7px|7px|7px|7px&#8220; box_shadow_style=&#8220;preset3&#8243; global_colors_info=&#8220;{}&#8220; background__hover_enabled=&#8220;on|desktop&#8220; background_color__hover=&#8220;&#8220; background_enable_color__hover=&#8220;off&#8220; button_bg_color__hover_enabled=&#8220;on|hover&#8220; button_bg_color__hover=&#8220;#275DA6&#8243; button_bg_enable_color__hover=&#8220;on&#8220; button_text_color__hover_enabled=&#8220;on|hover&#8220; button_text_color__hover=&#8220;#FFFFFF&#8220; transform_styles__hover_enabled=&#8220;on|desktop&#8220; transform_scale__hover_enabled=&#8220;on|desktop&#8220; transform_translate__hover_enabled=&#8220;on|desktop&#8220; transform_rotate__hover_enabled=&#8220;on|desktop&#8220; transform_skew__hover_enabled=&#8220;on|desktop&#8220; transform_origin__hover_enabled=&#8220;on|desktop&#8220; transform_scale__hover=&#8220;105%|105%&#8220; title_text=&#8220;Downloads_CAD&#8220; sticky_enabled=&#8220;0&#8243;][\/dsm_card][\/et_pb_column][et_pb_column type=&#8220;1_4&#8243; _builder_version=&#8220;4.18.0&#8243; _module_preset=&#8220;default&#8220; global_colors_info=&#8220;{}&#8220;][dsm_card title=&#8220;ZERTIFIKATE&#8220; image_as_background=&#8220;off&#8220; content_padding=&#8220;100px|20px|100px|20px|true|false&#8220; button_url_new_window=&#8220;1&#8243; _builder_version=&#8220;4.27.6&#8243; _dynamic_attributes=&#8220;link_option_url&#8220; _module_preset=&#8220;default&#8220; header_font=&#8220;|800|||||||&#8220; header_text_align=&#8220;center&#8220; header_text_color=&#8220;#FFFFFF&#8220; header_font_size=&#8220;22px&#8220; background_color=&#8220;rgba(57,62,66,0.21)&#8220; background_image=&#8220;https:\/\/reisrobotics.com\/wp-content\/uploads\/2026\/03\/Downloads_Zertifikate-1024&#215;683.png&#8220; background_blend=&#8220;multiply&#8220; custom_button=&#8220;on&#8220; button_text_color=&#8220;#275DA6&#8243; button_bg_color=&#8220;#FFFFFF&#8220; button_border_width=&#8220;0px&#8220; button_border_radius=&#8220;9px&#8220; button_font=&#8220;|700|||||||&#8220; button_alignment=&#8220;center&#8220; link_option_url=&#8220;@ET-DC@eyJkeW5hbWljIjp0cnVlLCJjb250ZW50IjoicG9zdF9saW5rX3VybF9wYWdlIiwic2V0dGluZ3MiOnsicG9zdF9pZCI6IjEyNDYwIn19@&#8220; hover_enabled=&#8220;0&#8243; header_text_shadow_style=&#8220;preset1&#8243; border_radii=&#8220;on|7px|7px|7px|7px&#8220; box_shadow_style=&#8220;preset3&#8243; global_colors_info=&#8220;{}&#8220; background__hover_enabled=&#8220;on|desktop&#8220; background_color__hover=&#8220;&#8220; background_enable_color__hover=&#8220;off&#8220; button_bg_color__hover_enabled=&#8220;on|hover&#8220; button_bg_color__hover=&#8220;#275DA6&#8243; button_bg_enable_color__hover=&#8220;on&#8220; button_text_color__hover_enabled=&#8220;on|hover&#8220; button_text_color__hover=&#8220;#FFFFFF&#8220; transform_styles__hover_enabled=&#8220;on|desktop&#8220; transform_scale__hover_enabled=&#8220;on|desktop&#8220; transform_translate__hover_enabled=&#8220;on|desktop&#8220; transform_rotate__hover_enabled=&#8220;on|desktop&#8220; transform_skew__hover_enabled=&#8220;on|desktop&#8220; transform_origin__hover_enabled=&#8220;on|desktop&#8220; transform_scale__hover=&#8220;105%|105%&#8220; title_text=&#8220;Downloads_Zertifikate&#8220; sticky_enabled=&#8220;0&#8243;][\/dsm_card][\/et_pb_column][\/et_pb_row][\/et_pb_section]<\/p>\n","protected":false},"excerpt":{"rendered":"<p>Downloads &amp; Dokumente Hier finden Sie wichtige Unterlagen zu unseren Produkten, Systemen und Technologien zum direkten Download. In diesem Bereich stellen wir Ihnen technische Datenbl\u00e4tter, Brosch\u00fcren, CAD-Daten sowie Zertifikate zur Verf\u00fcgung, die Sie bei der Planung und Umsetzung Ihrer Automatisierungsl\u00f6sungen unterst\u00fctzen. Sollten Sie weitere Informationen oder spezifische Dokumente ben\u00f6tigen, kontaktieren Sie uns gerne direkt \u2013 unser Team hilft Ihnen jederzeit weiter.<div class=\"et_pb_module dsm_card dsm_card_0 et_pb_section_video_on_hover et_pb_section_parallax_hover et_pb_bg_layout_light  dsm_card_layout_stacked\">\n\t\t\t\t\n\t\t\t\t\n\t\t\t\t\n\t\t\t\t\n\t\t\t\t\n\t\t\t\t\n\t\t\t\t<div class=\"et_pb_module_inner\">\n\t\t\t\t\t\n\t\t\t\n\t\t\t\n\t\t\t<div class=\"et_pb_module dsm_card_wrapper et_pb_text_align_left\">\n\t\t\t\t\t\n\t\t\t\t\t<h4 class=\"dsm_card_title et_pb_module_header\">DATENBL\u00c4TTER<\/h4>\n\t\t\t\t\t\n\t\t\t\t\t\n\t\t\t\t\t\n\t\t\t\t<\/div>\n\t\t\t\n\t\t\t\t<\/div>\n\t\t\t<\/div><div class=\"et_pb_module dsm_card dsm_card_1 et_pb_section_video_on_hover et_pb_section_parallax_hover et_pb_bg_layout_light  dsm_card_layout_stacked\">\n\t\t\t\t\n\t\t\t\t\n\t\t\t\t\n\t\t\t\t\n\t\t\t\t\n\t\t\t\t\n\t\t\t\t<div class=\"et_pb_module_inner\">\n\t\t\t\t\t\n\t\t\t\n\t\t\t\n\t\t\t<div class=\"et_pb_module dsm_card_wrapper et_pb_text_align_left\">\n\t\t\t\t\t\n\t\t\t\t\t<h4 class=\"dsm_card_title et_pb_module_header\">BROSCH\u00dcREN<\/h4>\n\t\t\t\t\t\n\t\t\t\t\t\n\t\t\t\t\t\n\t\t\t\t<\/div>\n\t\t\t\n\t\t\t\t<\/div>\n\t\t\t<\/div><div class=\"et_pb_module dsm_card dsm_card_2 et_pb_section_video_on_hover et_pb_section_parallax_hover et_pb_bg_layout_light  dsm_card_layout_stacked\">\n\t\t\t\t\n\t\t\t\t\n\t\t\t\t\n\t\t\t\t\n\t\t\t\t\n\t\t\t\t\n\t\t\t\t<div class=\"et_pb_module_inner\">\n\t\t\t\t\t\n\t\t\t\n\t\t\t\n\t\t\t<div class=\"et_pb_module dsm_card_wrapper et_pb_text_align_left\">\n\t\t\t\t\t\n\t\t\t\t\t<h4 class=\"dsm_card_title et_pb_module_header\">CAD<\/h4>\n\t\t\t\t\t\n\t\t\t\t\t\n\t\t\t\t\t\n\t\t\t\t<\/div>\n\t\t\t\n\t\t\t\t<\/div>\n\t\t\t<\/div><div class=\"et_pb_module dsm_card dsm_card_3 et_pb_bg_layout_light  dsm_card_layout_stacked\">\n\t\t\t\t\n\t\t\t\t\n\t\t\t\t\n\t\t\t\t\n\t\t\t\t\n\t\t\t\t\n\t\t\t\t<div class=\"et_pb_module_inner\">\n\t\t\t\t\t\n\t\t\t\n\t\t\t\n\t\t\t<div class=\"et_pb_module dsm_card_wrapper et_pb_text_align_left\">\n\t\t\t\t\t\n\t\t\t\t\t<h4 class=\"dsm_card_title et_pb_module_header\">&#8220;ZERTIFIKATE&#8220;<\/h4>\n\t\t\t\t\t\n\t\t\t\t\t\n\t\t\t\t\t\n\t\t\t\t<\/div>\n\t\t\t\n\t\t\t\t<\/div>\n\t\t\t<\/div><\/p>\n","protected":false},"author":1,"featured_media":12630,"parent":0,"menu_order":0,"comment_status":"closed","ping_status":"closed","template":"","meta":{"_acf_changed":false,"_et_pb_use_builder":"on","_et_pb_old_content":"","_et_gb_content_width":"","footnotes":""},"class_list":["post-12557","page","type-page","status-publish","has-post-thumbnail","hentry"],"acf":[],"yoast_head":"<!-- This site is optimized with the Yoast SEO plugin v27.2 - https:\/\/yoast.com\/product\/yoast-seo-wordpress\/ -->\n<title>Downloads - Reis Robotics<\/title>\n<meta name=\"robots\" content=\"index, follow, max-snippet:-1, max-image-preview:large, max-video-preview:-1\" \/>\n<link rel=\"canonical\" href=\"https:\/\/reisrobotics.com\/de\/downloads\/\" \/>\n<meta property=\"og:locale\" content=\"de_DE\" \/>\n<meta property=\"og:type\" content=\"article\" \/>\n<meta property=\"og:title\" content=\"Downloads - Reis Robotics\" \/>\n<meta property=\"og:description\" content=\"Downloads &amp; Dokumente Hier finden Sie wichtige Unterlagen zu unseren Produkten, Systemen und Technologien zum direkten Download. In diesem Bereich stellen wir Ihnen technische Datenbl\u00e4tter, Brosch\u00fcren, CAD-Daten sowie Zertifikate zur Verf\u00fcgung, die Sie bei der Planung und Umsetzung Ihrer Automatisierungsl\u00f6sungen unterst\u00fctzen. Sollten Sie weitere Informationen oder spezifische Dokumente ben\u00f6tigen, kontaktieren Sie uns gerne direkt \u2013 unser Team hilft Ihnen jederzeit weiter.\" \/>\n<meta property=\"og:url\" content=\"https:\/\/reisrobotics.com\/de\/downloads\/\" \/>\n<meta property=\"og:site_name\" content=\"Reis Robotics\" \/>\n<meta property=\"article:modified_time\" content=\"2026-03-23T11:45:07+00:00\" \/>\n<meta property=\"og:image\" content=\"https:\/\/reisrobotics.com\/wp-content\/uploads\/2024\/02\/reis.jpg\" \/>\n\t<meta property=\"og:image:width\" content=\"1600\" \/>\n\t<meta property=\"og:image:height\" content=\"1067\" \/>\n\t<meta property=\"og:image:type\" content=\"image\/jpeg\" \/>\n<meta name=\"twitter:card\" content=\"summary_large_image\" \/>\n<meta name=\"twitter:label1\" content=\"Gesch\u00e4tzte Lesezeit\" \/>\n\t<meta name=\"twitter:data1\" content=\"1\u00a0Minute\" \/>\n<script type=\"application\/ld+json\" class=\"yoast-schema-graph\">{\"@context\":\"https:\/\/schema.org\",\"@graph\":[{\"@type\":\"WebPage\",\"@id\":\"https:\/\/reisrobotics.com\/de\/downloads\/\",\"url\":\"https:\/\/reisrobotics.com\/de\/downloads\/\",\"name\":\"Downloads - Reis Robotics\",\"isPartOf\":{\"@id\":\"https:\/\/reisrobotics.com\/de\/#website\"},\"primaryImageOfPage\":{\"@id\":\"https:\/\/reisrobotics.com\/de\/downloads\/#primaryimage\"},\"image\":{\"@id\":\"https:\/\/reisrobotics.com\/de\/downloads\/#primaryimage\"},\"thumbnailUrl\":\"https:\/\/reisrobotics.com\/wp-content\/uploads\/2024\/02\/reis.jpg\",\"datePublished\":\"2024-01-31T15:44:52+00:00\",\"dateModified\":\"2026-03-23T11:45:07+00:00\",\"breadcrumb\":{\"@id\":\"https:\/\/reisrobotics.com\/de\/downloads\/#breadcrumb\"},\"inLanguage\":\"de\",\"potentialAction\":[{\"@type\":\"ReadAction\",\"target\":[\"https:\/\/reisrobotics.com\/de\/downloads\/\"]}]},{\"@type\":\"ImageObject\",\"inLanguage\":\"de\",\"@id\":\"https:\/\/reisrobotics.com\/de\/downloads\/#primaryimage\",\"url\":\"https:\/\/reisrobotics.com\/wp-content\/uploads\/2024\/02\/reis.jpg\",\"contentUrl\":\"https:\/\/reisrobotics.com\/wp-content\/uploads\/2024\/02\/reis.jpg\",\"width\":1600,\"height\":1067},{\"@type\":\"BreadcrumbList\",\"@id\":\"https:\/\/reisrobotics.com\/de\/downloads\/#breadcrumb\",\"itemListElement\":[{\"@type\":\"ListItem\",\"position\":1,\"name\":\"Home\",\"item\":\"https:\/\/reisrobotics.com\/de\/\"},{\"@type\":\"ListItem\",\"position\":2,\"name\":\"Downloads\"}]},{\"@type\":\"WebSite\",\"@id\":\"https:\/\/reisrobotics.com\/de\/#website\",\"url\":\"https:\/\/reisrobotics.com\/de\/\",\"name\":\"Reis Robotics\",\"description\":\"\",\"publisher\":{\"@id\":\"https:\/\/reisrobotics.com\/de\/#organization\"},\"potentialAction\":[{\"@type\":\"SearchAction\",\"target\":{\"@type\":\"EntryPoint\",\"urlTemplate\":\"https:\/\/reisrobotics.com\/de\/?s={search_term_string}\"},\"query-input\":{\"@type\":\"PropertyValueSpecification\",\"valueRequired\":true,\"valueName\":\"search_term_string\"}}],\"inLanguage\":\"de\"},{\"@type\":\"Organization\",\"@id\":\"https:\/\/reisrobotics.com\/de\/#organization\",\"name\":\"Reis Robotics\",\"url\":\"https:\/\/reisrobotics.com\/de\/\",\"logo\":{\"@type\":\"ImageObject\",\"inLanguage\":\"de\",\"@id\":\"https:\/\/reisrobotics.com\/de\/#\/schema\/logo\/image\/\",\"url\":\"https:\/\/reisrobotics.com\/wp-content\/uploads\/2023\/07\/REIS_LOGO-BLACK.svg\",\"contentUrl\":\"https:\/\/reisrobotics.com\/wp-content\/uploads\/2023\/07\/REIS_LOGO-BLACK.svg\",\"width\":1,\"height\":1,\"caption\":\"Reis Robotics\"},\"image\":{\"@id\":\"https:\/\/reisrobotics.com\/de\/#\/schema\/logo\/image\/\"}}]}<\/script>\n<!-- \/ Yoast SEO plugin. -->","yoast_head_json":{"title":"Downloads - Reis Robotics","robots":{"index":"index","follow":"follow","max-snippet":"max-snippet:-1","max-image-preview":"max-image-preview:large","max-video-preview":"max-video-preview:-1"},"canonical":"https:\/\/reisrobotics.com\/de\/downloads\/","og_locale":"de_DE","og_type":"article","og_title":"Downloads - Reis Robotics","og_description":"Downloads &amp; Dokumente Hier finden Sie wichtige Unterlagen zu unseren Produkten, Systemen und Technologien zum direkten Download. In diesem Bereich stellen wir Ihnen technische Datenbl\u00e4tter, Brosch\u00fcren, CAD-Daten sowie Zertifikate zur Verf\u00fcgung, die Sie bei der Planung und Umsetzung Ihrer Automatisierungsl\u00f6sungen unterst\u00fctzen. Sollten Sie weitere Informationen oder spezifische Dokumente ben\u00f6tigen, kontaktieren Sie uns gerne direkt \u2013 unser Team hilft Ihnen jederzeit weiter.","og_url":"https:\/\/reisrobotics.com\/de\/downloads\/","og_site_name":"Reis Robotics","article_modified_time":"2026-03-23T11:45:07+00:00","og_image":[{"width":1600,"height":1067,"url":"https:\/\/reisrobotics.com\/wp-content\/uploads\/2024\/02\/reis.jpg","type":"image\/jpeg"}],"twitter_card":"summary_large_image","twitter_misc":{"Gesch\u00e4tzte Lesezeit":"1\u00a0Minute"},"schema":{"@context":"https:\/\/schema.org","@graph":[{"@type":"WebPage","@id":"https:\/\/reisrobotics.com\/de\/downloads\/","url":"https:\/\/reisrobotics.com\/de\/downloads\/","name":"Downloads - Reis Robotics","isPartOf":{"@id":"https:\/\/reisrobotics.com\/de\/#website"},"primaryImageOfPage":{"@id":"https:\/\/reisrobotics.com\/de\/downloads\/#primaryimage"},"image":{"@id":"https:\/\/reisrobotics.com\/de\/downloads\/#primaryimage"},"thumbnailUrl":"https:\/\/reisrobotics.com\/wp-content\/uploads\/2024\/02\/reis.jpg","datePublished":"2024-01-31T15:44:52+00:00","dateModified":"2026-03-23T11:45:07+00:00","breadcrumb":{"@id":"https:\/\/reisrobotics.com\/de\/downloads\/#breadcrumb"},"inLanguage":"de","potentialAction":[{"@type":"ReadAction","target":["https:\/\/reisrobotics.com\/de\/downloads\/"]}]},{"@type":"ImageObject","inLanguage":"de","@id":"https:\/\/reisrobotics.com\/de\/downloads\/#primaryimage","url":"https:\/\/reisrobotics.com\/wp-content\/uploads\/2024\/02\/reis.jpg","contentUrl":"https:\/\/reisrobotics.com\/wp-content\/uploads\/2024\/02\/reis.jpg","width":1600,"height":1067},{"@type":"BreadcrumbList","@id":"https:\/\/reisrobotics.com\/de\/downloads\/#breadcrumb","itemListElement":[{"@type":"ListItem","position":1,"name":"Home","item":"https:\/\/reisrobotics.com\/de\/"},{"@type":"ListItem","position":2,"name":"Downloads"}]},{"@type":"WebSite","@id":"https:\/\/reisrobotics.com\/de\/#website","url":"https:\/\/reisrobotics.com\/de\/","name":"Reis Robotics","description":"","publisher":{"@id":"https:\/\/reisrobotics.com\/de\/#organization"},"potentialAction":[{"@type":"SearchAction","target":{"@type":"EntryPoint","urlTemplate":"https:\/\/reisrobotics.com\/de\/?s={search_term_string}"},"query-input":{"@type":"PropertyValueSpecification","valueRequired":true,"valueName":"search_term_string"}}],"inLanguage":"de"},{"@type":"Organization","@id":"https:\/\/reisrobotics.com\/de\/#organization","name":"Reis Robotics","url":"https:\/\/reisrobotics.com\/de\/","logo":{"@type":"ImageObject","inLanguage":"de","@id":"https:\/\/reisrobotics.com\/de\/#\/schema\/logo\/image\/","url":"https:\/\/reisrobotics.com\/wp-content\/uploads\/2023\/07\/REIS_LOGO-BLACK.svg","contentUrl":"https:\/\/reisrobotics.com\/wp-content\/uploads\/2023\/07\/REIS_LOGO-BLACK.svg","width":1,"height":1,"caption":"Reis Robotics"},"image":{"@id":"https:\/\/reisrobotics.com\/de\/#\/schema\/logo\/image\/"}}]}},"_links":{"self":[{"href":"https:\/\/reisrobotics.com\/de\/wp-json\/wp\/v2\/pages\/12557","targetHints":{"allow":["GET"]}}],"collection":[{"href":"https:\/\/reisrobotics.com\/de\/wp-json\/wp\/v2\/pages"}],"about":[{"href":"https:\/\/reisrobotics.com\/de\/wp-json\/wp\/v2\/types\/page"}],"author":[{"embeddable":true,"href":"https:\/\/reisrobotics.com\/de\/wp-json\/wp\/v2\/users\/1"}],"replies":[{"embeddable":true,"href":"https:\/\/reisrobotics.com\/de\/wp-json\/wp\/v2\/comments?post=12557"}],"version-history":[{"count":17,"href":"https:\/\/reisrobotics.com\/de\/wp-json\/wp\/v2\/pages\/12557\/revisions"}],"predecessor-version":[{"id":19897,"href":"https:\/\/reisrobotics.com\/de\/wp-json\/wp\/v2\/pages\/12557\/revisions\/19897"}],"wp:featuredmedia":[{"embeddable":true,"href":"https:\/\/reisrobotics.com\/de\/wp-json\/wp\/v2\/media\/12630"}],"wp:attachment":[{"href":"https:\/\/reisrobotics.com\/de\/wp-json\/wp\/v2\/media?parent=12557"}],"curies":[{"name":"wp","href":"https:\/\/api.w.org\/{rel}","templated":true}]}}